{"id":10018,"date":"2024-09-23T16:41:19","date_gmt":"2024-09-23T16:41:19","guid":{"rendered":"https:\/\/2cookinn.com\/?post_type=product&#038;p=10018"},"modified":"2024-11-03T16:19:08","modified_gmt":"2024-11-03T16:19:08","slug":"tigela-de-servir-porto","status":"publish","type":"product","link":"https:\/\/2cookinn.com\/pt\/product\/serving-bowl-porto\/","title":{"rendered":"Ta\u00e7a de servir grande - Porto"},"content":{"rendered":"<div data-elementor-type=\"wp-post\" data-elementor-id=\"10018\" class=\"elementor elementor-10018\">\n\t\t\t\t<div class=\"elementor-element elementor-element-2bc266ab e-flex e-con-boxed e-con e-parent\" data-id=\"2bc266ab\" data-element_type=\"container\" data-e-type=\"container\">\n\t\t\t\t\t<div class=\"e-con-inner\">\n\t\t\t\t<div class=\"elementor-element elementor-element-7a323c77 elementor-widget elementor-widget-text-editor\" data-id=\"7a323c77\" data-element_type=\"widget\" data-e-type=\"widget\" data-widget_type=\"text-editor.default\">\n\t\t\t\t<div class=\"elementor-widget-container\">\n\t\t\t\t\t\t\t\t\t<p><\/p>\n<p><strong>Tigela de Servir em Melamina Touch-Me-L \u2013 Porto<\/strong><\/p>\n<h3><span style=\"color: #7cd4d1;\"><strong>Caracter\u00edsticas principais<\/strong><\/span><\/h3>\n<p>\u00a0<strong>Eleg\u00e2ncia e durabilidade combinadas: <\/strong>Travessa grande redonda em melamina TouchMeL oferece a fus\u00e3o perfeita entre eleg\u00e2ncia e durabilidade, dando um toque de sofistica\u00e7\u00e3o a todas as refei\u00e7\u00f5es.<\/p>\n<p><strong>Constru\u00e7\u00e3o em melamina de alta qualidade: <\/strong>Fabricada em melamina de primeira qualidade, esta tigela de servir confere uma sofistica\u00e7\u00e3o intemporal a qualquer ambiente de mesa, garantindo uma durabilidade duradoura.<\/p>\n<p><strong>Elegante e robusto: <\/strong>Apesar do seu aspeto elegante, esta ta\u00e7a de servir foi concebida para suportar os rigores da utiliza\u00e7\u00e3o di\u00e1ria sem comprometer o seu encanto, oferecendo simultaneamente estilo e resist\u00eancia.<\/p>\n<p><strong>Pr\u00e1tico e seguro para a m\u00e1quina de lavar lou\u00e7a: <\/strong>Desfrute de uma limpeza sem complica\u00e7\u00f5es com esta tigela de servir que pode ser lavada na m\u00e1quina de lavar lou\u00e7a, garantindo uma limpeza r\u00e1pida e sem esfor\u00e7o ap\u00f3s cada utiliza\u00e7\u00e3o, poupando-lhe tempo e esfor\u00e7o.<\/p>\n<p><strong>Vers\u00e1til para qualquer ocasi\u00e3o: <\/strong>Quer se trate de um jantar acolhedor com a fam\u00edlia ou de uma festa elegante com amigos, esta tigela de servir grande d\u00e1 um toque de charme a todas as refei\u00e7\u00f5es, tornando-a perfeita para uma grande variedade de ocasi\u00f5es.<\/p>\n<h3><span style=\"color: #7cd4d1;\"><strong>Ideal para<\/strong><\/span><\/h3>\n<p><strong>Entretenimento em casa:<\/strong> Ideal para acolher reuni\u00f5es e jantares, esta ta\u00e7a de servir grande melhora a apresenta\u00e7\u00e3o das suas cria\u00e7\u00f5es culin\u00e1rias, ao mesmo tempo que oferece uma funcionalidade pr\u00e1tica.<\/p>\n<p><strong> Utiliza\u00e7\u00e3o quotidiana:<\/strong> Perfeita para as refei\u00e7\u00f5es di\u00e1rias com a fam\u00edlia e os amigos, esta tigela de servir resistente garante um servi\u00e7o e uma limpeza sem complica\u00e7\u00f5es, tornando-a uma escolha conveniente para as refei\u00e7\u00f5es di\u00e1rias.<\/p>\n<p><strong>Ocasi\u00f5es especiais:<\/strong> Eleve a experi\u00eancia gastron\u00f3mica em casamentos, celebra\u00e7\u00f5es e outros eventos especiais com esta elegante e vers\u00e1til ta\u00e7a de servir, acrescentando um toque de sofistica\u00e7\u00e3o a todas as ocasi\u00f5es.<\/p>\n<h3><span style=\"color: #7cd4d1;\"><strong>Caracter\u00edsticas t\u00e9cnicas<\/strong><\/span><\/h3>\n<ul>\n<li>100% melamina<\/li>\n<li>Contacto Food Safe<\/li>\n<li>Higiene m\u00e1xima<\/li>\n<li>F\u00e1cil de usar e de limpar<\/li>\n<li>Resist\u00eancia ao impacto elevada<\/li>\n<li>Resist\u00eancia ao choque t\u00e9rmico<\/li>\n<li>Livre de BPA<\/li>\n<li>N\u00e3o usar no micro-ondas<\/li>\n<li>N\u00e3o utilizar no forno<\/li>\n<li>Sugerimos n\u00e3o usar l\u00e2minas serrilhadas.<\/li>\n<li>Seguro para m\u00e1quina de lavar loi\u00e7a, preferencialmente na prateleira superior da m\u00e1quina.<\/li>\n<li>N\u00e3o utilize esfreg\u00f5es de metal ou esfreg\u00f5es abrasivos na lavagem manual<\/li>\n<li>N\u00e3o use escovas de lavar loi\u00e7a industriais<\/li>\n<\/ul>\n<p>\u00a0<\/p>\n<p><\/p>\t\t\t\t\t\t\t\t<\/div>\n\t\t\t\t<\/div>\n\t\t\t\t\t<\/div>\n\t\t\t\t<\/div>\n\t\t\t\t<\/div>","protected":false},"excerpt":{"rendered":"<p>Experimente a uni\u00e3o perfeita entre eleg\u00e2ncia e durabilidade com a Ta\u00e7a de Servir Grande em Melamina TouchMeL.<\/p>\n<p>Fabricada em melamina de alta qualidade, esta ta\u00e7a tem um aspeto sofisticado de cer\u00e2mica, real\u00e7ado por um verniz transparente. Ideal tanto para ocasi\u00f5es casuais como formais, combina estilo com praticidade.<\/p>\n<p>Concebida para resistir a um uso frequente e f\u00e1cil de limpar na m\u00e1quina de lavar loi\u00e7a, esta ta\u00e7a vers\u00e1til eleva qualquer mesa. Adicione um toque de requinte \u00e0 sua experi\u00eancia gastron\u00f3mica com esta pe\u00e7a de servir essencial.<\/p>\n<p><strong>Encomende agora para melhorar a sua cole\u00e7\u00e3o de utens\u00edlios de mesa!<\/strong><\/p>","protected":false},"featured_media":9898,"comment_status":"open","ping_status":"closed","template":"","meta":{"_themeisle_gutenberg_block_has_review":false},"product_brand":[],"product_cat":[119,116,124,60,117,118,121,61],"product_tag":[225,175],"class_list":{"0":"post-10018","1":"product","2":"type-product","3":"status-publish","4":"has-post-thumbnail","6":"product_cat-balconys","7":"product_cat-children","8":"product_cat-decoration","9":"product_cat-fun","10":"product_cat-garden","11":"product_cat-picnic","12":"product_cat-plates","13":"product_cat-serving","14":"product_tag-bowl","15":"product_tag-melanine","16":"product_shipping_class-ce-ate-05kg","18":"first","19":"instock","20":"shipping-taxable","21":"purchasable","22":"product-type-simple"},"_links":{"self":[{"href":"https:\/\/2cookinn.com\/pt\/wp-json\/wp\/v2\/product\/10018","targetHints":{"allow":["GET"]}}],"collection":[{"href":"https:\/\/2cookinn.com\/pt\/wp-json\/wp\/v2\/product"}],"about":[{"href":"https:\/\/2cookinn.com\/pt\/wp-json\/wp\/v2\/types\/product"}],"replies":[{"embeddable":true,"href":"https:\/\/2cookinn.com\/pt\/wp-json\/wp\/v2\/comments?post=10018"}],"version-history":[{"count":16,"href":"https:\/\/2cookinn.com\/pt\/wp-json\/wp\/v2\/product\/10018\/revisions"}],"predecessor-version":[{"id":11982,"href":"https:\/\/2cookinn.com\/pt\/wp-json\/wp\/v2\/product\/10018\/revisions\/11982"}],"wp:featuredmedia":[{"embeddable":true,"href":"https:\/\/2cookinn.com\/pt\/wp-json\/wp\/v2\/media\/9898"}],"wp:attachment":[{"href":"https:\/\/2cookinn.com\/pt\/wp-json\/wp\/v2\/media?parent=10018"}],"wp:term":[{"taxonomy":"product_brand","embeddable":true,"href":"https:\/\/2cookinn.com\/pt\/wp-json\/wp\/v2\/product_brand?post=10018"},{"taxonomy":"product_cat","embeddable":true,"href":"https:\/\/2cookinn.com\/pt\/wp-json\/wp\/v2\/product_cat?post=10018"},{"taxonomy":"product_tag","embeddable":true,"href":"https:\/\/2cookinn.com\/pt\/wp-json\/wp\/v2\/product_tag?post=10018"}],"curies":[{"name":"wp","href":"https:\/\/api.w.org\/{rel}","templated":true}]}}