{"id":10074,"date":"2024-09-24T13:10:08","date_gmt":"2024-09-24T13:10:08","guid":{"rendered":"https:\/\/2cookinn.com\/?post_type=product&#038;p=10074"},"modified":"2024-10-11T12:14:29","modified_gmt":"2024-10-11T12:14:29","slug":"taca-grande-de-servir-porto-copia","status":"publish","type":"product","link":"https:\/\/2cookinn.com\/pt\/product\/large-serving-bowl-porto-copy\/","title":{"rendered":"Ta\u00e7a de servir grande - York Floreale"},"content":{"rendered":"<div data-elementor-type=\"wp-post\" data-elementor-id=\"10074\" class=\"elementor elementor-10074\">\n\t\t\t\t<div class=\"elementor-element elementor-element-2bc266ab e-flex e-con-boxed e-con e-parent\" data-id=\"2bc266ab\" data-element_type=\"container\" data-e-type=\"container\">\n\t\t\t\t\t<div class=\"e-con-inner\">\n\t\t\t\t<div class=\"elementor-element elementor-element-7a323c77 elementor-widget elementor-widget-text-editor\" data-id=\"7a323c77\" data-element_type=\"widget\" data-e-type=\"widget\" data-widget_type=\"text-editor.default\">\n\t\t\t\t<div class=\"elementor-widget-container\">\n\t\t\t\t\t\t\t\t\t<p><\/p>\n<p><strong>Tigela de Servi\u00e7o em Melamina Touch-MeL - York Floreale<\/strong><\/p>\n<h3><span style=\"color: #7cd4d1;\"><strong>Caracter\u00edsticas principais<\/strong><\/span><\/h3>\n<p>\u00a0<strong>Eleg\u00e2ncia e durabilidade combinadas: <\/strong>Travessa grande redonda em melamina TouchMeL oferece a fus\u00e3o perfeita entre eleg\u00e2ncia e durabilidade, dando um toque de sofistica\u00e7\u00e3o a todas as refei\u00e7\u00f5es.<\/p>\n<p><strong>Constru\u00e7\u00e3o em melamina de alta qualidade: <\/strong>Fabricada em melamina de primeira qualidade, esta tigela de servir confere uma sofistica\u00e7\u00e3o intemporal a qualquer ambiente de mesa, garantindo uma durabilidade duradoura.<\/p>\n<p><strong>Elegante e robusto: <\/strong>Apesar do seu aspeto elegante, esta ta\u00e7a de servir foi concebida para suportar os rigores da utiliza\u00e7\u00e3o di\u00e1ria sem comprometer o seu encanto, oferecendo simultaneamente estilo e resist\u00eancia.<\/p>\n<p><strong>Pr\u00e1tico e seguro para a m\u00e1quina de lavar lou\u00e7a: <\/strong>Desfrute de uma limpeza sem complica\u00e7\u00f5es com esta tigela de servir que pode ser lavada na m\u00e1quina de lavar lou\u00e7a, garantindo uma limpeza r\u00e1pida e sem esfor\u00e7o ap\u00f3s cada utiliza\u00e7\u00e3o, poupando-lhe tempo e esfor\u00e7o.<\/p>\n<p><strong>Vers\u00e1til para qualquer ocasi\u00e3o: <\/strong>Quer se trate de um jantar acolhedor com a fam\u00edlia ou de uma festa elegante com amigos, esta tigela de servir grande d\u00e1 um toque de charme a todas as refei\u00e7\u00f5es, tornando-a perfeita para uma grande variedade de ocasi\u00f5es.<\/p>\n<h3><span style=\"color: #7cd4d1;\"><strong>Ideal para<\/strong><\/span><\/h3>\n<p><strong>Entretenimento em casa:<\/strong> Ideal para acolher reuni\u00f5es e jantares, esta ta\u00e7a de servir grande melhora a apresenta\u00e7\u00e3o das suas cria\u00e7\u00f5es culin\u00e1rias, ao mesmo tempo que oferece uma funcionalidade pr\u00e1tica.<\/p>\n<p><strong> Utiliza\u00e7\u00e3o quotidiana:<\/strong> Perfeita para as refei\u00e7\u00f5es di\u00e1rias com a fam\u00edlia e os amigos, esta tigela de servir resistente garante um servi\u00e7o e uma limpeza sem complica\u00e7\u00f5es, tornando-a uma escolha conveniente para as refei\u00e7\u00f5es di\u00e1rias.<\/p>\n<p><strong>Ocasi\u00f5es especiais:<\/strong> Eleve a experi\u00eancia gastron\u00f3mica em casamentos, celebra\u00e7\u00f5es e outros eventos especiais com esta elegante e vers\u00e1til ta\u00e7a de servir, acrescentando um toque de sofistica\u00e7\u00e3o a todas as ocasi\u00f5es.<\/p>\n<h3><span style=\"color: #7cd4d1;\"><strong>Caracter\u00edsticas t\u00e9cnicas<\/strong><\/span><\/h3>\n<p><span style=\"font-weight: 400; font-size: 16px;\"><span style=\"font-weight: 400;\">\u2022 <\/span>100% melamina<\/span><\/p>\n<p><span style=\"font-weight: 400;\">\u2022 Contacto seguro para alimentos<\/span><\/p>\n<p><span style=\"font-weight: 400;\">- M\u00e1xima higiene<\/span><span style=\"font-weight: 400;\"><br \/><\/span><span style=\"font-weight: 400;\">\u2022 F\u00e1cil de utilizar e de limpar<\/span><span style=\"font-weight: 400;\"><br \/><\/span><span style=\"font-weight: 400;\">\u2022 Elevada resist\u00eancia ao impacto<\/span><span style=\"font-weight: 400;\"><br \/><\/span><span style=\"font-weight: 400;\">\u2022 Resist\u00eancia ao choque t\u00e9rmico<\/span><span style=\"font-weight: 400;\"><br \/><\/span><span style=\"font-weight: 400;\">\u2022 Sem BPA<\/span><span style=\"font-weight: 400;\"><br \/><\/span><span style=\"font-weight: 400;\">\u2022 N\u00e3o utilizar no micro-ondas<\/span><span style=\"font-weight: 400;\"><br \/><\/span><span style=\"font-weight: 400;\">\u2022 N\u00e3o deve ser utilizado no forno<\/span><span style=\"font-weight: 400;\"><br \/><\/span><span style=\"font-weight: 400;\">\u2022 Sugerimos que n\u00e3o sejam utilizadas l\u00e2minas serrilhadas<\/span><span style=\"font-weight: 400;\"><br \/><\/span><span style=\"font-weight: 400;\">\u2022 Pode ser lavado na m\u00e1quina de lavar lou\u00e7a, de prefer\u00eancia na prateleira superior da m\u00e1quina de lavar lou\u00e7a<\/span><span style=\"font-weight: 400;\"><br \/><\/span><span style=\"font-weight: 400;\">\u2022 N\u00e3o utilizar esfreg\u00f5es met\u00e1licos ou esponjas abrasivas para lavar as m\u00e3os<\/span><span style=\"font-weight: 400;\"><br \/><\/span><span style=\"font-weight: 400;\">\u2022 N\u00e3o utilizar escovas de lavar lou\u00e7a industriais<\/span><\/p>\n<p><strong>Eleve a sua cole\u00e7\u00e3o de utens\u00edlios de mesa com a ta\u00e7a de servir de melamina oval TouchMeL, onde o estilo se alia \u00e0 praticidade em cada dose. <\/strong><\/p>\n<p><strong>Compre agora e fa\u00e7a de cada refei\u00e7\u00e3o um momento memor\u00e1vel!<\/strong><\/p>\n<p><\/p>\t\t\t\t\t\t\t\t<\/div>\n\t\t\t\t<\/div>\n\t\t\t\t\t<\/div>\n\t\t\t\t<\/div>\n\t\t\t\t<\/div>","protected":false},"excerpt":{"rendered":"<p><strong>TouchMeL Tigela de Servir Grande em Melamina - York Floreale<\/strong><\/p>\n<p>Experimente a combina\u00e7\u00e3o perfeita de eleg\u00e2ncia e durabilidade com a tigela grande de melamina TouchMeL. Fabricada em melamina de alta qualidade, esta ta\u00e7a tem um aspeto sofisticado de cer\u00e2mica, real\u00e7ado por um verniz transparente. Ideal tanto para ocasi\u00f5es casuais como formais, combina estilo com sentido pr\u00e1tico. Concebida para suportar uma utiliza\u00e7\u00e3o frequente e f\u00e1cil de limpar na m\u00e1quina de lavar loi\u00e7a, esta vers\u00e1til tigela eleva qualquer ambiente de mesa. \nD\u00ea um toque de requinte \u00e0 sua experi\u00eancia gastron\u00f3mica com esta pe\u00e7a de servi\u00e7o essencial.<\/p>\n<p><strong>Encomende agora para melhorar a sua cole\u00e7\u00e3o de utens\u00edlios de mesa!<\/strong><\/p>","protected":false},"featured_media":9949,"comment_status":"open","ping_status":"closed","template":"","meta":{"_themeisle_gutenberg_block_has_review":false},"product_brand":[],"product_cat":[119,116,124,60,117,118,121,61],"product_tag":[225,175],"class_list":{"0":"post-10074","1":"product","2":"type-product","3":"status-publish","4":"has-post-thumbnail","6":"product_cat-balconys","7":"product_cat-children","8":"product_cat-decoration","9":"product_cat-fun","10":"product_cat-garden","11":"product_cat-picnic","12":"product_cat-plates","13":"product_cat-serving","14":"product_tag-bowl","15":"product_tag-melanine","16":"product_shipping_class-ce-ate-15kg","18":"first","19":"instock","20":"shipping-taxable","21":"purchasable","22":"product-type-simple"},"_links":{"self":[{"href":"https:\/\/2cookinn.com\/pt\/wp-json\/wp\/v2\/product\/10074","targetHints":{"allow":["GET"]}}],"collection":[{"href":"https:\/\/2cookinn.com\/pt\/wp-json\/wp\/v2\/product"}],"about":[{"href":"https:\/\/2cookinn.com\/pt\/wp-json\/wp\/v2\/types\/product"}],"replies":[{"embeddable":true,"href":"https:\/\/2cookinn.com\/pt\/wp-json\/wp\/v2\/comments?post=10074"}],"version-history":[{"count":7,"href":"https:\/\/2cookinn.com\/pt\/wp-json\/wp\/v2\/product\/10074\/revisions"}],"predecessor-version":[{"id":11179,"href":"https:\/\/2cookinn.com\/pt\/wp-json\/wp\/v2\/product\/10074\/revisions\/11179"}],"wp:featuredmedia":[{"embeddable":true,"href":"https:\/\/2cookinn.com\/pt\/wp-json\/wp\/v2\/media\/9949"}],"wp:attachment":[{"href":"https:\/\/2cookinn.com\/pt\/wp-json\/wp\/v2\/media?parent=10074"}],"wp:term":[{"taxonomy":"product_brand","embeddable":true,"href":"https:\/\/2cookinn.com\/pt\/wp-json\/wp\/v2\/product_brand?post=10074"},{"taxonomy":"product_cat","embeddable":true,"href":"https:\/\/2cookinn.com\/pt\/wp-json\/wp\/v2\/product_cat?post=10074"},{"taxonomy":"product_tag","embeddable":true,"href":"https:\/\/2cookinn.com\/pt\/wp-json\/wp\/v2\/product_tag?post=10074"}],"curies":[{"name":"wp","href":"https:\/\/api.w.org\/{rel}","templated":true}]}}