{"id":10125,"date":"2024-09-24T14:41:01","date_gmt":"2024-09-24T14:41:01","guid":{"rendered":"https:\/\/2cookinn.com\/?post_type=product&#038;p=10125"},"modified":"2024-10-15T21:28:13","modified_gmt":"2024-10-15T21:28:13","slug":"bandeja-de-aperitivos-york-branca","status":"publish","type":"product","link":"https:\/\/2cookinn.com\/pt\/product\/appetizer-tray-york-white\/","title":{"rendered":"Travessa para aperitivos - York White"},"content":{"rendered":"<div data-elementor-type=\"wp-post\" data-elementor-id=\"10125\" class=\"elementor elementor-10125\">\n\t\t\t\t<div class=\"elementor-element elementor-element-649554f5 e-flex e-con-boxed e-con e-parent\" data-id=\"649554f5\" data-element_type=\"container\" data-e-type=\"container\">\n\t\t\t\t\t<div class=\"e-con-inner\">\n\t\t\t\t<div class=\"elementor-element elementor-element-5cba8642 elementor-widget elementor-widget-text-editor\" data-id=\"5cba8642\" data-element_type=\"widget\" data-e-type=\"widget\" data-widget_type=\"text-editor.default\">\n\t\t\t\t<div class=\"elementor-widget-container\">\n\t\t\t\t\t\t\t\t\t<p><strong>Travessa para aperitivos - York White<\/strong><\/p><h3><span style=\"color: #7cd4d1;\"><strong>Caracter\u00edsticas principais<\/strong><\/span><\/h3><p><strong>Elegante e duradouro:<\/strong> acrescenta sofistica\u00e7\u00e3o a qualquer evento, desde encontros casuais a ocasi\u00f5es formais. Fabricado em melamina de alta qualidade, combina estilo com durabilidade duradoura.<\/p><p><strong>Utiliza\u00e7\u00e3o vers\u00e1til:<\/strong> Perfeito para o entretenimento no interior e no exterior, este tabuleiro proporciona uma plataforma robusta para uma variedade de aperitivos e snacks.<\/p><p><strong>F\u00e1cil de limpar:<\/strong> A limpeza \u00e9 f\u00e1cil - basta colocar o tabuleiro na m\u00e1quina de lavar loi\u00e7a.<\/p><h3><span style=\"color: #7cd4d1;\"><strong>Ideal para<\/strong><\/span><\/h3><p><strong>Alojamento:<\/strong> Impressione os convidados em jantares, cocktails e churrascos com este tabuleiro elegante e funcional.<\/p><p><strong>Entretenimento em casa:<\/strong> Melhore as reuni\u00f5es \u00edntimas e os jantares de fam\u00edlia com um toque especial.<\/p><p><strong>Eventos ao ar livre:<\/strong> Perfeito para piqueniques, churrascos no quintal e festas \u00e0 beira da piscina.<\/p><p><strong>Eventos de catering:<\/strong> Apresente aperitivos e pequenos petiscos de forma elegante em casamentos, eventos empresariais e ocasi\u00f5es especiais.<\/p><p><strong>Servi\u00e7o de restaurante:<\/strong> D\u00ea um toque de classe \u00e0s apresenta\u00e7\u00f5es de aperitivos em restaurantes e caf\u00e9s.<\/p><p><strong>Presentes:<\/strong> Uma prenda pr\u00e1tica e atenciosa para amigos e familiares que adoram receber convidados.<\/p><h3><span style=\"color: #7cd4d1;\"><strong>Caracter\u00edsticas t\u00e9cnicas<\/strong><\/span><\/h3><p>\u2022 100% melamina<br \/>\u2022 Contacto seguro para alimentos<br \/>- M\u00e1xima higiene<br \/>\u2022 F\u00e1cil de utilizar e de limpar<br \/>\u2022 Elevada resist\u00eancia ao impacto<br \/>\u2022 Resist\u00eancia ao choque t\u00e9rmico<br \/>\u2022 Sem BPA<br \/>\u2022 N\u00e3o utilizar no micro-ondas<br \/>\u2022 N\u00e3o deve ser utilizado no forno<br \/>\u2022 Sugerimos que n\u00e3o sejam utilizadas l\u00e2minas serrilhadas<br \/>\u2022 Pode ser lavado na m\u00e1quina de lavar lou\u00e7a, de prefer\u00eancia na prateleira superior da m\u00e1quina de lavar lou\u00e7a<br \/>\u2022 N\u00e3o utilizar esfreg\u00f5es met\u00e1licos ou esponjas abrasivas para lavar as m\u00e3os<br \/>\u2022 N\u00e3o utilizar escovas de lavar lou\u00e7a industriais<\/p>\t\t\t\t\t\t\t\t<\/div>\n\t\t\t\t<\/div>\n\t\t\t\t\t<\/div>\n\t\t\t\t<\/div>\n\t\t\t\t<\/div>","protected":false},"excerpt":{"rendered":"<p>Melhore a sua rece\u00e7\u00e3o com o tabuleiro para aperitivos em melamina Touch-MeL, onde a sofistica\u00e7\u00e3o se alia \u00e0 durabilidade. Concebido para imitar o aspeto elegante da cer\u00e2mica, este tabuleiro beneficia da leveza da melamina e da sua resist\u00eancia a impactos, manchas e riscos. O seu verniz transparente de alta qualidade d\u00e1-lhe um aspeto impressionante de cer\u00e2mica, tornando-o numa pe\u00e7a de destaque.<\/p>\n<p>Ideal para utiliza\u00e7\u00e3o no interior e no exterior, combina estilo com sentido pr\u00e1tico. F\u00e1cil de limpar e vai \u00e0 m\u00e1quina de lavar lou\u00e7a, \u00e9 perfeito para tornar a sua pr\u00f3xima reuni\u00e3o elegante e sem esfor\u00e7o.<\/p>\n<h5><strong>Encomende agora para um toque de sofistica\u00e7\u00e3o!<\/strong><\/h5>","protected":false},"featured_media":10127,"comment_status":"open","ping_status":"closed","template":"","meta":{"_themeisle_gutenberg_block_has_review":false},"product_brand":[],"product_cat":[119,116,124,60,117,118,61,123],"product_tag":[175],"class_list":{"0":"post-10125","1":"product","2":"type-product","3":"status-publish","4":"has-post-thumbnail","6":"product_cat-balconys","7":"product_cat-children","8":"product_cat-decoration","9":"product_cat-fun","10":"product_cat-garden","11":"product_cat-picnic","12":"product_cat-serving","13":"product_cat-trays","14":"product_tag-melanine","15":"product_shipping_class-ce-ate-1kg","17":"first","18":"instock","19":"shipping-taxable","20":"purchasable","21":"product-type-simple"},"_links":{"self":[{"href":"https:\/\/2cookinn.com\/pt\/wp-json\/wp\/v2\/product\/10125","targetHints":{"allow":["GET"]}}],"collection":[{"href":"https:\/\/2cookinn.com\/pt\/wp-json\/wp\/v2\/product"}],"about":[{"href":"https:\/\/2cookinn.com\/pt\/wp-json\/wp\/v2\/types\/product"}],"replies":[{"embeddable":true,"href":"https:\/\/2cookinn.com\/pt\/wp-json\/wp\/v2\/comments?post=10125"}],"version-history":[{"count":6,"href":"https:\/\/2cookinn.com\/pt\/wp-json\/wp\/v2\/product\/10125\/revisions"}],"predecessor-version":[{"id":11378,"href":"https:\/\/2cookinn.com\/pt\/wp-json\/wp\/v2\/product\/10125\/revisions\/11378"}],"wp:featuredmedia":[{"embeddable":true,"href":"https:\/\/2cookinn.com\/pt\/wp-json\/wp\/v2\/media\/10127"}],"wp:attachment":[{"href":"https:\/\/2cookinn.com\/pt\/wp-json\/wp\/v2\/media?parent=10125"}],"wp:term":[{"taxonomy":"product_brand","embeddable":true,"href":"https:\/\/2cookinn.com\/pt\/wp-json\/wp\/v2\/product_brand?post=10125"},{"taxonomy":"product_cat","embeddable":true,"href":"https:\/\/2cookinn.com\/pt\/wp-json\/wp\/v2\/product_cat?post=10125"},{"taxonomy":"product_tag","embeddable":true,"href":"https:\/\/2cookinn.com\/pt\/wp-json\/wp\/v2\/product_tag?post=10125"}],"curies":[{"name":"wp","href":"https:\/\/api.w.org\/{rel}","templated":true}]}}