{"id":11830,"date":"2024-11-01T12:31:09","date_gmt":"2024-11-01T12:31:09","guid":{"rendered":"https:\/\/2cookinn.com\/?post_type=product&#038;p=11830"},"modified":"2026-04-11T17:05:59","modified_gmt":"2026-04-11T17:05:59","slug":"dessert-salad-plate-3-pcs-corallo","status":"publish","type":"product","link":"https:\/\/2cookinn.com\/pt\/product\/dessert-salad-plate-3-pcs-corallo\/","title":{"rendered":"Prato de Sobremesa\/Salada 3 unid. \u2013 Corallo"},"content":{"rendered":"<div data-elementor-type=\"wp-post\" data-elementor-id=\"11830\" class=\"elementor elementor-11830\">\n\t\t\t\t<div class=\"elementor-element elementor-element-2f3ec376 e-flex e-con-boxed e-con e-parent\" data-id=\"2f3ec376\" data-element_type=\"container\" data-e-type=\"container\">\n\t\t\t\t\t<div class=\"e-con-inner\">\n\t\t\t\t<div class=\"elementor-element elementor-element-2e4dd932 elementor-widget elementor-widget-text-editor\" data-id=\"2e4dd932\" data-element_type=\"widget\" data-e-type=\"widget\" data-widget_type=\"text-editor.default\">\n\t\t\t\t<div class=\"elementor-widget-container\">\n\t\t\t\t\t\t\t\t\t<p><strong>Touch-MeL Dessert\/Salad Plate (Set of 3) &#8211; Corallo<\/strong><\/p><h3><span style=\"color: #7cd4d1;\"><strong>Caracter\u00edsticas principais<\/strong><\/span><\/h3><p><strong>Elegante e duradouro:<\/strong> Eleve a est\u00e9tica da sua mesa com a eleg\u00e2ncia intemporal do nosso prato de salada e prato de sobremesa em melamina, concebidos para resistir ao teste do tempo.<\/p><p><strong> Melamina de qualidade superior Material:<\/strong> Fabricado a partir de melamina de alta qualidade, este prato garante uma durabilidade duradoura, mantendo o seu aspeto requintado, refei\u00e7\u00e3o ap\u00f3s refei\u00e7\u00e3o.<\/p><p><strong>Utilidade vers\u00e1til:<\/strong> Desde saladas crocantes a sobremesas deliciosas, este prato serve como a tela perfeita para apresentar uma variedade de del\u00edcias culin\u00e1rias, melhorando o atrativo visual de cada prato.<\/p><p><strong> Concebido para uma utiliza\u00e7\u00e3o di\u00e1ria:<\/strong> Apesar do seu comportamento gracioso, este prato foi concebido para as refei\u00e7\u00f5es do dia a dia, oferecendo uma constru\u00e7\u00e3o robusta que pode suportar as exig\u00eancias de uma utiliza\u00e7\u00e3o regular.<\/p><p><strong>Limpeza sem esfor\u00e7o:<\/strong> Diga adeus \u00e0 tediosa lavagem \u00e0 m\u00e3o - o nosso prato de melamina para saladas e sobremesas pode ser lavado na m\u00e1quina de lavar lou\u00e7a, permitindo uma limpeza r\u00e1pida e sem complica\u00e7\u00f5es ap\u00f3s cada refei\u00e7\u00e3o.<\/p><p><strong>Experi\u00eancia gastron\u00f3mica sofisticada:<\/strong> Quer se trate de uma reuni\u00e3o informal ou de um jantar formal, este prato acrescenta um elemento de requinte a qualquer ocasi\u00e3o, tornando-o indispens\u00e1vel para os anfitri\u00f5es e anfitri\u00e3s mais exigentes.<\/p><p><strong>Design amigo da fam\u00edlia:<\/strong> Leve e resistente a estilha\u00e7os, este prato \u00e9 seguro e f\u00e1cil de manusear, o que o torna perfeito para crian\u00e7as e idosos.<\/p><h3><span style=\"color: #7cd4d1;\"><strong>Ideal para<\/strong><\/span><\/h3><p><strong> Entretenimento em casa:<\/strong> Perfeito para quem gosta de organizar reuni\u00f5es e quer impressionar os seus convidados com um servi\u00e7o de jantar elegante e pr\u00e1tico.<\/p><p><strong>Eventos de catering:<\/strong> Melhore a apresenta\u00e7\u00e3o de saladas e sobremesas em casamentos, eventos empresariais e outras ocasi\u00f5es especiais com estes elegantes pratos de melamina.<\/p><p><strong> Jantar ao ar livre:<\/strong> Quer esteja a organizar um piquenique ou um churrasco, estes pratos elevam a sua experi\u00eancia de refei\u00e7\u00f5es ao ar livre com o seu design sofisticado e durabilidade.<\/p><p><strong>Todas as idades:<\/strong> Concebido a pensar na seguran\u00e7a, este prato \u00e9 f\u00e1cil de manusear pelas crian\u00e7as e suave para os idosos, proporcionando uma experi\u00eancia gastron\u00f3mica sem preocupa\u00e7\u00f5es para toda a fam\u00edlia.<\/p><h3><span style=\"color: #7cd4d1;\"><strong>Caracter\u00edsticas t\u00e9cnicas<\/strong><\/span><\/h3><p>\u2022 100% melamina<br \/>\u2022 Contacto seguro para alimentos<br \/>- M\u00e1xima higiene<br \/>\u2022 F\u00e1cil de utilizar e de limpar<br \/>\u2022 Elevada resist\u00eancia ao impacto<br \/>\u2022 Resist\u00eancia ao choque t\u00e9rmico<br \/>\u2022 Sem BPA<br \/>\u2022 N\u00e3o utilizar no micro-ondas<br \/>\u2022 N\u00e3o deve ser utilizado no forno<br \/>\u2022 Sugerimos que n\u00e3o sejam utilizadas l\u00e2minas serrilhadas<br \/>\u2022 Pode ser lavado na m\u00e1quina de lavar lou\u00e7a, de prefer\u00eancia na prateleira superior da m\u00e1quina de lavar lou\u00e7a<br \/>\u2022 N\u00e3o utilizar esfreg\u00f5es met\u00e1licos ou esponjas abrasivas para lavar as m\u00e3os<br \/>\u2022 N\u00e3o utilizar escovas de lavar lou\u00e7a industriais<\/p>\t\t\t\t\t\t\t\t<\/div>\n\t\t\t\t<\/div>\n\t\t\t\t\t<\/div>\n\t\t\t\t<\/div>\n\t\t\t\t<\/div>","protected":false},"excerpt":{"rendered":"<p><span data-sheets-root=\"1\">Elevate your dining experience with the Touch-MeL Corallo Series Melamine Dessert\/Salad Plates. This set of 3 plates is crafted from durable melamine and features a unique satin, opaque &#8220;matt&#8221; finish, giving them a distinctive warmth and natural look. <\/span><\/p>\n<p><span data-sheets-root=\"1\">Perfeitos para servir sobremesas ou saladas, estes pratos adicionam um toque de eleg\u00e2ncia requintada a qualquer cen\u00e1rio de jardim ou exterior. Combinando funcionalidade moderna com um design sofisticado, s\u00e3o ideais para real\u00e7ar a sua cole\u00e7\u00e3o de loi\u00e7a. <\/span><\/p>\n<p><strong>Pe\u00e7a j\u00e1 para trazer um toque de charme natural \u00e0 sua sala de jantar!<\/strong><\/p>","protected":false},"featured_media":11831,"comment_status":"open","ping_status":"closed","template":"","meta":{"_themeisle_gutenberg_block_has_review":false},"product_brand":[],"product_cat":[119,116,124,117,118,121,61],"product_tag":[],"class_list":{"0":"post-11830","1":"product","2":"type-product","3":"status-publish","4":"has-post-thumbnail","6":"product_cat-balconys","7":"product_cat-children","8":"product_cat-decoration","9":"product_cat-garden","10":"product_cat-picnic","11":"product_cat-plates","12":"product_cat-serving","13":"product_shipping_class-ce-ate-1kg","15":"first","16":"instock","17":"shipping-taxable","18":"purchasable","19":"product-type-simple"},"_links":{"self":[{"href":"https:\/\/2cookinn.com\/pt\/wp-json\/wp\/v2\/product\/11830","targetHints":{"allow":["GET"]}}],"collection":[{"href":"https:\/\/2cookinn.com\/pt\/wp-json\/wp\/v2\/product"}],"about":[{"href":"https:\/\/2cookinn.com\/pt\/wp-json\/wp\/v2\/types\/product"}],"replies":[{"embeddable":true,"href":"https:\/\/2cookinn.com\/pt\/wp-json\/wp\/v2\/comments?post=11830"}],"version-history":[{"count":5,"href":"https:\/\/2cookinn.com\/pt\/wp-json\/wp\/v2\/product\/11830\/revisions"}],"predecessor-version":[{"id":11906,"href":"https:\/\/2cookinn.com\/pt\/wp-json\/wp\/v2\/product\/11830\/revisions\/11906"}],"wp:featuredmedia":[{"embeddable":true,"href":"https:\/\/2cookinn.com\/pt\/wp-json\/wp\/v2\/media\/11831"}],"wp:attachment":[{"href":"https:\/\/2cookinn.com\/pt\/wp-json\/wp\/v2\/media?parent=11830"}],"wp:term":[{"taxonomy":"product_brand","embeddable":true,"href":"https:\/\/2cookinn.com\/pt\/wp-json\/wp\/v2\/product_brand?post=11830"},{"taxonomy":"product_cat","embeddable":true,"href":"https:\/\/2cookinn.com\/pt\/wp-json\/wp\/v2\/product_cat?post=11830"},{"taxonomy":"product_tag","embeddable":true,"href":"https:\/\/2cookinn.com\/pt\/wp-json\/wp\/v2\/product_tag?post=11830"}],"curies":[{"name":"wp","href":"https:\/\/api.w.org\/{rel}","templated":true}]}}