{"id":11841,"date":"2024-11-01T12:55:33","date_gmt":"2024-11-01T12:55:33","guid":{"rendered":"https:\/\/2cookinn.com\/?post_type=product&#038;p=11841"},"modified":"2024-11-01T16:59:10","modified_gmt":"2024-11-01T16:59:10","slug":"conjunto-de-2-tacas-de-sopa-corallo","status":"publish","type":"product","link":"https:\/\/2cookinn.com\/pt\/product\/soup-bowl-2-pcs-set-corallo\/","title":{"rendered":"Conjunto de 2 Ta\u00e7as de Sopa \u2013 Corallo"},"content":{"rendered":"<div data-elementor-type=\"wp-post\" data-elementor-id=\"11841\" class=\"elementor elementor-11841\">\n\t\t\t\t<div class=\"elementor-element elementor-element-2dde05a0 e-flex e-con-boxed e-con e-parent\" data-id=\"2dde05a0\" data-element_type=\"container\" data-e-type=\"container\">\n\t\t\t\t\t<div class=\"e-con-inner\">\n\t\t\t\t<div class=\"elementor-element elementor-element-275fe226 elementor-widget elementor-widget-text-editor\" data-id=\"275fe226\" data-element_type=\"widget\" data-e-type=\"widget\" data-widget_type=\"text-editor.default\">\n\t\t\t\t<div class=\"elementor-widget-container\">\n\t\t\t\t\t\t\t\t\t<p><strong>Ta\u00e7a de Sab\u00e3o em Melamina Touch-MeL (Conjunto de 2) \u2013 Corallo<\/strong><\/p><h3><span style=\"color: #7cd4d1;\"><strong>Caracter\u00edsticas principais<\/strong><\/span><\/h3><p><strong>Design elegante e vers\u00e1til:<\/strong> Criada para melhorar a est\u00e9tica da sua mesa, a nossa tigela de sopa em melamina apresenta um design elegante adequado para qualquer ocasi\u00e3o.<\/p><p><strong>Melamina de qualidade superior Material: <\/strong>Constru\u00edda a partir de melamina de alta qualidade, esta ta\u00e7a foi concebida para suportar a utiliza\u00e7\u00e3o di\u00e1ria, preservando o seu aspeto polido.<\/p><p><strong> Durabilidade para uma utiliza\u00e7\u00e3o quotidiana:<\/strong> Com uma constru\u00e7\u00e3o robusta, esta ta\u00e7a foi concebida para suportar os rigores das refei\u00e7\u00f5es regulares, garantindo uma funcionalidade duradoura durante muitos anos.<\/p><p><strong> Limpeza sem esfor\u00e7o:<\/strong> Diga adeus \u00e0 tediosa lavagem \u00e0 m\u00e3o - a nossa tigela de sopa em melamina pode ser lavada na m\u00e1quina de lavar loi\u00e7a, permitindo uma limpeza r\u00e1pida e conveniente ap\u00f3s cada refei\u00e7\u00e3o.<\/p><p><strong>Utilidade multifuncional:<\/strong> Do pequeno-almo\u00e7o ao jantar, esta ta\u00e7a \u00e9 um companheiro vers\u00e1til para uma grande variedade de del\u00edcias culin\u00e1rias, tornando-se uma adi\u00e7\u00e3o indispens\u00e1vel ao seu arsenal de cozinha.<\/p><h3><span style=\"color: #7cd4d1;\"><strong>Ideal para<\/strong><\/span><\/h3><p><strong>Cozinheiros caseiros:<\/strong> Perfeita para fam\u00edlias e indiv\u00edduos que procuram uma solu\u00e7\u00e3o elegante e duradoura para desfrutar das refei\u00e7\u00f5es di\u00e1rias.<\/p><p><strong>Restaurantes e caf\u00e9s:<\/strong> Melhore a experi\u00eancia gastron\u00f3mica do seu estabelecimento com uma tigela elegante e pr\u00e1tica que pode acomodar v\u00e1rias ofertas de menu.<\/p><p><strong>Jantar ao ar livre:<\/strong> Quer esteja a fazer um piquenique no parque ou a acampar sob as estrelas, esta tigela garante refei\u00e7\u00f5es sem complica\u00e7\u00f5es sem comprometer o estilo ou a funcionalidade.<\/p><h3><span style=\"color: #7cd4d1;\"><strong>Caracter\u00edsticas t\u00e9cnicas<\/strong><\/span><\/h3><p>\u2022 100% melamina <br \/>\u2022 Contacto seguro para alimentos <br \/>- M\u00e1xima higiene <br \/>\u2022 F\u00e1cil de utilizar e de limpar <br \/>\u2022 Elevada resist\u00eancia ao impacto <br \/>\u2022 Resist\u00eancia ao choque t\u00e9rmico <br \/>\u2022 Sem BPA <br \/>\u2022 N\u00e3o utilizar no micro-ondas <br \/>\u2022 N\u00e3o deve ser utilizado no forno <br \/>\u2022 Sugerimos que n\u00e3o sejam utilizadas l\u00e2minas serrilhadas <br \/>\u2022 Pode ser lavado na m\u00e1quina de lavar lou\u00e7a, de prefer\u00eancia na prateleira superior da m\u00e1quina de lavar lou\u00e7a <br \/>\u2022 N\u00e3o utilizar esfreg\u00f5es met\u00e1licos ou esponjas abrasivas para lavar as m\u00e3os <br \/>\u2022 N\u00e3o utilizar escovas industriais para a lavagem da loi\u00e7a.\u201d<\/p>\t\t\t\t\t\t\t\t<\/div>\n\t\t\t\t<\/div>\n\t\t\t\t\t<\/div>\n\t\t\t\t<\/div>\n\t\t\t\t<\/div>","protected":false},"excerpt":{"rendered":"<p><span data-sheets-root=\"1\">Transforme a sua experi\u00eancia \u00e0 mesa com os Pratos de Sopa em Melamina da S\u00e9rie Corallo Touch-MeL. Este conjunto de 2 pe\u00e7as apresenta um distinto acabamento \u201cmate\u201d acetinado e opaco, adicionando um calor \u00fanico e eleg\u00e2ncia natural \u00e0 sua mesa. <\/span><\/p>\n<p><span data-sheets-root=\"1\">Feitas de melamina dur\u00e1vel, estas ta\u00e7as de sopa s\u00e3o perfeitas para desfrutar de sopas, ensopados ou pratos substanciais. O seu design sofisticado combina funcionalidade moderna com um visual refinado e natural, ideal para refei\u00e7\u00f5es no jardim ou ao ar livre. Eleve as suas refei\u00e7\u00f5es com estas ta\u00e7as elegantes e pr\u00e1ticas. <\/span><\/p>\n<p><strong>Pe\u00e7a j\u00e1 para adicionar um toque de encanto \u00e0 sua cole\u00e7\u00e3o de loi\u00e7a!<\/strong><\/p>","protected":false},"featured_media":11842,"comment_status":"open","ping_status":"closed","template":"","meta":{"_themeisle_gutenberg_block_has_review":false},"product_brand":[],"product_cat":[119,122,116,124,60,117,118,61],"product_tag":[225,175],"class_list":{"0":"post-11841","1":"product","2":"type-product","3":"status-publish","4":"has-post-thumbnail","6":"product_cat-balconys","7":"product_cat-bowls","8":"product_cat-children","9":"product_cat-decoration","10":"product_cat-fun","11":"product_cat-garden","12":"product_cat-picnic","13":"product_cat-serving","14":"product_tag-bowl","15":"product_tag-melanine","16":"product_shipping_class-ce-ate-05kg","18":"first","19":"instock","20":"shipping-taxable","21":"purchasable","22":"product-type-simple"},"_links":{"self":[{"href":"https:\/\/2cookinn.com\/pt\/wp-json\/wp\/v2\/product\/11841","targetHints":{"allow":["GET"]}}],"collection":[{"href":"https:\/\/2cookinn.com\/pt\/wp-json\/wp\/v2\/product"}],"about":[{"href":"https:\/\/2cookinn.com\/pt\/wp-json\/wp\/v2\/types\/product"}],"replies":[{"embeddable":true,"href":"https:\/\/2cookinn.com\/pt\/wp-json\/wp\/v2\/comments?post=11841"}],"version-history":[{"count":5,"href":"https:\/\/2cookinn.com\/pt\/wp-json\/wp\/v2\/product\/11841\/revisions"}],"predecessor-version":[{"id":11908,"href":"https:\/\/2cookinn.com\/pt\/wp-json\/wp\/v2\/product\/11841\/revisions\/11908"}],"wp:featuredmedia":[{"embeddable":true,"href":"https:\/\/2cookinn.com\/pt\/wp-json\/wp\/v2\/media\/11842"}],"wp:attachment":[{"href":"https:\/\/2cookinn.com\/pt\/wp-json\/wp\/v2\/media?parent=11841"}],"wp:term":[{"taxonomy":"product_brand","embeddable":true,"href":"https:\/\/2cookinn.com\/pt\/wp-json\/wp\/v2\/product_brand?post=11841"},{"taxonomy":"product_cat","embeddable":true,"href":"https:\/\/2cookinn.com\/pt\/wp-json\/wp\/v2\/product_cat?post=11841"},{"taxonomy":"product_tag","embeddable":true,"href":"https:\/\/2cookinn.com\/pt\/wp-json\/wp\/v2\/product_tag?post=11841"}],"curies":[{"name":"wp","href":"https:\/\/api.w.org\/{rel}","templated":true}]}}