{"id":11938,"date":"2024-11-01T18:29:53","date_gmt":"2024-11-01T18:29:53","guid":{"rendered":"https:\/\/2cookinn.com\/?post_type=product&#038;p=11938"},"modified":"2024-11-01T18:31:35","modified_gmt":"2024-11-01T18:31:35","slug":"conjunto-de-2-tacas-medias-corallo","status":"publish","type":"product","link":"https:\/\/2cookinn.com\/pt\/product\/medium-bowl-2-pcs-set-corallo\/","title":{"rendered":"Conjunto de 2 pe\u00e7as de ta\u00e7a m\u00e9dia - Corallo"},"content":{"rendered":"<div data-elementor-type=\"wp-post\" data-elementor-id=\"11938\" class=\"elementor elementor-11938\">\n\t\t\t\t<div class=\"elementor-element elementor-element-649554f5 e-flex e-con-boxed e-con e-parent\" data-id=\"649554f5\" data-element_type=\"container\" data-e-type=\"container\">\n\t\t\t\t\t<div class=\"e-con-inner\">\n\t\t\t\t<div class=\"elementor-element elementor-element-5cba8642 elementor-widget elementor-widget-text-editor\" data-id=\"5cba8642\" data-element_type=\"widget\" data-e-type=\"widget\" data-widget_type=\"text-editor.default\">\n\t\t\t\t<div class=\"elementor-widget-container\">\n\t\t\t\t\t\t\t\t\t<p><b> Conjunto de 2 pe\u00e7as de ta\u00e7a m\u00e9dia - Corallo<\/b><\/p><h3><span style=\"color: #7cd4d1;\"><strong>Caracter\u00edsticas principais<\/strong><\/span><\/h3><ul><li><strong>Acabamento Mate Elegante<\/strong>: Apresenta um acabamento acetinado \u00fanico, opaco e \u201cmate\u201d, que confere eleg\u00e2ncia natural e calor \u00e0 sua mesa.<\/li><li><strong>Constru\u00e7\u00e3o em Melamina Premium<\/strong>Fabricado em melamina dur\u00e1vel e resistente a lascas, garantindo longevidade e qualidade.<\/li><li><strong>Tamanho Perfeito<\/strong>: Tamanho m\u00e9dio, ideal para servir saladas, acompanhamentos ou petiscos com facilidade.<\/li><li><strong>Utiliza\u00e7\u00e3o vers\u00e1til:<\/strong>Projetado para refei\u00e7\u00f5es tanto no jardim como no interior, oferecendo funcionalidade com estilo.<\/li><li><strong>Lav\u00e1vel na m\u00e1quina de lavar lou\u00e7a<\/strong>F\u00e1cil de limpar, tornando-o pr\u00e1tico para o uso di\u00e1rio.<\/li><\/ul><h3><span style=\"color: #7cd4d1;\"><strong>Ideal para<\/strong><\/span><\/h3><ul><li>Servir saladas, acompanhamentos e petiscos<\/li><li>Dar um toque mais encantador aos jardins e conv\u00edvios ao ar livre com charme natural<\/li><li>Servi\u00e7os de mesa casuais e formais<\/li><li>Cole\u00e7\u00f5es de lou\u00e7a resistentes e elegantes<\/li><li>Qualquer pessoa \u00e0 procura de solu\u00e7\u00f5es de servi\u00e7o chiques e funcionais que se adequem a eventos interiores e exteriores<\/li><\/ul>\t\t\t\t\t\t\t\t<\/div>\n\t\t\t\t<\/div>\n\t\t\t\t\t<\/div>\n\t\t\t\t<\/div>\n\t\t\t\t<\/div>","protected":false},"excerpt":{"rendered":"<p>Eleve as suas refei\u00e7\u00f5es com as Ta\u00e7as M\u00e9dias em Melamina da S\u00e9rie Corallo Touch-MeL. Este conjunto de 2 pe\u00e7as apresenta um acabamento acetinado e opaco \u00fanico \u201cmate\u201d, conferindo calor e eleg\u00e2ncia natural.<\/p>\n<p>Fabricadas em melamina dur\u00e1vel, estas ta\u00e7as de tamanho m\u00e9dio s\u00e3o perfeitas para saladas, acompanhamentos ou petiscos. O seu design sofisticado mistura funcionalidade moderna com um aspeto refinado e terroso \u2013 ideal para uso no jardim e em ambientes interiores. Valorize a sua mesa com estas ta\u00e7as elegantes e pr\u00e1ticas.<\/p>\n<p><strong>Pe\u00e7a j\u00e1 para trazer um toque de charme natural a todas as refei\u00e7\u00f5es!<\/strong><\/p>","protected":false},"featured_media":11939,"comment_status":"open","ping_status":"closed","template":"","meta":{"_themeisle_gutenberg_block_has_review":false},"product_brand":[],"product_cat":[119,116,124,60,117,118,61,123],"product_tag":[175],"class_list":{"0":"post-11938","1":"product","2":"type-product","3":"status-publish","4":"has-post-thumbnail","6":"product_cat-balconys","7":"product_cat-children","8":"product_cat-decoration","9":"product_cat-fun","10":"product_cat-garden","11":"product_cat-picnic","12":"product_cat-serving","13":"product_cat-trays","14":"product_tag-melanine","15":"product_shipping_class-ce-ate-1kg","17":"first","18":"instock","19":"shipping-taxable","20":"purchasable","21":"product-type-simple"},"_links":{"self":[{"href":"https:\/\/2cookinn.com\/pt\/wp-json\/wp\/v2\/product\/11938","targetHints":{"allow":["GET"]}}],"collection":[{"href":"https:\/\/2cookinn.com\/pt\/wp-json\/wp\/v2\/product"}],"about":[{"href":"https:\/\/2cookinn.com\/pt\/wp-json\/wp\/v2\/types\/product"}],"replies":[{"embeddable":true,"href":"https:\/\/2cookinn.com\/pt\/wp-json\/wp\/v2\/comments?post=11938"}],"version-history":[{"count":5,"href":"https:\/\/2cookinn.com\/pt\/wp-json\/wp\/v2\/product\/11938\/revisions"}],"predecessor-version":[{"id":11944,"href":"https:\/\/2cookinn.com\/pt\/wp-json\/wp\/v2\/product\/11938\/revisions\/11944"}],"wp:featuredmedia":[{"embeddable":true,"href":"https:\/\/2cookinn.com\/pt\/wp-json\/wp\/v2\/media\/11939"}],"wp:attachment":[{"href":"https:\/\/2cookinn.com\/pt\/wp-json\/wp\/v2\/media?parent=11938"}],"wp:term":[{"taxonomy":"product_brand","embeddable":true,"href":"https:\/\/2cookinn.com\/pt\/wp-json\/wp\/v2\/product_brand?post=11938"},{"taxonomy":"product_cat","embeddable":true,"href":"https:\/\/2cookinn.com\/pt\/wp-json\/wp\/v2\/product_cat?post=11938"},{"taxonomy":"product_tag","embeddable":true,"href":"https:\/\/2cookinn.com\/pt\/wp-json\/wp\/v2\/product_tag?post=11938"}],"curies":[{"name":"wp","href":"https:\/\/api.w.org\/{rel}","templated":true}]}}