{"id":12018,"date":"2024-11-04T15:45:28","date_gmt":"2024-11-04T15:45:28","guid":{"rendered":"https:\/\/2cookinn.com\/?post_type=product&#038;p=12018"},"modified":"2024-11-04T15:47:19","modified_gmt":"2024-11-04T15:47:19","slug":"taca-de-servir-oval-rena-turquesa","status":"publish","type":"product","link":"https:\/\/2cookinn.com\/pt\/product\/oval-serve-bowl-rena-turchese\/","title":{"rendered":"Tigela para Servir Oval \u2013 Rena Turquesa"},"content":{"rendered":"<div data-elementor-type=\"wp-post\" data-elementor-id=\"12018\" class=\"elementor elementor-12018\">\n\t\t\t\t<div class=\"elementor-element elementor-element-2bc266ab e-flex e-con-boxed e-con e-parent\" data-id=\"2bc266ab\" data-element_type=\"container\" data-e-type=\"container\">\n\t\t\t\t\t<div class=\"e-con-inner\">\n\t\t\t\t<div class=\"elementor-element elementor-element-7a323c77 elementor-widget elementor-widget-text-editor\" data-id=\"7a323c77\" data-element_type=\"widget\" data-e-type=\"widget\" data-widget_type=\"text-editor.default\">\n\t\t\t\t<div class=\"elementor-widget-container\">\n\t\t\t\t\t\t\t\t\t<p><\/p>\n<p><strong>Ta\u00e7a de Servir Oval em Melamina Touch-MeL, Rena Turquesa<\/strong><\/p>\n<h3><span style=\"color: #7cd4d1;\"><strong>Caracter\u00edsticas principais<\/strong><\/span><\/h3>\n<p><strong> Estilo e praticidade num s\u00f3:<\/strong> A travessa de servir em melamina oval TouchMeL combina na perfei\u00e7\u00e3o estilo e praticidade, apresentando um design oval elegante que real\u00e7a o apelo visual das suas cria\u00e7\u00f5es culin\u00e1rias.<\/p>\n<p><strong>Constru\u00e7\u00e3o em melamina de qualidade superior:<\/strong> Fabricada em melamina de primeira qualidade, esta elegante travessa oval d\u00e1 um toque moderno a qualquer mesa, garantindo ao mesmo tempo durabilidade e longevidade.<\/p>\n<p><strong>Ideal para saladas ou acompanhamentos:<\/strong> Quer esteja a servir uma salada refrescante ou pratos de acompanhamento deliciosos, esta vers\u00e1til ta\u00e7a \u00e9 a companhia perfeita para qualquer refei\u00e7\u00e3o, oferecendo funcionalidade e versatilidade em cada dose.<\/p>\n<p><strong>Dur\u00e1vel e lav\u00e1vel na m\u00e1quina de lavar lou\u00e7a:<\/strong> Concebida para uma utiliza\u00e7\u00e3o duradoura, esta travessa de servir \u00e9 feita para suportar os rigores das refei\u00e7\u00f5es di\u00e1rias e pode ser lavada na m\u00e1quina de lavar loi\u00e7a para uma limpeza r\u00e1pida e sem complica\u00e7\u00f5es ap\u00f3s cada utiliza\u00e7\u00e3o.<\/p>\n<p><strong>Melhore cada dose:<\/strong> Desde refei\u00e7\u00f5es casuais a ocasi\u00f5es especiais, esta travessa vers\u00e1til eleva cada dose com a sua forma oval distinta e um toque contempor\u00e2neo, tornando-a numa adi\u00e7\u00e3o de destaque a qualquer experi\u00eancia gastron\u00f3mica.<\/p>\n<h3><span style=\"color: #7cd4d1;\"><strong>Ideal para<\/strong><\/span><\/h3>\n<p><strong>Entretenimento em casa:<\/strong> Perfeita para receber reuni\u00f5es e jantares, esta travessa de servir acrescenta um toque de sofistica\u00e7\u00e3o \u00e0 sua mesa, ao mesmo tempo que oferece uma funcionalidade pr\u00e1tica.<\/p>\n<p><strong>Utiliza\u00e7\u00e3o quotidiana:<\/strong> Ideal para as refei\u00e7\u00f5es di\u00e1rias com a fam\u00edlia e os amigos, esta travessa de servir duradoura garante um servi\u00e7o e uma limpeza sem complica\u00e7\u00f5es, tornando-a uma escolha conveniente para as refei\u00e7\u00f5es di\u00e1rias.<\/p>\n<p><strong>Eventos de catering:<\/strong> Melhore a apresenta\u00e7\u00e3o de saladas, acompanhamentos e outras del\u00edcias culin\u00e1rias em casamentos, eventos empresariais e ocasi\u00f5es especiais com esta elegante e vers\u00e1til travessa de servir.<\/p>\n<h3><span style=\"color: #7cd4d1;\"><strong>Caracter\u00edsticas t\u00e9cnicas<\/strong><\/span><\/h3>\n<p>\u2022 100% melamina<br \/>\u2022 Contacto seguro para alimentos<br \/>- M\u00e1xima higiene<br \/>\u2022 F\u00e1cil de utilizar e de limpar<br \/>\u2022 Elevada resist\u00eancia ao impacto<br \/>\u2022 Resist\u00eancia ao choque t\u00e9rmico<br \/>\u2022 Sem BPA<br \/>\u2022 N\u00e3o utilizar no micro-ondas<br \/>\u2022 N\u00e3o deve ser utilizado no forno<br \/>\u2022 Sugerimos que n\u00e3o sejam utilizadas l\u00e2minas serrilhadas<br \/>\u2022 Pode ser lavado na m\u00e1quina de lavar lou\u00e7a, de prefer\u00eancia na prateleira superior da m\u00e1quina de lavar lou\u00e7a<br \/>\u2022 N\u00e3o utilizar esfreg\u00f5es met\u00e1licos ou esponjas abrasivas para lavar as m\u00e3os<br \/>\u2022 N\u00e3o utilizar escovas de lavar lou\u00e7a industriais<\/p>\n<p>\u00a0<\/p>\n<p>\u00a0<\/p>\n<p><\/p>\t\t\t\t\t\t\t\t<\/div>\n\t\t\t\t<\/div>\n\t\t\t\t\t<\/div>\n\t\t\t\t<\/div>\n\t\t\t\t<\/div>","protected":false},"excerpt":{"rendered":"<p><strong>Travessa de melamina oval TouchMeL\u00a0<\/strong><\/p>\n<p>Combine estilo e praticidade com a ta\u00e7a de servir em melamina oval TouchMeL. Fabricada em melamina de alta qualidade, esta elegante ta\u00e7a oval d\u00e1 um toque moderno a qualquer mesa. Ideal para servir saladas ou acompanhamentos, apresenta um acabamento semelhante \u00e0 cer\u00e2mica, real\u00e7ado por um verniz transparente de alta qualidade. Dur\u00e1vel e lav\u00e1vel na m\u00e1quina de lavar lou\u00e7a, garante uma limpeza sem esfor\u00e7o. Quer seja para refei\u00e7\u00f5es casuais ou ocasi\u00f5es especiais, esta vers\u00e1til ta\u00e7a combina o estilo contempor\u00e2neo com a funcionalidade, tornando cada servi\u00e7o elegante e distinto. Encomende agora para elevar a sua cole\u00e7\u00e3o de utens\u00edlios de mesa!<\/p>\n<p><strong>Encomende agora para elevar a sua cole\u00e7\u00e3o de utens\u00edlios de mesa! <\/strong><\/p>","protected":false},"featured_media":12019,"comment_status":"open","ping_status":"closed","template":"","meta":{"_themeisle_gutenberg_block_has_review":false},"product_brand":[],"product_cat":[119,122,116,124,60,117,118,61],"product_tag":[],"class_list":{"0":"post-12018","1":"product","2":"type-product","3":"status-publish","4":"has-post-thumbnail","6":"product_cat-balconys","7":"product_cat-bowls","8":"product_cat-children","9":"product_cat-decoration","10":"product_cat-fun","11":"product_cat-garden","12":"product_cat-picnic","13":"product_cat-serving","14":"product_shipping_class-ce-ate-1kg","16":"first","17":"instock","18":"shipping-taxable","19":"purchasable","20":"product-type-simple"},"_links":{"self":[{"href":"https:\/\/2cookinn.com\/pt\/wp-json\/wp\/v2\/product\/12018","targetHints":{"allow":["GET"]}}],"collection":[{"href":"https:\/\/2cookinn.com\/pt\/wp-json\/wp\/v2\/product"}],"about":[{"href":"https:\/\/2cookinn.com\/pt\/wp-json\/wp\/v2\/types\/product"}],"replies":[{"embeddable":true,"href":"https:\/\/2cookinn.com\/pt\/wp-json\/wp\/v2\/comments?post=12018"}],"version-history":[{"count":4,"href":"https:\/\/2cookinn.com\/pt\/wp-json\/wp\/v2\/product\/12018\/revisions"}],"predecessor-version":[{"id":12023,"href":"https:\/\/2cookinn.com\/pt\/wp-json\/wp\/v2\/product\/12018\/revisions\/12023"}],"wp:featuredmedia":[{"embeddable":true,"href":"https:\/\/2cookinn.com\/pt\/wp-json\/wp\/v2\/media\/12019"}],"wp:attachment":[{"href":"https:\/\/2cookinn.com\/pt\/wp-json\/wp\/v2\/media?parent=12018"}],"wp:term":[{"taxonomy":"product_brand","embeddable":true,"href":"https:\/\/2cookinn.com\/pt\/wp-json\/wp\/v2\/product_brand?post=12018"},{"taxonomy":"product_cat","embeddable":true,"href":"https:\/\/2cookinn.com\/pt\/wp-json\/wp\/v2\/product_cat?post=12018"},{"taxonomy":"product_tag","embeddable":true,"href":"https:\/\/2cookinn.com\/pt\/wp-json\/wp\/v2\/product_tag?post=12018"}],"curies":[{"name":"wp","href":"https:\/\/api.w.org\/{rel}","templated":true}]}}