{"id":12093,"date":"2024-11-10T11:43:23","date_gmt":"2024-11-10T11:43:23","guid":{"rendered":"https:\/\/2cookinn.com\/?post_type=product&#038;p=12093"},"modified":"2024-11-10T11:43:40","modified_gmt":"2024-11-10T11:43:40","slug":"copo-original-memento","status":"publish","type":"product","link":"https:\/\/2cookinn.com\/pt\/product\/memento-originale-goblet\/","title":{"rendered":"C\u00e1lice Memento original"},"content":{"rendered":"<div data-elementor-type=\"wp-post\" data-elementor-id=\"12093\" class=\"elementor elementor-12093\">\n\t\t\t\t<div class=\"elementor-element elementor-element-9f33226 e-flex e-con-boxed e-con e-parent\" data-id=\"9f33226\" data-element_type=\"container\" data-e-type=\"container\">\n\t\t\t\t\t<div class=\"e-con-inner\">\n\t\t\t\t<div class=\"elementor-element elementor-element-64d14be9 elementor-widget elementor-widget-text-editor\" data-id=\"64d14be9\" data-element_type=\"widget\" data-e-type=\"widget\" data-widget_type=\"text-editor.default\">\n\t\t\t\t<div class=\"elementor-widget-container\">\n\t\t\t\t\t\t\t\t\t<p><\/p>\n<p><\/p>\n<p><strong>C\u00e1lice Memento original<\/strong><\/p>\n<h3 class=\"wp-block-heading\"><span style=\"color: #7cd4d1;\"><strong>Caracter\u00edsticas principais<\/strong><\/span><\/h3>\n<h3 class=\"wp-block-heading\"><\/h3>\n<p><b>Feito com cuidado:<\/b><span style=\"font-weight: 400;\"> Cada ta\u00e7a \u00e9 meticulosamente trabalhada, garantindo um design \u00fanico e encantador.<\/span><\/p>\n<p><b>Cores vibrantes:<\/b><span style=\"font-weight: 400;\"> Dispon\u00edvel num espectro de cores vibrantes, cada copo celebra a individualidade e a divers\u00e3o.<\/span><\/p>\n<p><b>Utiliza\u00e7\u00e3o vers\u00e1til:<\/b><span style=\"font-weight: 400;\"> Ideal para celebrar marcos importantes ou desfrutar de noites aconchegantes em casa.<\/span><\/p>\n<p><b>Amigo do ambiente:<\/b><span style=\"font-weight: 400;\"> Fabricado com materiais sustent\u00e1veis, promovendo a consci\u00eancia ambiental.<\/span><\/p>\n<p><b>Apto para a m\u00e1quina de lavar lou\u00e7a:<\/b><span style=\"font-weight: 400;\"> Concebida para uma limpeza f\u00e1cil ap\u00f3s momentos memor\u00e1veis.<\/span><\/p>\n<p>\u00a0<\/p>\n<h3 class=\"wp-block-heading\"><\/h3>\n<h3 class=\"wp-block-heading\" style=\"color: #7cd4d1;\"><strong><strong>Ideal para<\/strong><\/strong><\/h3>\n<h3 class=\"wp-block-heading\"><\/h3>\n<p><b>Ocasi\u00f5es especiais:<\/b><span style=\"font-weight: 400;\"> Perfeito para brindar a marcos e celebra\u00e7\u00f5es com um toque de magia.<\/span><\/p>\n<p><b>Utiliza\u00e7\u00e3o quotidiana:<\/b><span style=\"font-weight: 400;\"> Realce a sua experi\u00eancia di\u00e1ria de bebida com um c\u00e1lice colorido e encantador.<\/span><\/p>\n<p><b>Perfeito para Oferta:<\/b><span style=\"font-weight: 400;\"> Um presente \u00fanico e encantador para os apreciadores de objectos de vidro artesanais.<\/span><\/p>\n<p><b>Decora\u00e7\u00e3o para a casa:<\/b><span style=\"font-weight: 400;\"> \u00d3timo para quem gosta de infundir as suas reuni\u00f5es com personalidade e requinte.<\/span><\/p>\n<h3 class=\"wp-block-heading\"><\/h3>\t\t\t\t\t\t\t\t<\/div>\n\t\t\t\t<\/div>\n\t\t\t\t\t<\/div>\n\t\t\t\t<\/div>\n\t\t\t\t<\/div>","protected":false},"excerpt":{"rendered":"<p><!-- wp:heading {\"level\":3} --><\/p>\n<p><!-- wp:paragraph --><\/p>\n<h5 class=\"wp-block-heading\"><strong>C\u00e1lice Memento original<\/strong><\/h5>\n<h5><span style=\"font-weight: 400;\">Levante o copo com a ta\u00e7a Memento Orignale - a companhia perfeita para criar momentos inesquec\u00edveis. Com o seu charme caprichoso e personalidade vibrante, esta ta\u00e7a d\u00e1 um toque de magia a cada brinde.\u00a0<\/span><\/h5>\n<h5><span style=\"font-weight: 400;\">Ent\u00e3o v\u00e1 em frente, sirva-se de um copo (ou dois), e deixe os bons momentos flu\u00edrem com a Ta\u00e7a Memento Originale. <\/span><\/h5>\n<h5><strong>Um brinde ao riso, ao amor e a viver a vida com cor!<\/strong><\/h5>\n<p><!-- \/wp:paragraph --><\/p>","protected":false},"featured_media":11217,"comment_status":"open","ping_status":"closed","template":"","meta":{"_themeisle_gutenberg_block_has_review":false},"product_brand":[],"product_cat":[124,62,60,125,61],"product_tag":[],"class_list":{"0":"post-12093","1":"product","2":"type-product","3":"status-publish","4":"has-post-thumbnail","6":"product_cat-decoration","7":"product_cat-drinking","8":"product_cat-fun","9":"product_cat-goblet","10":"product_cat-serving","11":"product_shipping_class-ce-ate-05kg","13":"first","14":"instock","15":"shipping-taxable","16":"purchasable","17":"product-type-variable"},"_links":{"self":[{"href":"https:\/\/2cookinn.com\/pt\/wp-json\/wp\/v2\/product\/12093","targetHints":{"allow":["GET"]}}],"collection":[{"href":"https:\/\/2cookinn.com\/pt\/wp-json\/wp\/v2\/product"}],"about":[{"href":"https:\/\/2cookinn.com\/pt\/wp-json\/wp\/v2\/types\/product"}],"replies":[{"embeddable":true,"href":"https:\/\/2cookinn.com\/pt\/wp-json\/wp\/v2\/comments?post=12093"}],"version-history":[{"count":1,"href":"https:\/\/2cookinn.com\/pt\/wp-json\/wp\/v2\/product\/12093\/revisions"}],"predecessor-version":[{"id":12106,"href":"https:\/\/2cookinn.com\/pt\/wp-json\/wp\/v2\/product\/12093\/revisions\/12106"}],"wp:featuredmedia":[{"embeddable":true,"href":"https:\/\/2cookinn.com\/pt\/wp-json\/wp\/v2\/media\/11217"}],"wp:attachment":[{"href":"https:\/\/2cookinn.com\/pt\/wp-json\/wp\/v2\/media?parent=12093"}],"wp:term":[{"taxonomy":"product_brand","embeddable":true,"href":"https:\/\/2cookinn.com\/pt\/wp-json\/wp\/v2\/product_brand?post=12093"},{"taxonomy":"product_cat","embeddable":true,"href":"https:\/\/2cookinn.com\/pt\/wp-json\/wp\/v2\/product_cat?post=12093"},{"taxonomy":"product_tag","embeddable":true,"href":"https:\/\/2cookinn.com\/pt\/wp-json\/wp\/v2\/product_tag?post=12093"}],"curies":[{"name":"wp","href":"https:\/\/api.w.org\/{rel}","templated":true}]}}