{"id":12569,"date":"2026-02-25T17:43:10","date_gmt":"2026-02-25T17:43:10","guid":{"rendered":"https:\/\/2cookinn.com\/?post_type=product&#038;p=12569"},"modified":"2026-04-11T13:44:27","modified_gmt":"2026-04-11T13:44:27","slug":"frigideiras-de-cobre-4-camadas-cobre-aco-inoxidavel-aluminio-aco-ferritico","status":"publish","type":"product","link":"https:\/\/2cookinn.com\/pt\/product\/copper-frypans-4-ply-copper-stainless-steel-aluminium-ferritic-steel\/","title":{"rendered":"\u201cFrigideira de Cobre \u201d5 Padel\" 24 cm \u2013 Serafino Zani"},"content":{"rendered":"<div data-elementor-type=\"wp-post\" data-elementor-id=\"12569\" class=\"elementor elementor-12569\">\n\t\t\t\t<div class=\"elementor-element elementor-element-9f33226 e-con-full e-flex e-con e-parent\" data-id=\"9f33226\" data-element_type=\"container\" data-e-type=\"container\">\n\t\t\t\t<div class=\"elementor-element elementor-element-64d14be9 elementor-widget elementor-widget-text-editor\" data-id=\"64d14be9\" data-element_type=\"widget\" data-e-type=\"widget\" data-widget_type=\"text-editor.default\">\n\t\t\t\t<div class=\"elementor-widget-container\">\n\t\t\t\t\t\t\t\t\t<p style=\"margin-right: 0cm; margin-left: 0cm; font-size: 12pt; font-family: 'Times New Roman', serif; color: #000000; background-image: initial; background-position: initial; background-size: initial; background-repeat: initial; background-attachment: initial; background-origin: initial; background-clip: initial;\"><strong style=\"font-size: 12pt; text-align: var(--text-align);\"><span style=\"font-size: 13.5pt; font-family: Calibri, sans-serif; color: #7cd4d1;\">Funcionalidade principal<\/span><\/strong><span style=\"text-align: var(--text-align); font-weight: var( --e-global-typography-text-font-weight ); text-indent: -18pt; font-size: 10pt; font-family: Symbol;\"><span style=\"font-variant-numeric: normal; font-variant-east-asian: normal; font-variant-alternates: normal; font-kerning: auto; font-optical-sizing: auto; font-feature-settings: normal; font-variation-settings: normal; font-stretch: normal; font-size: 7pt; line-height: normal; font-family: 'Times New Roman';\">\u00a0<\/span><\/span><\/p>\n<ul>\n<li style=\"margin: 0cm 0cm 0.0001pt; font-size: 12pt; font-family: Calibri, sans-serif;\"><span style=\"font-family: 'Calibri Light', sans-serif;\">Constru\u00e7\u00e3o de 4 camadas para uma distribui\u00e7\u00e3o de calor ideal<\/span><\/li>\n<li style=\"margin: 0cm 0cm 0.0001pt; font-size: 12pt; font-family: Calibri, sans-serif;\"><span style=\"font-family: 'Calibri Light', sans-serif;\">Exterior em cobre para uma r\u00e1pida resposta ao calor<\/span><\/li>\n<li style=\"margin: 0cm 0cm 0.0001pt; font-size: 12pt; font-family: Calibri, sans-serif;\"><span style=\"font-family: 'Calibri Light', sans-serif;\">Interior em a\u00e7o inoxid\u00e1vel para durabilidade<\/span><\/li>\n<li style=\"margin: 0cm 0cm 0.0001pt; font-size: 12pt; font-family: Calibri, sans-serif;\"><span style=\"font-family: 'Calibri Light', sans-serif;\">Camada de a\u00e7o ferr\u00edtico para compatibilidade com indu\u00e7\u00e3o<\/span><\/li>\n<li style=\"margin: 0cm 0cm 0.0001pt; font-size: 12pt; font-family: Calibri, sans-serif;\"><span style=\"font-family: 'Calibri Light', sans-serif;\">Sem PFAS (Sem PTFE, Sem PFOA)<\/span><\/li>\n<\/ul>\n<p style=\"margin-top: 1.21575rem; margin-right: 1.21575rem; margin-left: 1.21575rem; font-size: 12pt; font-family: 'Times New Roman', serif; color: #000000; background-image: initial; background-position: initial; background-size: initial; background-repeat: initial; background-attachment: initial; background-origin: initial; background-clip: initial;\"><strong style=\"text-align: var(--text-align);\"><span style=\"font-size: 13.5pt; font-family: Calibri, sans-serif; color: #7cd4d1;\">Ideal para<\/span><\/strong><\/p>\n<ul>\n<li style=\"margin: 0cm 0cm 0.0001pt; font-size: 12pt; font-family: Calibri, sans-serif;\"><span style=\"font-family: 'Calibri Light', sans-serif;\">Molhos e redu\u00e7\u00f5es<\/span><\/li>\n<li style=\"margin: 0cm 0cm 0.0001pt; font-size: 12pt; font-family: Calibri, sans-serif;\"><span style=\"font-family: 'Calibri Light', sans-serif;\">Ovos e pratos delicados<\/span><\/li>\n<li style=\"margin: 0cm 0cm 0.0001pt; font-size: 12pt; font-family: Calibri, sans-serif;\"><span style=\"font-family: 'Calibri Light', sans-serif;\">Peixe e marisco<\/span><\/li>\n<li style=\"margin: 0cm 0cm 0.0001pt; font-size: 12pt; font-family: Calibri, sans-serif;\"><span style=\"font-family: 'Calibri Light', sans-serif;\">Por\u00e7\u00f5es pequenas que exigem precis\u00e3o<\/span><\/li>\n<\/ul>\n<p><!-- \/wp:heading --><!-- wp:paragraph --><\/p>\n<h3><!-- \/wp:paragraph --><\/h3>\t\t\t\t\t\t\t\t<\/div>\n\t\t\t\t<\/div>\n\t\t\t\t<\/div>\n\t\t\t\t<\/div>","protected":false},"excerpt":{"rendered":"<p><!-- wp:heading {\"level\":3} --><\/p>\n<p><!-- wp:paragraph --><\/p>\n<p><strong>4 Camadas: A\u00e7o Inoxid\u00e1vel \u00b7 Alum\u00ednio \u00b7 A\u00e7o Ferr\u00edtico \u00b7 Cobre<\/strong><\/p>\n<p>A Frigideira de Cobre de 24 cm da cole\u00e7\u00e3o 5 Padel combina uma avan\u00e7ada constru\u00e7\u00e3o de 4 camadas com uma capacidade de resposta excecional ao calor. O exterior de cobre proporciona um controlo r\u00e1pido da temperatura, enquanto o interior de a\u00e7o inoxid\u00e1vel garante durabilidade e uma cozedura segura. Precisa, elegante e compat\u00edvel com indu\u00e7\u00e3o \u2014 concebida para uma cozinha requintada no dia a dia.<\/p>\n<p>&nbsp;<\/p>\n<p><strong>\u2714<\/strong><strong> No PTFE <\/strong><\/p>\n<p><strong>\u2714<\/strong><strong>Sem PFOA <\/strong><\/p>\n<p><strong>\u2714<\/strong><strong>Sem PFAS<\/strong><\/p>\n<p><!-- \/wp:paragraph --><\/p>","protected":false},"featured_media":12571,"comment_status":"open","ping_status":"closed","template":"","meta":{"_themeisle_gutenberg_block_has_review":false},"product_brand":[],"product_cat":[59,112,115],"product_tag":[],"class_list":{"0":"post-12569","1":"product","2":"type-product","3":"status-publish","4":"has-post-thumbnail","6":"product_cat-cooking","7":"product_cat-health","8":"product_cat-induction","9":"product_shipping_class-ce-ate-15kg","11":"first","12":"instock","13":"shipping-taxable","14":"purchasable","15":"product-type-simple"},"_links":{"self":[{"href":"https:\/\/2cookinn.com\/pt\/wp-json\/wp\/v2\/product\/12569","targetHints":{"allow":["GET"]}}],"collection":[{"href":"https:\/\/2cookinn.com\/pt\/wp-json\/wp\/v2\/product"}],"about":[{"href":"https:\/\/2cookinn.com\/pt\/wp-json\/wp\/v2\/types\/product"}],"replies":[{"embeddable":true,"href":"https:\/\/2cookinn.com\/pt\/wp-json\/wp\/v2\/comments?post=12569"}],"version-history":[{"count":19,"href":"https:\/\/2cookinn.com\/pt\/wp-json\/wp\/v2\/product\/12569\/revisions"}],"predecessor-version":[{"id":12600,"href":"https:\/\/2cookinn.com\/pt\/wp-json\/wp\/v2\/product\/12569\/revisions\/12600"}],"wp:featuredmedia":[{"embeddable":true,"href":"https:\/\/2cookinn.com\/pt\/wp-json\/wp\/v2\/media\/12571"}],"wp:attachment":[{"href":"https:\/\/2cookinn.com\/pt\/wp-json\/wp\/v2\/media?parent=12569"}],"wp:term":[{"taxonomy":"product_brand","embeddable":true,"href":"https:\/\/2cookinn.com\/pt\/wp-json\/wp\/v2\/product_brand?post=12569"},{"taxonomy":"product_cat","embeddable":true,"href":"https:\/\/2cookinn.com\/pt\/wp-json\/wp\/v2\/product_cat?post=12569"},{"taxonomy":"product_tag","embeddable":true,"href":"https:\/\/2cookinn.com\/pt\/wp-json\/wp\/v2\/product_tag?post=12569"}],"curies":[{"name":"wp","href":"https:\/\/api.w.org\/{rel}","templated":true}]}}