{"id":12583,"date":"2026-02-27T17:40:42","date_gmt":"2026-02-27T17:40:42","guid":{"rendered":"https:\/\/2cookinn.com\/?post_type=product&#038;p=12583"},"modified":"2026-04-11T13:27:03","modified_gmt":"2026-04-11T13:27:03","slug":"frigideira-de-cobre-28-cm-4-camadas-cobre-aco-inoxidavel-aluminio-aco-ferritico","status":"publish","type":"product","link":"https:\/\/2cookinn.com\/pt\/product\/copper-frypan-28-cm-4-ply-copper-stainless-steel-aluminium-ferritic-steel\/","title":{"rendered":"\u201cFrigideira \u201d5 Padel\" em Cobre 28 cm \u2013 Serafino Zani"},"content":{"rendered":"<div data-elementor-type=\"wp-post\" data-elementor-id=\"12583\" class=\"elementor elementor-12583\">\n\t\t\t\t<div class=\"elementor-element elementor-element-9f33226 e-con-full e-flex e-con e-parent\" data-id=\"9f33226\" data-element_type=\"container\" data-e-type=\"container\">\n\t\t\t\t<div class=\"elementor-element elementor-element-64d14be9 elementor-widget elementor-widget-text-editor\" data-id=\"64d14be9\" data-element_type=\"widget\" data-e-type=\"widget\" data-widget_type=\"text-editor.default\">\n\t\t\t\t<div class=\"elementor-widget-container\">\n\t\t\t\t\t\t\t\t\t<p style=\"margin-right: 0cm; margin-left: 0cm; font-size: 12pt; font-family: 'Times New Roman', serif; color: #000000;\"><strong style=\"font-size: 12pt; text-align: var(--text-align);\"><span style=\"font-size: 13.5pt; font-family: Calibri, sans-serif; color: #7cd4d1;\">Funcionalidade principal<\/span><\/strong><span style=\"text-align: var(--text-align); font-weight: var( --e-global-typography-text-font-weight ); text-indent: -18pt; font-size: 10pt; font-family: Symbol;\"><span style=\"font-variant-numeric: normal; font-variant-east-asian: normal; font-variant-alternates: normal; font-kerning: auto; font-optical-sizing: auto; font-feature-settings: normal; font-variation-settings: normal; font-stretch: normal; font-size: 7pt; line-height: normal; font-family: 'Times New Roman';\">&nbsp;&nbsp;<\/span><\/span><\/p>\n<ul>\n<li class=\"MsoNormal\" style=\"margin: 0cm 0cm 0.0001pt; font-size: 12pt; font-family: Calibri, sans-serif;\"><span style=\"font-family: 'Calibri Light', sans-serif;\">A\u00e7o inoxid\u00e1vel de 4 camadas, alum\u00ednio, a\u00e7o ferr\u00edtico e cobre<\/span><\/li>\n<li class=\"MsoNormal\" style=\"margin: 0cm 0cm 0.0001pt; font-size: 12pt; font-family: Calibri, sans-serif;\"><span style=\"font-family: 'Calibri Light', sans-serif;\">Excelente condutividade t\u00e9rmica<\/span><\/li>\n<li class=\"MsoNormal\" style=\"margin: 0cm 0cm 0.0001pt; font-size: 12pt; font-family: Calibri, sans-serif;\"><span style=\"font-family: 'Calibri Light', sans-serif;\">Compat\u00edvel com indu\u00e7\u00e3o<\/span><\/li>\n<li class=\"MsoNormal\" style=\"margin: 0cm 0cm 0.0001pt; font-size: 12pt; font-family: Calibri, sans-serif;\"><span style=\"font-family: 'Calibri Light', sans-serif;\">Dur\u00e1vel e resistente \u00e0 corros\u00e3o<\/span><\/li>\n<li class=\"MsoNormal\" style=\"margin: 0cm 0cm 0.0001pt; font-size: 12pt; font-family: Calibri, sans-serif;\"><span style=\"font-family: 'Calibri Light', sans-serif;\">Sem PFAS<\/span><\/li>\n<\/ul>\n<p style=\"margin-top: 1.21575rem; margin-right: 1.21575rem; margin-left: 1.21575rem; font-size: 12pt; font-family: 'Times New Roman', serif; color: #000000; background-image: initial; background-position: initial; background-size: initial; background-repeat: initial; background-attachment: initial; background-origin: initial; background-clip: initial;\"><strong style=\"text-align: var(--text-align);\"><span style=\"font-size: 13.5pt; font-family: Calibri, sans-serif; color: #7cd4d1;\">Ideal para<\/span><\/strong><\/p>\n<ul>\n<li class=\"MsoNormal\" style=\"margin: 0cm 0cm 0.0001pt; font-size: 12pt; font-family: Calibri, sans-serif;\"><span style=\"font-family: &quot;Calibri Light&quot;, sans-serif;\">Selar carne<o:p><\/o:p><\/span><\/li><li class=\"MsoNormal\" style=\"margin: 0cm 0cm 0.0001pt; font-size: 12pt; font-family: Calibri, sans-serif;\"><span style=\"font-family: &quot;Calibri Light&quot;, sans-serif;\">Saltear vegetais<o:p><\/o:p><\/span><\/li><li class=\"MsoNormal\" style=\"margin: 0cm 0cm 0.0001pt; font-size: 12pt; font-family: Calibri, sans-serif;\"><span style=\"font-family: &quot;Calibri Light&quot;, sans-serif;\">Por\u00e7\u00f5es familiares<o:p><\/o:p><\/span><\/li><li class=\"MsoNormal\" style=\"margin: 0cm 0cm 0.0001pt; font-size: 12pt; font-family: Calibri, sans-serif;\"><span style=\"font-family: &quot;Calibri Light&quot;, sans-serif;\">Cozinha de precis\u00e3o com controlo<o:p><\/o:p><\/span><\/li>\n<\/ul>\n<p><!-- \/wp:heading --><!-- wp:paragraph --><\/p>\n<h3><!-- \/wp:paragraph --><\/h3>\t\t\t\t\t\t\t\t<\/div>\n\t\t\t\t<\/div>\n\t\t\t\t<\/div>\n\t\t\t\t<\/div>","protected":false},"excerpt":{"rendered":"<p><!-- wp:heading {\"level\":3} --><\/p>\n<p><!-- wp:paragraph --><\/p>\n<p><strong>4 Camadas: A\u00e7o Inoxid\u00e1vel \u00b7 Alum\u00ednio \u00b7 A\u00e7o Ferr\u00edtico \u00b7 Cobre<\/strong><\/p>\n<p>A Frigideira de Cobre de 28 cm oferece um generoso espa\u00e7o de cozimento com controlo de calor superior. A sua constru\u00e7\u00e3o em 4 camadas garante uma distribui\u00e7\u00e3o uniforme e uma resposta r\u00e1pida, tornando-a ideal tanto para selar em alta temperatura como para saltear controlado.<\/p>\n<p><strong>\u2714<\/strong><strong> No PTFE <\/strong><\/p>\n<p><strong>\u2714<\/strong><strong>Sem PFOA <\/strong><\/p>\n<p><strong>\u2714<\/strong><strong>Sem PFAS<\/strong><\/p>\n<p><!-- \/wp:paragraph --><\/p>","protected":false},"featured_media":12571,"comment_status":"open","ping_status":"closed","template":"","meta":{"_themeisle_gutenberg_block_has_review":false},"product_brand":[],"product_cat":[59,112,115],"product_tag":[],"class_list":{"0":"post-12583","1":"product","2":"type-product","3":"status-publish","4":"has-post-thumbnail","6":"product_cat-cooking","7":"product_cat-health","8":"product_cat-induction","9":"product_shipping_class-ce-ate-15kg","11":"first","12":"instock","13":"shipping-taxable","14":"purchasable","15":"product-type-simple"},"_links":{"self":[{"href":"https:\/\/2cookinn.com\/pt\/wp-json\/wp\/v2\/product\/12583","targetHints":{"allow":["GET"]}}],"collection":[{"href":"https:\/\/2cookinn.com\/pt\/wp-json\/wp\/v2\/product"}],"about":[{"href":"https:\/\/2cookinn.com\/pt\/wp-json\/wp\/v2\/types\/product"}],"replies":[{"embeddable":true,"href":"https:\/\/2cookinn.com\/pt\/wp-json\/wp\/v2\/comments?post=12583"}],"version-history":[{"count":10,"href":"https:\/\/2cookinn.com\/pt\/wp-json\/wp\/v2\/product\/12583\/revisions"}],"predecessor-version":[{"id":12606,"href":"https:\/\/2cookinn.com\/pt\/wp-json\/wp\/v2\/product\/12583\/revisions\/12606"}],"wp:featuredmedia":[{"embeddable":true,"href":"https:\/\/2cookinn.com\/pt\/wp-json\/wp\/v2\/media\/12571"}],"wp:attachment":[{"href":"https:\/\/2cookinn.com\/pt\/wp-json\/wp\/v2\/media?parent=12583"}],"wp:term":[{"taxonomy":"product_brand","embeddable":true,"href":"https:\/\/2cookinn.com\/pt\/wp-json\/wp\/v2\/product_brand?post=12583"},{"taxonomy":"product_cat","embeddable":true,"href":"https:\/\/2cookinn.com\/pt\/wp-json\/wp\/v2\/product_cat?post=12583"},{"taxonomy":"product_tag","embeddable":true,"href":"https:\/\/2cookinn.com\/pt\/wp-json\/wp\/v2\/product_tag?post=12583"}],"curies":[{"name":"wp","href":"https:\/\/api.w.org\/{rel}","templated":true}]}}