{"id":12613,"date":"2026-03-02T18:24:16","date_gmt":"2026-03-02T18:24:16","guid":{"rendered":"https:\/\/2cookinn.com\/?post_type=product&#038;p=12613"},"modified":"2026-04-11T13:25:13","modified_gmt":"2026-04-11T13:25:13","slug":"5-padel-stainless-steel-frypan-24-cm-serafino-zani","status":"publish","type":"product","link":"https:\/\/2cookinn.com\/pt\/product\/5-padel-stainless-steel-frypan-24-cm-serafino-zani\/","title":{"rendered":"\u201cFrigideira \u201d5 Padel\" em A\u00e7o Inoxid\u00e1vel 24 cm \u2013 Serafino Zani"},"content":{"rendered":"<div data-elementor-type=\"wp-post\" data-elementor-id=\"12613\" class=\"elementor elementor-12613\">\n\t\t\t\t<div class=\"elementor-element elementor-element-9f33226 e-con-full e-flex e-con e-parent\" data-id=\"9f33226\" data-element_type=\"container\" data-e-type=\"container\">\n\t\t\t\t<div class=\"elementor-element elementor-element-64d14be9 elementor-widget elementor-widget-text-editor\" data-id=\"64d14be9\" data-element_type=\"widget\" data-e-type=\"widget\" data-widget_type=\"text-editor.default\">\n\t\t\t\t<div class=\"elementor-widget-container\">\n\t\t\t\t\t\t\t\t\t<p style=\"margin-right: 0cm; margin-left: 0cm; font-size: 12pt; font-family: 'Times New Roman', serif; color: #000000;\"><strong style=\"font-size: 12pt; text-align: var(--text-align);\"><span style=\"font-size: 13.5pt; font-family: Calibri, sans-serif; color: #7cd4d1;\">Funcionalidade principal<\/span><\/strong><span style=\"text-align: var(--text-align); font-weight: var( --e-global-typography-text-font-weight ); text-indent: -18pt; font-size: 10pt; font-family: Symbol;\"><span style=\"font-variant-numeric: normal; font-variant-east-asian: normal; font-variant-alternates: normal; font-kerning: auto; font-optical-sizing: auto; font-feature-settings: normal; font-variation-settings: normal; font-stretch: normal; font-size: 7pt; line-height: normal; font-family: 'Times New Roman';\">\u00a0<\/span><\/span><\/p>\n<ul>\n<li style=\"margin: 0cm 0cm 0.0001pt; font-size: 12pt; font-family: Calibri, sans-serif;\">3-layer construction<\/li>\n<li style=\"margin: 0cm 0cm 0.0001pt; font-size: 12pt; font-family: Calibri, sans-serif;\">Professional searing capability<\/li>\n<li style=\"margin: 0cm 0cm 0.0001pt; font-size: 12pt; font-family: Calibri, sans-serif;\">Durable polished finish<\/li>\n<li style=\"margin: 0cm 0cm 0.0001pt; font-size: 12pt; font-family: Calibri, sans-serif;\">Compat\u00edvel com indu\u00e7\u00e3o<\/li>\n<li style=\"margin: 0cm 0cm 0.0001pt; font-size: 12pt; font-family: Calibri, sans-serif;\">Sem PFAS<\/li>\n<\/ul>\n<div>\n<p style=\"margin-right: 0cm; margin-left: 0cm; font-size: 12pt; font-family: 'Times New Roman', serif; color: #000000;\"><span style=\"font-weight: 600; font-size: 12pt; text-align: var(--text-align);\"><span style=\"font-size: 13.5pt; font-family: Calibri, sans-serif; color: #7cd4d1;\">Ideal para\u00a0<\/span><\/span><\/p>\n<\/div>\n<ul>\n<li class=\"MsoNormal\" style=\"margin: 0cm 0cm 0.0001pt; font-size: 12pt; font-family: Calibri, sans-serif;\">Stir-frying vegetables<\/li>\n<li class=\"MsoNormal\" style=\"margin: 0cm 0cm 0.0001pt; font-size: 12pt; font-family: Calibri, sans-serif;\">Cooking fish fillets<\/li>\n<li class=\"MsoNormal\" style=\"margin: 0cm 0cm 0.0001pt; font-size: 12pt; font-family: Calibri, sans-serif;\">Everyday family meals<\/li>\n<li class=\"MsoNormal\" style=\"margin: 0cm 0cm 0.0001pt; font-size: 12pt; font-family: Calibri, sans-serif;\">Balanced medium portions<\/li>\n<\/ul>\n<p><!-- \/wp:heading --><!-- wp:paragraph --><\/p>\n<h3><!-- \/wp:paragraph --><\/h3>\t\t\t\t\t\t\t\t<\/div>\n\t\t\t\t<\/div>\n\t\t\t\t<\/div>\n\t\t\t\t<\/div>","protected":false},"excerpt":{"rendered":"<p><!-- wp:heading {\"level\":3} --><\/p>\n<p><!-- wp:paragraph --><\/p>\n<p><strong>3 camadas: A\u00e7o inoxid\u00e1vel - Alum\u00ednio - A\u00e7o ferr\u00edtico <\/strong><\/p>\n<p>&nbsp;<\/p>\n<p>The 24 cm Stainless Steel Frypan balances versatility and performance. Its multi-layer structure ensures consistent cooking results, making it ideal for daily use.<\/p>\n<p>&nbsp;<\/p>\n<p><strong>\u2714<\/strong><strong> No PTFE <\/strong><\/p>\n<p><strong>\u2714<\/strong><strong>Sem PFOA <\/strong><\/p>\n<p><strong>\u2714<\/strong><strong>Sem PFAS<\/strong><\/p>\n<p>&nbsp;<\/p>\n<p><!-- \/wp:paragraph --><\/p>","protected":false},"featured_media":12667,"comment_status":"open","ping_status":"closed","template":"","meta":{"_themeisle_gutenberg_block_has_review":false},"product_brand":[],"product_cat":[59,112,115],"product_tag":[],"class_list":{"0":"post-12613","1":"product","2":"type-product","3":"status-publish","4":"has-post-thumbnail","6":"product_cat-cooking","7":"product_cat-health","8":"product_cat-induction","9":"product_shipping_class-ce-ate-15kg","11":"first","12":"instock","13":"shipping-taxable","14":"purchasable","15":"product-type-simple"},"_links":{"self":[{"href":"https:\/\/2cookinn.com\/pt\/wp-json\/wp\/v2\/product\/12613","targetHints":{"allow":["GET"]}}],"collection":[{"href":"https:\/\/2cookinn.com\/pt\/wp-json\/wp\/v2\/product"}],"about":[{"href":"https:\/\/2cookinn.com\/pt\/wp-json\/wp\/v2\/types\/product"}],"replies":[{"embeddable":true,"href":"https:\/\/2cookinn.com\/pt\/wp-json\/wp\/v2\/comments?post=12613"}],"version-history":[{"count":9,"href":"https:\/\/2cookinn.com\/pt\/wp-json\/wp\/v2\/product\/12613\/revisions"}],"predecessor-version":[{"id":12622,"href":"https:\/\/2cookinn.com\/pt\/wp-json\/wp\/v2\/product\/12613\/revisions\/12622"}],"wp:featuredmedia":[{"embeddable":true,"href":"https:\/\/2cookinn.com\/pt\/wp-json\/wp\/v2\/media\/12667"}],"wp:attachment":[{"href":"https:\/\/2cookinn.com\/pt\/wp-json\/wp\/v2\/media?parent=12613"}],"wp:term":[{"taxonomy":"product_brand","embeddable":true,"href":"https:\/\/2cookinn.com\/pt\/wp-json\/wp\/v2\/product_brand?post=12613"},{"taxonomy":"product_cat","embeddable":true,"href":"https:\/\/2cookinn.com\/pt\/wp-json\/wp\/v2\/product_cat?post=12613"},{"taxonomy":"product_tag","embeddable":true,"href":"https:\/\/2cookinn.com\/pt\/wp-json\/wp\/v2\/product_tag?post=12613"}],"curies":[{"name":"wp","href":"https:\/\/api.w.org\/{rel}","templated":true}]}}