{"id":9216,"date":"2024-09-12T14:04:23","date_gmt":"2024-09-12T14:04:23","guid":{"rendered":"https:\/\/2cookinn.com\/?post_type=product&#038;p=9216"},"modified":"2024-10-19T17:33:15","modified_gmt":"2024-10-19T17:33:15","slug":"tigela-grande-memento-synth-vermelha","status":"publish","type":"product","link":"https:\/\/2cookinn.com\/pt\/product\/memento-synth-large-bowl-red\/","title":{"rendered":"Ta\u00e7a grande Memento Synth"},"content":{"rendered":"<div data-elementor-type=\"wp-post\" data-elementor-id=\"9216\" class=\"elementor elementor-9216\">\n\t\t\t\t<div class=\"elementor-element elementor-element-9f33226 e-flex e-con-boxed e-con e-parent\" data-id=\"9f33226\" data-element_type=\"container\" data-e-type=\"container\">\n\t\t\t\t\t<div class=\"e-con-inner\">\n\t\t\t\t<div class=\"elementor-element elementor-element-64d14be9 elementor-widget elementor-widget-text-editor\" data-id=\"64d14be9\" data-element_type=\"widget\" data-e-type=\"widget\" data-widget_type=\"text-editor.default\">\n\t\t\t\t<div class=\"elementor-widget-container\">\n\t\t\t\t\t\t\t\t\t<p><\/p>\n<p><\/p>\n<p><strong>Copo Memento Synth<\/strong><\/p>\n<h3 class=\"wp-block-heading\"><span style=\"color: #7cd4d1;\"><strong>Caracter\u00edsticas principais<\/strong><\/span><\/h3>\n<h3 class=\"wp-block-heading\"><\/h3>\n<p><\/p>\n<p><strong>Material sint\u00e9tico inovador<\/strong>: Oferece uma durabilidade e resist\u00eancia inigual\u00e1veis, adequada para utiliza\u00e7\u00e3o no interior e no exterior.<\/p>\n<h3 class=\"wp-block-heading\"><\/h3>\n<p>\u00a0<\/p>\n<p><\/p>\n<p><strong>Carater\u00edstica ic\u00f3nica da bolha de ar<\/strong>: Acrescenta um toque caprichoso, mantendo o elemento de design \u00fanico dos \u00f3culos Memento Orignale.<\/p>\n<h3 class=\"wp-block-heading\"><\/h3>\n<p>\u00a0<\/p>\n<p><\/p>\n<p><strong>Experi\u00eancia personalizada<\/strong>: Dispon\u00edvel numa gama de cores vibrantes para combinar com qualquer ocasi\u00e3o.<\/p>\n<h3 class=\"wp-block-heading\"><\/h3>\n<p>\u00a0<\/p>\n<p><\/p>\n<p><strong>Seguro para m\u00e1quina de lavar lou\u00e7a<\/strong>: F\u00e1cil de limpar, o que facilita a limpeza ap\u00f3s a recolha.<\/p>\n<p>\u00a0<\/p>\n<h3><span style=\"color: #7cd4d1;\"><strong>Ideal para<\/strong><\/span><\/h3>\n<h3 class=\"wp-block-heading\"><\/h3>\n<p><\/p>\n<h3 class=\"wp-block-heading\"><\/h3>\n<p><\/p>\n<h3 class=\"wp-block-heading\"><\/h3>\n<p>\u00a0<\/p>\n<p><\/p>\n<p><strong>Encontros \u00edntimos<\/strong>: Ideal para dar um toque especial \u00e0s pequenas ocasi\u00f5es pessoais ao ar livre.<\/p>\n<h3 class=\"wp-block-heading\"><\/h3>\n<p>\u00a0<\/p>\n<p><\/p>\n<p><strong>Festas animadas<\/strong>: D\u00e1 um toque de estilo e capricho a qualquer evento social.<\/p>\n<h3 class=\"wp-block-heading\"><\/h3>\n<p>\u00a0<\/p>\n<p><\/p>\n<p><strong>Jantar ao ar livre<\/strong>: Suficientemente dur\u00e1vel para piqueniques, churrascos e outros eventos ao ar livre.<\/p>\n<h3 class=\"wp-block-heading\"><\/h3>\n<p>\u00a0<\/p>\n<p><\/p>\n<p><strong>Eventos tem\u00e1ticos<\/strong>: Real\u00e7a as festas tem\u00e1ticas com um toque de cor e um design \u00fanico.<\/p>\n<h3 class=\"wp-block-heading\"><\/h3>\n<p>\u00a0<\/p>\n<p><\/p>\n<p><strong>Utiliza\u00e7\u00e3o quotidiana<\/strong>: Elegante e pr\u00e1tico para refei\u00e7\u00f5es di\u00e1rias e bebidas casuais.<\/p>\n<h3 class=\"wp-block-heading\"><\/h3>\n<p>\u00a0<\/p>\n<p><\/p>\n<p><strong>Presentes<\/strong>: Uma prenda chique e atenciosa para amigos e familiares que apreciam artigos para beber \u00fanicos e com estilo<\/p>\n<h3 class=\"wp-block-heading\"><\/h3>\t\t\t\t\t\t\t\t<\/div>\n\t\t\t\t<\/div>\n\t\t\t\t\t<\/div>\n\t\t\t\t<\/div>\n\t\t\t\t<\/div>","protected":false},"excerpt":{"rendered":"<p><!-- \/wp:heading --><\/p>\n<p><!-- wp:paragraph --><\/p>\n<p>Eleve a sua experi\u00eancia de servir com a ta\u00e7a grande MEMENTO SYNTH, uma fus\u00e3o de design intemporal e durabilidade moderna. Fabricada em material sint\u00e9tico inovador, esta ta\u00e7a combina resist\u00eancia e eleg\u00e2ncia, tornando-a perfeita para refei\u00e7\u00f5es no interior e no exterior.<\/p>\n<p><!-- \/wp:paragraph --><\/p>\n<p><!-- wp:paragraph --><\/p>\n<p>Com o seu tamanho generoso e design elegante, a Ta\u00e7a Grande MEMENTO SYNTH \u00e9 ideal para apresentar saladas, pratos de massa ou servir convidados. A ic\u00f3nica caracter\u00edstica da bolha de ar, que recorda as ta\u00e7as de vidro, acrescenta um toque de sofistica\u00e7\u00e3o e originalidade a cada apresenta\u00e7\u00e3o.<\/p>\n<p><!-- wp:paragraph --><\/p>\n<p>Melhore qualquer ambiente de mesa, desde jantares familiares informais a encontros festivos, com o charme sofisticado desta ta\u00e7a. Pode ser lavada na m\u00e1quina de lavar lou\u00e7a para uma limpeza sem esfor\u00e7o, permitindo-lhe passar mais tempo a desfrutar de momentos com os seus entes queridos. Dispon\u00edvel numa gama de cores vibrantes, oferece um toque personalizado \u00e0 decora\u00e7\u00e3o da sua mesa.<\/p>\n<p><b>Encomende agora para elevar a sua experi\u00eancia de servir com durabilidade, estilo e versatilidade!<\/b><\/p>","protected":false},"featured_media":10978,"comment_status":"open","ping_status":"closed","template":"","meta":{"_themeisle_gutenberg_block_has_review":false},"product_brand":[],"product_cat":[119,122,116,60,117,118,61],"product_tag":[],"class_list":{"0":"post-9216","1":"product","2":"type-product","3":"status-publish","4":"has-post-thumbnail","6":"product_cat-balconys","7":"product_cat-bowls","8":"product_cat-children","9":"product_cat-fun","10":"product_cat-garden","11":"product_cat-picnic","12":"product_cat-serving","13":"product_shipping_class-ce-ate-05kg","15":"first","16":"instock","17":"shipping-taxable","18":"purchasable","19":"product-type-variable"},"_links":{"self":[{"href":"https:\/\/2cookinn.com\/pt\/wp-json\/wp\/v2\/product\/9216","targetHints":{"allow":["GET"]}}],"collection":[{"href":"https:\/\/2cookinn.com\/pt\/wp-json\/wp\/v2\/product"}],"about":[{"href":"https:\/\/2cookinn.com\/pt\/wp-json\/wp\/v2\/types\/product"}],"replies":[{"embeddable":true,"href":"https:\/\/2cookinn.com\/pt\/wp-json\/wp\/v2\/comments?post=9216"}],"version-history":[{"count":20,"href":"https:\/\/2cookinn.com\/pt\/wp-json\/wp\/v2\/product\/9216\/revisions"}],"predecessor-version":[{"id":11432,"href":"https:\/\/2cookinn.com\/pt\/wp-json\/wp\/v2\/product\/9216\/revisions\/11432"}],"wp:featuredmedia":[{"embeddable":true,"href":"https:\/\/2cookinn.com\/pt\/wp-json\/wp\/v2\/media\/10978"}],"wp:attachment":[{"href":"https:\/\/2cookinn.com\/pt\/wp-json\/wp\/v2\/media?parent=9216"}],"wp:term":[{"taxonomy":"product_brand","embeddable":true,"href":"https:\/\/2cookinn.com\/pt\/wp-json\/wp\/v2\/product_brand?post=9216"},{"taxonomy":"product_cat","embeddable":true,"href":"https:\/\/2cookinn.com\/pt\/wp-json\/wp\/v2\/product_cat?post=9216"},{"taxonomy":"product_tag","embeddable":true,"href":"https:\/\/2cookinn.com\/pt\/wp-json\/wp\/v2\/product_tag?post=9216"}],"curies":[{"name":"wp","href":"https:\/\/api.w.org\/{rel}","templated":true}]}}