{"id":9344,"date":"2024-09-13T22:32:13","date_gmt":"2024-09-13T22:32:13","guid":{"rendered":"https:\/\/2cookinn.com\/?post_type=product&#038;p=9344"},"modified":"2024-10-11T12:06:40","modified_gmt":"2024-10-11T12:06:40","slug":"paderno-conical-strainer-with-stainless-steel-handle","status":"publish","type":"product","link":"https:\/\/2cookinn.com\/pt\/product\/paderno-conical-strainer-with-stainless-steel-handle\/","title":{"rendered":"Peneira C\u00f3nica Paderno com Cabo em A\u00e7o Inoxid\u00e1vel"},"content":{"rendered":"<div data-elementor-type=\"wp-post\" data-elementor-id=\"9344\" class=\"elementor elementor-9344\">\n\t\t\t\t<div class=\"elementor-element elementor-element-9f33226 e-flex e-con-boxed e-con e-parent\" data-id=\"9f33226\" data-element_type=\"container\" data-e-type=\"container\">\n\t\t\t\t\t<div class=\"e-con-inner\">\n\t\t\t\t<div class=\"elementor-element elementor-element-64d14be9 elementor-widget elementor-widget-text-editor\" data-id=\"64d14be9\" data-element_type=\"widget\" data-e-type=\"widget\" data-widget_type=\"text-editor.default\">\n\t\t\t\t<div class=\"elementor-widget-container\">\n\t\t\t\t\t\t\t\t\t<p><\/p>\n<p><\/p>\n<p><b>Peneira C\u00f3nica Paderno com Cabo em A\u00e7o Inoxid\u00e1vel<\/b><\/p>\n<h3 class=\"wp-block-heading\" style=\"color: #7cd4d1;\"><strong>Caracter\u00edsticas principais<\/strong><\/h3>\n<p><b>Design elegante:<\/b><span style=\"font-weight: 400;\"> Design elegante e moderno que acrescenta sofistica\u00e7\u00e3o a qualquer cozinha.<\/span><\/p>\n<p><b>Cabo ergon\u00f3mico:<\/b><span style=\"font-weight: 400;\"> Designed for a comfortable grip, ensuring ease of use and precise straining.<\/span><\/p>\n<p><b>Constru\u00e7\u00e3o duradoura<\/b><span style=\"font-weight: 400;\"> Fabricado em a\u00e7o inoxid\u00e1vel de alta qualidade para uma durabilidade e desempenho duradouros.<\/span><\/p>\n<p><b>Utiliza\u00e7\u00e3o vers\u00e1til:<\/b><span style=\"font-weight: 400;\"> Ideal for straining sauces, soups, stocks, and other culinary creations with ease.<\/span><\/p>\n<p><b>Fine Mesh:<\/b><span style=\"font-weight: 400;\"> Features a fine mesh for effective straining, ensuring smooth and lump-free results.<\/span><\/p>\n<p><b>F\u00e1cil de limpar:<\/b><span style=\"font-weight: 400;\"> Pode ser lavado na m\u00e1quina de lavar loi\u00e7a para uma limpeza r\u00e1pida e sem complica\u00e7\u00f5es, mantendo as suas tarefas na cozinha simples.<\/span><\/p>\n<p>\u00a0<\/p>\n<h3 class=\"wp-block-heading\"><\/h3>\n<h3 class=\"wp-block-heading\" style=\"color: #7cd4d1;\"><strong><strong>Ideal para<\/strong><\/strong><\/h3>\n<p><b>Cozinha di\u00e1ria:<\/b><span style=\"font-weight: 400;\"> Perfect for everyday use, making straining sauces and soups effortless.<\/span><\/p>\n<p><b>Receber convidados:<\/b><span style=\"font-weight: 400;\"> Impress your guests with smooth and perfectly strained dishes.<\/span><\/p>\n<p><b>Presentes atenciosos:<\/b><span style=\"font-weight: 400;\"> Um presente pr\u00e1tico e elegante para os entusiastas da culin\u00e1ria e para todos os que adoram uma cozinha bem equipada.<\/span><\/p>\n<p class=\"wp-block-heading\"><\/p>\n<h3 class=\"wp-block-heading\"><\/h3>\t\t\t\t\t\t\t\t<\/div>\n\t\t\t\t<\/div>\n\t\t\t\t\t<\/div>\n\t\t\t\t<\/div>\n\t\t\t\t<\/div>","protected":false},"excerpt":{"rendered":"<p><!-- wp:heading {\"level\":3} --><\/p>\n<p><!-- wp:paragraph --><\/p>\n<p><strong>Paderno <\/strong><b>Conical Strainer with Stainless Steel Handle<\/b><\/p>\n<p><span style=\"font-weight: 400;\">Strain with precision using the Paderno Conical Strainer with Stainless Steel Handle. Crafted for durability and versatility, this conical strainer features a sleek design and ergonomic handle, making your kitchen tasks easier and more efficient. Perfect for straining sauces, soups, and stocks, elevate your culinary experience with this essential kitchen tool.<\/span><\/p>\n<p><b>Upgrade your kitchen with the Paderno Conical Strainer, combining elegance and functionality for all your straining needs.<\/b><\/p>\n<p>&nbsp;<\/p>\n<p>&nbsp;<\/p>\n<p><!-- \/wp:paragraph --><\/p>","protected":false},"featured_media":10472,"comment_status":"open","ping_status":"closed","template":"","meta":{"_themeisle_gutenberg_block_has_review":false},"product_brand":[],"product_cat":[110],"product_tag":[],"class_list":{"0":"post-9344","1":"product","2":"type-product","3":"status-publish","4":"has-post-thumbnail","6":"product_cat-preparation","7":"product_shipping_class-ce-ate-1kg","9":"first","10":"instock","11":"shipping-taxable","12":"purchasable","13":"product-type-simple"},"_links":{"self":[{"href":"https:\/\/2cookinn.com\/pt\/wp-json\/wp\/v2\/product\/9344","targetHints":{"allow":["GET"]}}],"collection":[{"href":"https:\/\/2cookinn.com\/pt\/wp-json\/wp\/v2\/product"}],"about":[{"href":"https:\/\/2cookinn.com\/pt\/wp-json\/wp\/v2\/types\/product"}],"replies":[{"embeddable":true,"href":"https:\/\/2cookinn.com\/pt\/wp-json\/wp\/v2\/comments?post=9344"}],"version-history":[{"count":8,"href":"https:\/\/2cookinn.com\/pt\/wp-json\/wp\/v2\/product\/9344\/revisions"}],"predecessor-version":[{"id":9352,"href":"https:\/\/2cookinn.com\/pt\/wp-json\/wp\/v2\/product\/9344\/revisions\/9352"}],"wp:featuredmedia":[{"embeddable":true,"href":"https:\/\/2cookinn.com\/pt\/wp-json\/wp\/v2\/media\/10472"}],"wp:attachment":[{"href":"https:\/\/2cookinn.com\/pt\/wp-json\/wp\/v2\/media?parent=9344"}],"wp:term":[{"taxonomy":"product_brand","embeddable":true,"href":"https:\/\/2cookinn.com\/pt\/wp-json\/wp\/v2\/product_brand?post=9344"},{"taxonomy":"product_cat","embeddable":true,"href":"https:\/\/2cookinn.com\/pt\/wp-json\/wp\/v2\/product_cat?post=9344"},{"taxonomy":"product_tag","embeddable":true,"href":"https:\/\/2cookinn.com\/pt\/wp-json\/wp\/v2\/product_tag?post=9344"}],"curies":[{"name":"wp","href":"https:\/\/api.w.org\/{rel}","templated":true}]}}