{"id":9353,"date":"2024-09-13T22:39:58","date_gmt":"2024-09-13T22:39:58","guid":{"rendered":"https:\/\/2cookinn.com\/?post_type=product&#038;p=9353"},"modified":"2024-10-11T12:05:15","modified_gmt":"2024-10-11T12:05:15","slug":"paderno-bottle-opener-with-polypropylene-handle","status":"publish","type":"product","link":"https:\/\/2cookinn.com\/pt\/product\/paderno-bottle-opener-with-polypropylene-handle\/","title":{"rendered":"Abridor de garrafas Paderno com cabo de polipropileno"},"content":{"rendered":"<div data-elementor-type=\"wp-post\" data-elementor-id=\"9353\" class=\"elementor elementor-9353\">\n\t\t\t\t<div class=\"elementor-element elementor-element-9f33226 e-flex e-con-boxed e-con e-parent\" data-id=\"9f33226\" data-element_type=\"container\" data-e-type=\"container\">\n\t\t\t\t\t<div class=\"e-con-inner\">\n\t\t\t\t<div class=\"elementor-element elementor-element-64d14be9 elementor-widget elementor-widget-text-editor\" data-id=\"64d14be9\" data-element_type=\"widget\" data-e-type=\"widget\" data-widget_type=\"text-editor.default\">\n\t\t\t\t<div class=\"elementor-widget-container\">\n\t\t\t\t\t\t\t\t\t<p><\/p>\n<p><\/p>\n<p><b>Abridor de garrafas Paderno com cabo de polipropileno<\/b><\/p>\n<h3 class=\"wp-block-heading\" style=\"color: #7cd4d1;\"><strong>Caracter\u00edsticas principais<\/strong><\/h3>\n<p><b>Design elegante:<\/b><span style=\"font-weight: 400;\"> Modern and stylish design that complements any kitchen or bar decor.<\/span><\/p>\n<p><b>Cabo ergon\u00f3mico:<\/b><span style=\"font-weight: 400;\"> Designed for a comfortable grip, ensuring ease of use and efficient bottle opening.<\/span><\/p>\n<p><b>Constru\u00e7\u00e3o duradoura<\/b><span style=\"font-weight: 400;\"> Made from high-quality materials, including a sturdy polypropylene handle, for long-lasting durability.<\/span><\/p>\n<p><b>Utiliza\u00e7\u00e3o vers\u00e1til:<\/b><span style=\"font-weight: 400;\"> Ideal for opening beer, soda, and other bottled beverages with ease.<\/span><\/p>\n<p><b>Compact Size:<\/b><span style=\"font-weight: 400;\"> Easy to store in kitchen drawers or bar carts, keeping it within reach whenever needed.<\/span><\/p>\n<p><b>F\u00e1cil de limpar:<\/b><span style=\"font-weight: 400;\"> Dishwasher safe for quick and hassle-free cleaning, making your life simpler.<\/span><\/p>\n<p>\u00a0<\/p>\n<h3 class=\"wp-block-heading\"><\/h3>\n<h3 class=\"wp-block-heading\" style=\"color: #7cd4d1;\"><strong><strong>Ideal para<\/strong><\/strong><\/h3>\n<p><b>Utiliza\u00e7\u00e3o di\u00e1ria:<\/b><span style=\"font-weight: 400;\"> Perfect for everyday use, making opening bottles quick and effortless.<\/span><\/p>\n<p><b>Receber convidados:<\/b><span style=\"font-weight: 400;\"> Impress your guests with a reliable and stylish bottle opener at your next gathering.<\/span><\/p>\n<p><b>Presentes atenciosos:<\/b><span style=\"font-weight: 400;\"> A practical and stylish gift for anyone who enjoys entertaining or needs a reliable kitchen tool.<\/span><\/p>\n<p class=\"wp-block-heading\"><\/p>\n<h3 class=\"wp-block-heading\"><\/h3>\t\t\t\t\t\t\t\t<\/div>\n\t\t\t\t<\/div>\n\t\t\t\t\t<\/div>\n\t\t\t\t<\/div>\n\t\t\t\t<\/div>","protected":false},"excerpt":{"rendered":"<p><!-- wp:heading {\"level\":3} --><\/p>\n<p><!-- wp:paragraph --><\/p>\n<h5><b>Abridor de garrafas Paderno com cabo de polipropileno<\/b><\/h5>\n<h5><span style=\"font-weight: 400;\">Open bottles with ease using the Paderno Bottle Opener with Polypropylene Handle. Designed for durability and comfort, this bottle opener features a sleek design and ergonomic handle, making it a must-have tool for your kitchen or bar. Perfect for opening beer, soda, and other bottled beverages, elevate your entertaining experience with this essential accessory.<\/span><\/h5>\n<h5><b>Enhance your kitchen or bar with the Paderno Bottle Opener, combining style and functionality for effortless bottle opening.<\/b><\/h5>\n<h5>\u00a0<\/h5>\n<h5>\u00a0<\/h5>\n<p><!-- \/wp:paragraph --><\/p>","protected":false},"featured_media":10471,"comment_status":"open","ping_status":"closed","template":"","meta":{"_themeisle_gutenberg_block_has_review":false},"product_brand":[],"product_cat":[62,60],"product_tag":[],"class_list":{"0":"post-9353","1":"product","2":"type-product","3":"status-publish","4":"has-post-thumbnail","6":"product_cat-drinking","7":"product_cat-fun","8":"product_shipping_class-ce-ate-1kg","10":"first","11":"instock","12":"shipping-taxable","13":"purchasable","14":"product-type-simple"},"_links":{"self":[{"href":"https:\/\/2cookinn.com\/pt\/wp-json\/wp\/v2\/product\/9353","targetHints":{"allow":["GET"]}}],"collection":[{"href":"https:\/\/2cookinn.com\/pt\/wp-json\/wp\/v2\/product"}],"about":[{"href":"https:\/\/2cookinn.com\/pt\/wp-json\/wp\/v2\/types\/product"}],"replies":[{"embeddable":true,"href":"https:\/\/2cookinn.com\/pt\/wp-json\/wp\/v2\/comments?post=9353"}],"version-history":[{"count":6,"href":"https:\/\/2cookinn.com\/pt\/wp-json\/wp\/v2\/product\/9353\/revisions"}],"predecessor-version":[{"id":10470,"href":"https:\/\/2cookinn.com\/pt\/wp-json\/wp\/v2\/product\/9353\/revisions\/10470"}],"wp:featuredmedia":[{"embeddable":true,"href":"https:\/\/2cookinn.com\/pt\/wp-json\/wp\/v2\/media\/10471"}],"wp:attachment":[{"href":"https:\/\/2cookinn.com\/pt\/wp-json\/wp\/v2\/media?parent=9353"}],"wp:term":[{"taxonomy":"product_brand","embeddable":true,"href":"https:\/\/2cookinn.com\/pt\/wp-json\/wp\/v2\/product_brand?post=9353"},{"taxonomy":"product_cat","embeddable":true,"href":"https:\/\/2cookinn.com\/pt\/wp-json\/wp\/v2\/product_cat?post=9353"},{"taxonomy":"product_tag","embeddable":true,"href":"https:\/\/2cookinn.com\/pt\/wp-json\/wp\/v2\/product_tag?post=9353"}],"curies":[{"name":"wp","href":"https:\/\/api.w.org\/{rel}","templated":true}]}}