{"id":9395,"date":"2024-09-13T23:24:15","date_gmt":"2024-09-13T23:24:15","guid":{"rendered":"https:\/\/2cookinn.com\/?post_type=product&#038;p=9395"},"modified":"2024-10-11T12:03:35","modified_gmt":"2024-10-11T12:03:35","slug":"paderno-stainless-steel-handle-corer-melon-baller","status":"publish","type":"product","link":"https:\/\/2cookinn.com\/pt\/product\/paderno-stainless-steel-handle-corer-melon-baller\/","title":{"rendered":"Descascador\/esfregador de mel\u00e3o com cabo de a\u00e7o inoxid\u00e1vel Paderno"},"content":{"rendered":"<div data-elementor-type=\"wp-post\" data-elementor-id=\"9395\" class=\"elementor elementor-9395\">\n\t\t\t\t<div class=\"elementor-element elementor-element-9f33226 e-flex e-con-boxed e-con e-parent\" data-id=\"9f33226\" data-element_type=\"container\" data-e-type=\"container\">\n\t\t\t\t\t<div class=\"e-con-inner\">\n\t\t\t\t<div class=\"elementor-element elementor-element-64d14be9 elementor-widget elementor-widget-text-editor\" data-id=\"64d14be9\" data-element_type=\"widget\" data-e-type=\"widget\" data-widget_type=\"text-editor.default\">\n\t\t\t\t<div class=\"elementor-widget-container\">\n\t\t\t\t\t\t\t\t\t<p><\/p>\n<p><\/p>\n<p><b>Descascador\/esfregador de mel\u00e3o com cabo de a\u00e7o inoxid\u00e1vel Paderno<\/b><\/p>\n<h3 class=\"wp-block-heading\" style=\"color: #7cd4d1;\"><strong>Caracter\u00edsticas principais<\/strong><\/h3>\n<p><b>Dupla funcionalidade<\/b><span style=\"font-weight: 400;\"> Versatile design allows for both coring fruits and creating uniform melon balls.<\/span><\/p>\n<p><b>Constru\u00e7\u00e3o duradoura<\/b><span style=\"font-weight: 400;\"> Features a high-quality stainless steel handle for strength and longevity.<\/span><\/p>\n<p><b>Design de precis\u00e3o:<\/b><span style=\"font-weight: 400;\"> Engineered for smooth and efficient operation, ensuring clean cuts and perfectly shaped fruit portions.<\/span><\/p>\n<p><b>Cabo ergon\u00f3mico:<\/b><span style=\"font-weight: 400;\"> Provides a comfortable grip for easy handling and control during use.<\/span><\/p>\n<p><b>Utiliza\u00e7\u00e3o vers\u00e1til:<\/b><span style=\"font-weight: 400;\"> Ideal para preparar saladas de frutas, guarni\u00e7\u00f5es e pratos decorativos.<\/span><\/p>\n<p>\u00a0<\/p>\n<h3 class=\"wp-block-heading\"><\/h3>\n<h3 class=\"wp-block-heading\" style=\"color: #7cd4d1;\"><strong>Ideal para<\/strong><\/h3>\n<p><b>Cozinha di\u00e1ria:<\/b><span style=\"font-weight: 400;\"> Perfeito para preparar frutas para saladas, lanches e outros pratos.<\/span><\/p>\n<p><b>Receber convidados:<\/b><span style=\"font-weight: 400;\"> Enhance your presentations with beautifully shaped fruit balls and cores.<\/span><\/p>\n<p><b>Presentes atenciosos:<\/b><span style=\"font-weight: 400;\"> Um presente pr\u00e1tico e elegante para os entusiastas da culin\u00e1ria e para qualquer pessoa que pretenda elevar os seus utens\u00edlios de cozinha.<\/span><\/p>\n<p class=\"wp-block-heading\"><\/p>\n<h3 class=\"wp-block-heading\"><\/h3>\t\t\t\t\t\t\t\t<\/div>\n\t\t\t\t<\/div>\n\t\t\t\t\t<\/div>\n\t\t\t\t<\/div>\n\t\t\t\t<\/div>","protected":false},"excerpt":{"rendered":"<p><!-- wp:heading {\"level\":3} --><\/p>\n<p><!-- wp:paragraph --><\/p>\n<h5><b>Descascador\/esfregador de mel\u00e3o com cabo de a\u00e7o inoxid\u00e1vel Paderno<\/b><\/h5>\n<h5><span style=\"font-weight: 400;\">Discover the ultimate versatility in your kitchen with the Paderno Stainless Steel Handle Corer\/Melon Baller\u2014a tool designed for precision and ease. Crafted with a durable stainless steel handle, this dual-function gadget effortlessly cores fruits and creates perfect melon balls, making it a must-have for your culinary adventures.<\/span><\/h5>\n<h5><b>Elevate your kitchen toolkit with the Paderno Corer\/Melon Baller and add a touch of finesse to your fruit preparations and presentations.<\/b><\/h5>\n<p><!-- \/wp:paragraph --><\/p>","protected":false},"featured_media":10450,"comment_status":"open","ping_status":"closed","template":"","meta":{"_themeisle_gutenberg_block_has_review":false},"product_brand":[],"product_cat":[110],"product_tag":[],"class_list":{"0":"post-9395","1":"product","2":"type-product","3":"status-publish","4":"has-post-thumbnail","6":"product_cat-preparation","7":"product_shipping_class-ce-ate-1kg","9":"first","10":"instock","11":"shipping-taxable","12":"purchasable","13":"product-type-simple"},"_links":{"self":[{"href":"https:\/\/2cookinn.com\/pt\/wp-json\/wp\/v2\/product\/9395","targetHints":{"allow":["GET"]}}],"collection":[{"href":"https:\/\/2cookinn.com\/pt\/wp-json\/wp\/v2\/product"}],"about":[{"href":"https:\/\/2cookinn.com\/pt\/wp-json\/wp\/v2\/types\/product"}],"replies":[{"embeddable":true,"href":"https:\/\/2cookinn.com\/pt\/wp-json\/wp\/v2\/comments?post=9395"}],"version-history":[{"count":8,"href":"https:\/\/2cookinn.com\/pt\/wp-json\/wp\/v2\/product\/9395\/revisions"}],"predecessor-version":[{"id":10449,"href":"https:\/\/2cookinn.com\/pt\/wp-json\/wp\/v2\/product\/9395\/revisions\/10449"}],"wp:featuredmedia":[{"embeddable":true,"href":"https:\/\/2cookinn.com\/pt\/wp-json\/wp\/v2\/media\/10450"}],"wp:attachment":[{"href":"https:\/\/2cookinn.com\/pt\/wp-json\/wp\/v2\/media?parent=9395"}],"wp:term":[{"taxonomy":"product_brand","embeddable":true,"href":"https:\/\/2cookinn.com\/pt\/wp-json\/wp\/v2\/product_brand?post=9395"},{"taxonomy":"product_cat","embeddable":true,"href":"https:\/\/2cookinn.com\/pt\/wp-json\/wp\/v2\/product_cat?post=9395"},{"taxonomy":"product_tag","embeddable":true,"href":"https:\/\/2cookinn.com\/pt\/wp-json\/wp\/v2\/product_tag?post=9395"}],"curies":[{"name":"wp","href":"https:\/\/api.w.org\/{rel}","templated":true}]}}