{"id":9415,"date":"2024-09-13T23:33:46","date_gmt":"2024-09-13T23:33:46","guid":{"rendered":"https:\/\/2cookinn.com\/?post_type=product&#038;p=9415"},"modified":"2024-10-11T12:03:11","modified_gmt":"2024-10-11T12:03:11","slug":"paderno-polypropylene-handle-non-serrated-vegetable-knife","status":"publish","type":"product","link":"https:\/\/2cookinn.com\/pt\/product\/paderno-polypropylene-handle-non-serrated-vegetable-knife\/","title":{"rendered":"Faca para Legumes Paderno com Punho de Polipropileno e L\u00e2mina N\u00e3o Serrilhada"},"content":{"rendered":"<div data-elementor-type=\"wp-post\" data-elementor-id=\"9415\" class=\"elementor elementor-9415\">\n\t\t\t\t<div class=\"elementor-element elementor-element-9f33226 e-flex e-con-boxed e-con e-parent\" data-id=\"9f33226\" data-element_type=\"container\" data-e-type=\"container\">\n\t\t\t\t\t<div class=\"e-con-inner\">\n\t\t\t\t<div class=\"elementor-element elementor-element-64d14be9 elementor-widget elementor-widget-text-editor\" data-id=\"64d14be9\" data-element_type=\"widget\" data-e-type=\"widget\" data-widget_type=\"text-editor.default\">\n\t\t\t\t<div class=\"elementor-widget-container\">\n\t\t\t\t\t\t\t\t\t<p><\/p>\n<p><\/p>\n<p><b>Faca para Legumes Paderno com Punho de Polipropileno e L\u00e2mina N\u00e3o Serrilhada<\/b><\/p>\n<h3 class=\"wp-block-heading\" style=\"color: #7cd4d1;\"><strong>Caracter\u00edsticas principais<\/strong><\/h3>\n<p><b>Non-Serrated Blade:<\/b><span style=\"font-weight: 400;\"> Smooth edge designed for clean and precise slicing of vegetables without crushing or tearing.<\/span><\/p>\n<p><b>Pega duradoura:<\/b><span style=\"font-weight: 400;\"> Fabricado em polipropileno de alta qualidade para uma ader\u00eancia confort\u00e1vel e segura.<\/span><\/p>\n<p><b>Corte de Precis\u00e3o:<\/b><span style=\"font-weight: 400;\"> Ensures accurate and efficient cutting for all your vegetable preparations.<\/span><\/p>\n<p><b>Design ergon\u00f3mico:<\/b><span style=\"font-weight: 400;\"> Proporciona uma pega confort\u00e1vel para um manuseamento e controlo f\u00e1ceis.<\/span><\/p>\n<p><b>Utiliza\u00e7\u00e3o vers\u00e1til:<\/b><span style=\"font-weight: 400;\"> Ideal for slicing a variety of vegetables, making meal prep quick and easy.<\/span><\/p>\n<p>\u00a0<\/p>\n<h3 class=\"wp-block-heading\"><\/h3>\n<h3 class=\"wp-block-heading\" style=\"color: #7cd4d1;\"><strong>Ideal para<\/strong><\/h3>\n<p><b>Cozinha di\u00e1ria:<\/b><span style=\"font-weight: 400;\"> Perfect for slicing vegetables with precision and ease.<\/span><\/p>\n<p><b>Resultados profissionais:<\/b><span style=\"font-weight: 400;\"> Achieve clean cuts without crushing or tearing ingredients.<\/span><\/p>\n<p><b>Presentes atenciosos:<\/b><span style=\"font-weight: 400;\"> Um presente pr\u00e1tico e elegante para os entusiastas da culin\u00e1ria e para qualquer pessoa que pretenda melhorar os seus utens\u00edlios de cozinha<\/span><\/p>\n<p class=\"wp-block-heading\"><\/p>\n<h3 class=\"wp-block-heading\"><\/h3>\t\t\t\t\t\t\t\t<\/div>\n\t\t\t\t<\/div>\n\t\t\t\t\t<\/div>\n\t\t\t\t<\/div>\n\t\t\t\t<\/div>","protected":false},"excerpt":{"rendered":"<p><!-- wp:heading {\"level\":3} --><\/p>\n<p><!-- wp:paragraph --><\/p>\n<h5><strong>Cortadorr de mel\u00e3o com cabo de polipropileno Paderno <b>Non-Serrated Vegetable Knife<\/b><\/strong><\/h5>\n<h5><span style=\"font-weight: 400;\">Discover the versatility and precision of the Paderno Polypropylene Handle Non-Serrated Vegetable Knife\u2014a must-have tool for any kitchen. Crafted with a durable polypropylene handle, this knife ensures comfort and control, while its smooth edge delivers clean and precise slicing action.<\/span><\/h5>\n<h5><b>Upgrade your kitchen toolkit with the Paderno Polypropylene Handle Non-Serrated Vegetable Knife and achieve professional-quality results with every cut.<\/b><\/h5>\n<p><!-- \/wp:paragraph --><\/p>","protected":false},"featured_media":10444,"comment_status":"open","ping_status":"closed","template":"","meta":{"_themeisle_gutenberg_block_has_review":false},"product_brand":[],"product_cat":[110],"product_tag":[],"class_list":{"0":"post-9415","1":"product","2":"type-product","3":"status-publish","4":"has-post-thumbnail","6":"product_cat-preparation","7":"product_shipping_class-ce-ate-1kg","9":"first","10":"instock","11":"shipping-taxable","12":"purchasable","13":"product-type-simple"},"_links":{"self":[{"href":"https:\/\/2cookinn.com\/pt\/wp-json\/wp\/v2\/product\/9415","targetHints":{"allow":["GET"]}}],"collection":[{"href":"https:\/\/2cookinn.com\/pt\/wp-json\/wp\/v2\/product"}],"about":[{"href":"https:\/\/2cookinn.com\/pt\/wp-json\/wp\/v2\/types\/product"}],"replies":[{"embeddable":true,"href":"https:\/\/2cookinn.com\/pt\/wp-json\/wp\/v2\/comments?post=9415"}],"version-history":[{"count":6,"href":"https:\/\/2cookinn.com\/pt\/wp-json\/wp\/v2\/product\/9415\/revisions"}],"predecessor-version":[{"id":10443,"href":"https:\/\/2cookinn.com\/pt\/wp-json\/wp\/v2\/product\/9415\/revisions\/10443"}],"wp:featuredmedia":[{"embeddable":true,"href":"https:\/\/2cookinn.com\/pt\/wp-json\/wp\/v2\/media\/10444"}],"wp:attachment":[{"href":"https:\/\/2cookinn.com\/pt\/wp-json\/wp\/v2\/media?parent=9415"}],"wp:term":[{"taxonomy":"product_brand","embeddable":true,"href":"https:\/\/2cookinn.com\/pt\/wp-json\/wp\/v2\/product_brand?post=9415"},{"taxonomy":"product_cat","embeddable":true,"href":"https:\/\/2cookinn.com\/pt\/wp-json\/wp\/v2\/product_cat?post=9415"},{"taxonomy":"product_tag","embeddable":true,"href":"https:\/\/2cookinn.com\/pt\/wp-json\/wp\/v2\/product_tag?post=9415"}],"curies":[{"name":"wp","href":"https:\/\/api.w.org\/{rel}","templated":true}]}}