{"id":9421,"date":"2024-09-13T23:36:18","date_gmt":"2024-09-13T23:36:18","guid":{"rendered":"https:\/\/2cookinn.com\/?post_type=product&#038;p=9421"},"modified":"2024-10-11T12:03:03","modified_gmt":"2024-10-11T12:03:03","slug":"paderno-stainless-steel-handle-y-shaped-swivel-peeler","status":"publish","type":"product","link":"https:\/\/2cookinn.com\/pt\/product\/paderno-stainless-steel-handle-y-shaped-swivel-peeler\/","title":{"rendered":"Descascador em Y Girat\u00f3rio com Cabo de Inox Paderno"},"content":{"rendered":"<div data-elementor-type=\"wp-post\" data-elementor-id=\"9421\" class=\"elementor elementor-9421\">\n\t\t\t\t<div class=\"elementor-element elementor-element-9f33226 e-flex e-con-boxed e-con e-parent\" data-id=\"9f33226\" data-element_type=\"container\" data-e-type=\"container\">\n\t\t\t\t\t<div class=\"e-con-inner\">\n\t\t\t\t<div class=\"elementor-element elementor-element-64d14be9 elementor-widget elementor-widget-text-editor\" data-id=\"64d14be9\" data-element_type=\"widget\" data-e-type=\"widget\" data-widget_type=\"text-editor.default\">\n\t\t\t\t<div class=\"elementor-widget-container\">\n\t\t\t\t\t\t\t\t\t<p><\/p>\n<p><\/p>\n<p><b>Faca para Legumes Paderno com Punho de Polipropileno e L\u00e2mina N\u00e3o Serrilhada<\/b><\/p>\n<h3 class=\"wp-block-heading\" style=\"color: #7cd4d1;\"><strong>Caracter\u00edsticas principais<\/strong><\/h3>\n<p><b>Y-shaped Design:<\/b><span style=\"font-weight: 400;\"> Provides stability and control for smooth and efficient peeling.<\/span><\/p>\n<p><b>Swivel Blade:<\/b><span style=\"font-weight: 400;\"> Adapts to the contours of fruits and vegetables for effortless peeling.<\/span><\/p>\n<p><b>Constru\u00e7\u00e3o duradoura<\/b><span style=\"font-weight: 400;\"> Fabricado em a\u00e7o inoxid\u00e1vel de alta qualidade para uma durabilidade e desempenho duradouros.<\/span><\/p>\n<p><b>Cabo ergon\u00f3mico:<\/b><span style=\"font-weight: 400;\"> Apresenta uma confort\u00e1vel pega de a\u00e7o inoxid\u00e1vel para uma ader\u00eancia segura e f\u00e1cil.<\/span><\/p>\n<p><b>Utiliza\u00e7\u00e3o vers\u00e1til:<\/b><span style=\"font-weight: 400;\"> Ideal for peeling a variety of fruits and vegetables with ease.<\/span><\/p>\n<h3 class=\"wp-block-heading\"><\/h3>\n<h3 class=\"wp-block-heading\" style=\"color: #7cd4d1;\"><strong>Ideal para<\/strong><\/h3>\n<p><b>Cozinha di\u00e1ria:<\/b><span style=\"font-weight: 400;\"> Perfect for peeling potatoes, carrots, apples, and more with precision.<\/span><\/p>\n<p><b>Resultados profissionais:<\/b><span style=\"font-weight: 400;\"> Achieve clean and efficient peeling for all your culinary needs.<\/span><\/p>\n<p><b>Presentes atenciosos:<\/b><span style=\"font-weight: 400;\"> A practical and stylish gift for cooking enthusiasts and anyone looking to enhance their kitchen tools.<\/span><\/p>\n<p class=\"wp-block-heading\"><\/p>\n<h3 class=\"wp-block-heading\"><\/h3>\t\t\t\t\t\t\t\t<\/div>\n\t\t\t\t<\/div>\n\t\t\t\t\t<\/div>\n\t\t\t\t<\/div>\n\t\t\t\t<\/div>","protected":false},"excerpt":{"rendered":"<p><!-- wp:heading {\"level\":3} --><\/p>\n<p><!-- wp:paragraph --><\/p>\n<h5><strong>Descascador em Y Girat\u00f3rio com Cabo de Inox Paderno<\/strong><\/h5>\n<h5><span style=\"font-weight: 400;\">Enhance your kitchen efficiency with the Paderno Stainless Steel Handle Y-shaped Swivel Peeler\u2014a versatile tool for effortless peeling. Crafted with precision, this peeler features a durable stainless steel handle that ensures durability and control while peeling fruits and vegetables.<\/span><\/h5>\n<h5><b>Elevate your culinary experience with the Paderno Stainless Steel Handle Y-shaped Swivel Peeler, designed for efficiency and ease.<\/b><\/h5>\n<p><!-- \/wp:paragraph --><\/p>","protected":false},"featured_media":10440,"comment_status":"open","ping_status":"closed","template":"","meta":{"_themeisle_gutenberg_block_has_review":false},"product_brand":[],"product_cat":[110],"product_tag":[],"class_list":{"0":"post-9421","1":"product","2":"type-product","3":"status-publish","4":"has-post-thumbnail","6":"product_cat-preparation","7":"product_shipping_class-ce-ate-1kg","9":"first","10":"instock","11":"shipping-taxable","12":"purchasable","13":"product-type-simple"},"_links":{"self":[{"href":"https:\/\/2cookinn.com\/pt\/wp-json\/wp\/v2\/product\/9421","targetHints":{"allow":["GET"]}}],"collection":[{"href":"https:\/\/2cookinn.com\/pt\/wp-json\/wp\/v2\/product"}],"about":[{"href":"https:\/\/2cookinn.com\/pt\/wp-json\/wp\/v2\/types\/product"}],"replies":[{"embeddable":true,"href":"https:\/\/2cookinn.com\/pt\/wp-json\/wp\/v2\/comments?post=9421"}],"version-history":[{"count":6,"href":"https:\/\/2cookinn.com\/pt\/wp-json\/wp\/v2\/product\/9421\/revisions"}],"predecessor-version":[{"id":10439,"href":"https:\/\/2cookinn.com\/pt\/wp-json\/wp\/v2\/product\/9421\/revisions\/10439"}],"wp:featuredmedia":[{"embeddable":true,"href":"https:\/\/2cookinn.com\/pt\/wp-json\/wp\/v2\/media\/10440"}],"wp:attachment":[{"href":"https:\/\/2cookinn.com\/pt\/wp-json\/wp\/v2\/media?parent=9421"}],"wp:term":[{"taxonomy":"product_brand","embeddable":true,"href":"https:\/\/2cookinn.com\/pt\/wp-json\/wp\/v2\/product_brand?post=9421"},{"taxonomy":"product_cat","embeddable":true,"href":"https:\/\/2cookinn.com\/pt\/wp-json\/wp\/v2\/product_cat?post=9421"},{"taxonomy":"product_tag","embeddable":true,"href":"https:\/\/2cookinn.com\/pt\/wp-json\/wp\/v2\/product_tag?post=9421"}],"curies":[{"name":"wp","href":"https:\/\/api.w.org\/{rel}","templated":true}]}}