{"id":9442,"date":"2024-09-14T10:41:27","date_gmt":"2024-09-14T10:41:27","guid":{"rendered":"https:\/\/2cookinn.com\/?post_type=product&#038;p=9442"},"modified":"2024-10-11T12:02:18","modified_gmt":"2024-10-11T12:02:18","slug":"paderno-kitchen-pastry-bar-utensils-strainer","status":"publish","type":"product","link":"https:\/\/2cookinn.com\/pt\/product\/paderno-kitchen-pastry-bar-utensils-strainer\/","title":{"rendered":"Paderno Utens\u00edlios de Cozinha, Pastelaria e Bar Escorredor\u00a0"},"content":{"rendered":"<div data-elementor-type=\"wp-post\" data-elementor-id=\"9442\" class=\"elementor elementor-9442\">\n\t\t\t\t<div class=\"elementor-element elementor-element-9f33226 e-flex e-con-boxed e-con e-parent\" data-id=\"9f33226\" data-element_type=\"container\" data-e-type=\"container\">\n\t\t\t\t\t<div class=\"e-con-inner\">\n\t\t\t\t<div class=\"elementor-element elementor-element-64d14be9 elementor-widget elementor-widget-text-editor\" data-id=\"64d14be9\" data-element_type=\"widget\" data-e-type=\"widget\" data-widget_type=\"text-editor.default\">\n\t\t\t\t<div class=\"elementor-widget-container\">\n\t\t\t\t\t\t\t\t\t<p><\/p>\n<p><\/p>\n<p><b>Paderno Utens\u00edlios de Cozinha, Pastelaria e Bar Escorredor <\/b><\/p>\n<h3 class=\"wp-block-heading\" style=\"color: #7cd4d1;\"><strong>Caracter\u00edsticas principais<\/strong><\/h3>\n<p><b>Design c\u00f3nico:<\/b><span style=\"font-weight: 400;\"> Proporciona um espa\u00e7o \u00f3timo para uma coagem eficiente e completa de sopas e molhos.<\/span><\/p>\n<p><b>Tamanho generoso:<\/b><span style=\"font-weight: 400;\"> O di\u00e2metro de 18,0 cm oferece uma ampla capacidade para coar grandes quantidades.<\/span><\/p>\n<p><b>Constru\u00e7\u00e3o duradoura<\/b><span style=\"font-weight: 400;\"> Made from high-quality materials to ensure long-lasting performance and durability.<\/span><\/p>\n<p><b>Artigo de precis\u00e3o:<\/b><span style=\"font-weight: 400;\"> Desenhada para obter texturas suaves e refinadas nas suas cria\u00e7\u00f5es culin\u00e1rias.<\/span><\/p>\n<p><b>Utiliza\u00e7\u00e3o vers\u00e1til:<\/b><span style=\"font-weight: 400;\"> Ideal para coar sopas, molhos, caldos e outros l\u00edquidos com facilidade.<\/span><\/p>\n<p>\u00a0<\/p>\n<h3 class=\"wp-block-heading\"><\/h3>\n<h3 class=\"wp-block-heading\" style=\"color: #7cd4d1;\"><strong>Ideal para<\/strong><\/h3>\n<p><b>Cozinha di\u00e1ria:<\/b><span style=\"font-weight: 400;\"> Perfeito para obter sopas e molhos suaves e refinados em casa.<\/span><\/p>\n<p><b>Cozinhas profissionais:<\/b><span style=\"font-weight: 400;\"> Uma ferramenta indispens\u00e1vel para os chefes que procuram resultados impec\u00e1veis nas suas cria\u00e7\u00f5es culin\u00e1rias.<\/span><\/p>\n<p><b>Presentes atenciosos:<\/b><span style=\"font-weight: 400;\"> Um presente pr\u00e1tico e elegante para os entusiastas da culin\u00e1ria e para qualquer pessoa que pretenda melhorar os seus utens\u00edlios de cozinha<\/span><\/p>\n<p>\u00a0<\/p>\n<p class=\"wp-block-heading\"><\/p>\n<h3 class=\"wp-block-heading\"><\/h3>\t\t\t\t\t\t\t\t<\/div>\n\t\t\t\t<\/div>\n\t\t\t\t\t<\/div>\n\t\t\t\t<\/div>\n\t\t\t\t<\/div>","protected":false},"excerpt":{"rendered":"<p><!-- wp:heading {\"level\":3} --><\/p>\n<p><!-- wp:paragraph --><\/p>\n<h5><strong>Paderno <\/strong><b>Kitchen, Pastry &amp; Bar Utensils Strainer\u00a0<\/b><\/h5>\n<h5><span style=\"font-weight: 400;\">Introducing the Paderno Kitchen, Pastry &amp; Bar Utensils Strainer for Soup and Sauces\u2014a versatile tool designed to achieve perfectly strained soups and sauces. Crafted with precision, its conical design and 18.0 cm diameter provide ample space for efficient straining, making it an essential utensil for both home cooks and professional chefs seeking impeccable results.<\/span><\/h5>\n<h5><b>Elevate your culinary creations with the Paderno Strainer for Soup, ensuring smooth and refined textures in every dish.<\/b><\/h5>\n<p><!-- \/wp:paragraph --><\/p>","protected":false},"featured_media":10432,"comment_status":"open","ping_status":"closed","template":"","meta":{"_themeisle_gutenberg_block_has_review":false},"product_brand":[],"product_cat":[110],"product_tag":[],"class_list":{"0":"post-9442","1":"product","2":"type-product","3":"status-publish","4":"has-post-thumbnail","6":"product_cat-preparation","7":"product_shipping_class-ce-ate-1kg","9":"first","10":"instock","11":"shipping-taxable","12":"purchasable","13":"product-type-simple"},"_links":{"self":[{"href":"https:\/\/2cookinn.com\/pt\/wp-json\/wp\/v2\/product\/9442","targetHints":{"allow":["GET"]}}],"collection":[{"href":"https:\/\/2cookinn.com\/pt\/wp-json\/wp\/v2\/product"}],"about":[{"href":"https:\/\/2cookinn.com\/pt\/wp-json\/wp\/v2\/types\/product"}],"replies":[{"embeddable":true,"href":"https:\/\/2cookinn.com\/pt\/wp-json\/wp\/v2\/comments?post=9442"}],"version-history":[{"count":6,"href":"https:\/\/2cookinn.com\/pt\/wp-json\/wp\/v2\/product\/9442\/revisions"}],"predecessor-version":[{"id":10431,"href":"https:\/\/2cookinn.com\/pt\/wp-json\/wp\/v2\/product\/9442\/revisions\/10431"}],"wp:featuredmedia":[{"embeddable":true,"href":"https:\/\/2cookinn.com\/pt\/wp-json\/wp\/v2\/media\/10432"}],"wp:attachment":[{"href":"https:\/\/2cookinn.com\/pt\/wp-json\/wp\/v2\/media?parent=9442"}],"wp:term":[{"taxonomy":"product_brand","embeddable":true,"href":"https:\/\/2cookinn.com\/pt\/wp-json\/wp\/v2\/product_brand?post=9442"},{"taxonomy":"product_cat","embeddable":true,"href":"https:\/\/2cookinn.com\/pt\/wp-json\/wp\/v2\/product_cat?post=9442"},{"taxonomy":"product_tag","embeddable":true,"href":"https:\/\/2cookinn.com\/pt\/wp-json\/wp\/v2\/product_tag?post=9442"}],"curies":[{"name":"wp","href":"https:\/\/api.w.org\/{rel}","templated":true}]}}