{"id":9454,"date":"2024-09-14T10:52:11","date_gmt":"2024-09-14T10:52:11","guid":{"rendered":"https:\/\/2cookinn.com\/?post_type=product&#038;p=9454"},"modified":"2024-10-11T12:02:03","modified_gmt":"2024-10-11T12:02:03","slug":"descarocador-de-maca-com-cabo-em-aco-inoxidavel-paderno","status":"publish","type":"product","link":"https:\/\/2cookinn.com\/pt\/product\/paderno-stainless-steel-handle-apple-corer\/","title":{"rendered":"Descaro\u00e7ador de Ma\u00e7\u00e3 em A\u00e7o Inoxid\u00e1vel com Punho Paderno"},"content":{"rendered":"<div data-elementor-type=\"wp-post\" data-elementor-id=\"9454\" class=\"elementor elementor-9454\">\n\t\t\t\t<div class=\"elementor-element elementor-element-9f33226 e-flex e-con-boxed e-con e-parent\" data-id=\"9f33226\" data-element_type=\"container\" data-e-type=\"container\">\n\t\t\t\t\t<div class=\"e-con-inner\">\n\t\t\t\t<div class=\"elementor-element elementor-element-64d14be9 elementor-widget elementor-widget-text-editor\" data-id=\"64d14be9\" data-element_type=\"widget\" data-e-type=\"widget\" data-widget_type=\"text-editor.default\">\n\t\t\t\t<div class=\"elementor-widget-container\">\n\t\t\t\t\t\t\t\t\t<p><\/p>\n<p><\/p>\n<p><b>Descaro\u00e7ador de Ma\u00e7\u00e3 em A\u00e7o Inoxid\u00e1vel com Punho Paderno<\/b><\/p>\n<h3 class=\"wp-block-heading\" style=\"color: #7cd4d1;\"><strong>Caracter\u00edsticas principais<\/strong><\/h3>\n<p><b>Descascamento sem Esfor\u00e7o:<\/b><span style=\"font-weight: 400;\"> Projetado para retirar o caro\u00e7o de ma\u00e7\u00e3s facilmente com um di\u00e2metro preciso de 1,6 cm.<\/span><\/p>\n<p><b>Constru\u00e7\u00e3o duradoura<\/b><span style=\"font-weight: 400;\"> Fabricado em a\u00e7o inoxid\u00e1vel de alta qualidade para um desempenho e durabilidade duradouros.<\/span><\/p>\n<p><b>Cabo ergon\u00f3mico:<\/b><span style=\"font-weight: 400;\"> Apresenta uma confort\u00e1vel pega de a\u00e7o inoxid\u00e1vel para uma ader\u00eancia segura e f\u00e1cil.<\/span><\/p>\n<p><b>Design de precis\u00e3o:<\/b><span style=\"font-weight: 400;\"> Garante uma remo\u00e7\u00e3o do n\u00facleo suave e eficiente, reduzindo o tempo de prepara\u00e7\u00e3o na cozinha.<\/span><\/p>\n<p><b>Utiliza\u00e7\u00e3o vers\u00e1til:<\/b><span style=\"font-weight: 400;\"> Ideal para preparar ma\u00e7\u00e3s para assar, cozinhar e petiscar.<\/span><\/p>\n<p>\u00a0<\/p>\n<h3 class=\"wp-block-heading\"><\/h3>\n<h3 class=\"wp-block-heading\" style=\"color: #7cd4d1;\"><strong>Ideal para<\/strong><\/h3>\n<p><b>Cozinha di\u00e1ria:<\/b><span style=\"font-weight: 400;\"> Perfeito para descaro\u00e7ar ma\u00e7\u00e3s de forma r\u00e1pida e eficiente.<\/span><\/p>\n<p><b>Cozinhar e Assar:<\/b><span style=\"font-weight: 400;\"> Simplifique a sua prepara\u00e7\u00e3o para receitas que exigem ma\u00e7\u00e3s sem caro\u00e7o.<\/span><\/p>\n<p><b>Presentes atenciosos:<\/b><span style=\"font-weight: 400;\"> Um presente pr\u00e1tico e elegante para os entusiastas da culin\u00e1ria e para qualquer pessoa que pretenda melhorar os seus utens\u00edlios de cozinha<\/span><\/p>\n<p class=\"wp-block-heading\"><\/p>\n<h3 class=\"wp-block-heading\"><\/h3>\t\t\t\t\t\t\t\t<\/div>\n\t\t\t\t<\/div>\n\t\t\t\t\t<\/div>\n\t\t\t\t<\/div>\n\t\t\t\t<\/div>","protected":false},"excerpt":{"rendered":"<p><!-- wp:heading {\"level\":3} --><\/p>\n<p><!-- wp:paragraph --><\/p>\n<h5><b>Descaro\u00e7ador de Ma\u00e7\u00e3 em A\u00e7o Inoxid\u00e1vel com Punho Paderno<\/b><\/h5>\n<h5><span style=\"font-weight: 400;\">Apresentamos o Descaro\u00e7ador de Ma\u00e7\u00e3s Paderno em A\u00e7o Inoxid\u00e1vel com Punho \u2014 uma ferramenta indispens\u00e1vel para a prepara\u00e7\u00e3o de frutas sem esfor\u00e7o. Fabricado com precis\u00e3o, este descaro\u00e7ador possui um punho dur\u00e1vel em a\u00e7o inoxid\u00e1vel que garante fiabilidade e facilidade de uso, tornando simples o processo de remover o caro\u00e7o de ma\u00e7\u00e3s com um di\u00e2metro de 1,6 cm.<\/span><\/h5>\n<h5><b>Eleve a sua experi\u00eancia na cozinha com o Tiracascos de Ma\u00e7\u00e3 Paderno, concebido para otimizar as suas tarefas de prepara\u00e7\u00e3o de fruta com precis\u00e3o e efici\u00eancia.<\/b><\/h5>\n<p><!-- \/wp:paragraph --><\/p>","protected":false},"featured_media":10420,"comment_status":"open","ping_status":"closed","template":"","meta":{"_themeisle_gutenberg_block_has_review":false},"product_brand":[],"product_cat":[110],"product_tag":[],"class_list":{"0":"post-9454","1":"product","2":"type-product","3":"status-publish","4":"has-post-thumbnail","6":"product_cat-preparation","7":"product_shipping_class-ce-ate-05kg","9":"first","10":"instock","11":"shipping-taxable","12":"purchasable","13":"product-type-simple"},"_links":{"self":[{"href":"https:\/\/2cookinn.com\/pt\/wp-json\/wp\/v2\/product\/9454","targetHints":{"allow":["GET"]}}],"collection":[{"href":"https:\/\/2cookinn.com\/pt\/wp-json\/wp\/v2\/product"}],"about":[{"href":"https:\/\/2cookinn.com\/pt\/wp-json\/wp\/v2\/types\/product"}],"replies":[{"embeddable":true,"href":"https:\/\/2cookinn.com\/pt\/wp-json\/wp\/v2\/comments?post=9454"}],"version-history":[{"count":6,"href":"https:\/\/2cookinn.com\/pt\/wp-json\/wp\/v2\/product\/9454\/revisions"}],"predecessor-version":[{"id":10424,"href":"https:\/\/2cookinn.com\/pt\/wp-json\/wp\/v2\/product\/9454\/revisions\/10424"}],"wp:featuredmedia":[{"embeddable":true,"href":"https:\/\/2cookinn.com\/pt\/wp-json\/wp\/v2\/media\/10420"}],"wp:attachment":[{"href":"https:\/\/2cookinn.com\/pt\/wp-json\/wp\/v2\/media?parent=9454"}],"wp:term":[{"taxonomy":"product_brand","embeddable":true,"href":"https:\/\/2cookinn.com\/pt\/wp-json\/wp\/v2\/product_brand?post=9454"},{"taxonomy":"product_cat","embeddable":true,"href":"https:\/\/2cookinn.com\/pt\/wp-json\/wp\/v2\/product_cat?post=9454"},{"taxonomy":"product_tag","embeddable":true,"href":"https:\/\/2cookinn.com\/pt\/wp-json\/wp\/v2\/product_tag?post=9454"}],"curies":[{"name":"wp","href":"https:\/\/api.w.org\/{rel}","templated":true}]}}