{"id":9461,"date":"2024-09-14T11:25:46","date_gmt":"2024-09-14T11:25:46","guid":{"rendered":"https:\/\/2cookinn.com\/?post_type=product&#038;p=9461"},"modified":"2024-10-11T12:01:53","modified_gmt":"2024-10-11T12:01:53","slug":"paderno-stainless-steel-handle-garlic-press","status":"publish","type":"product","link":"https:\/\/2cookinn.com\/pt\/product\/paderno-stainless-steel-handle-garlic-press\/","title":{"rendered":"Espremedor de Alho Paderno em A\u00e7o Inoxid\u00e1vel"},"content":{"rendered":"<div data-elementor-type=\"wp-post\" data-elementor-id=\"9461\" class=\"elementor elementor-9461\">\n\t\t\t\t<div class=\"elementor-element elementor-element-9f33226 e-flex e-con-boxed e-con e-parent\" data-id=\"9f33226\" data-element_type=\"container\" data-e-type=\"container\">\n\t\t\t\t\t<div class=\"e-con-inner\">\n\t\t\t\t<div class=\"elementor-element elementor-element-64d14be9 elementor-widget elementor-widget-text-editor\" data-id=\"64d14be9\" data-element_type=\"widget\" data-e-type=\"widget\" data-widget_type=\"text-editor.default\">\n\t\t\t\t<div class=\"elementor-widget-container\">\n\t\t\t\t\t\t\t\t\t<p><\/p>\n<p><\/p>\n<p><b>Espremedor de Alho Paderno em A\u00e7o Inoxid\u00e1vel<\/b><\/p>\n<h3 class=\"wp-block-heading\" style=\"color: #7cd4d1;\"><strong>Caracter\u00edsticas principais<\/strong><\/h3>\n<p><b>Constru\u00e7\u00e3o duradoura<\/b><span style=\"font-weight: 400;\"> Made from high-quality stainless steel for exceptional strength and longevity.<\/span><\/p>\n<p><b>Hygienic Design:<\/b><span style=\"font-weight: 400;\"> Non-porous surface prevents bacterial buildup and ensures easy cleaning.<\/span><\/p>\n<p><b>Effortless Crushing:<\/b><span style=\"font-weight: 400;\"> Crushes garlic cloves with ease, without bending or breaking, providing consistent results.<\/span><\/p>\n<p><b>Utiliza\u00e7\u00e3o vers\u00e1til:<\/b><span style=\"font-weight: 400;\"> Ideal for mincing garlic, ginger, shallots, and herbs with precision.<\/span><\/p>\n<p><b>Stylish and Functional:<\/b><span style=\"font-weight: 400;\"> Complements any kitchen decor while offering practical benefits for daily food preparation.<\/span><\/p>\n<p>\u00a0<\/p>\n<h3 class=\"wp-block-heading\"><\/h3>\n<h3 class=\"wp-block-heading\" style=\"color: #7cd4d1;\"><strong>Ideal para<\/strong><\/h3>\n<p><b>Cozinha di\u00e1ria:<\/b><span style=\"font-weight: 400;\"> Perfect for quick and efficient garlic preparation, enhancing your recipes with fresh flavor.<\/span><\/p>\n<p><b>Cozinhas profissionais:<\/b><span style=\"font-weight: 400;\"> A reliable tool for chefs seeking durability and performance in their culinary tools.<\/span><\/p>\n<p><b>Presentes atenciosos:<\/b><span style=\"font-weight: 400;\"> A practical and stylish gift for cooking enthusiasts and anyone looking to elevate their kitchen toolkit.<\/span><\/p>\n<p class=\"wp-block-heading\"><\/p>\n<h3 class=\"wp-block-heading\"><\/h3>\t\t\t\t\t\t\t\t<\/div>\n\t\t\t\t<\/div>\n\t\t\t\t\t<\/div>\n\t\t\t\t<\/div>\n\t\t\t\t<\/div>","protected":false},"excerpt":{"rendered":"<p><!-- wp:heading {\"level\":3} --><\/p>\n<p><!-- wp:paragraph --><\/p>\n<h5><b>Espremedor de Alho Paderno em A\u00e7o Inoxid\u00e1vel<\/b><\/h5>\n<h5><span style=\"font-weight: 400;\">Elevate your cooking experience with the Paderno Stainless Steel Handle Garlic Press\u2014a culinary essential crafted entirely from high-quality stainless steel. Designed to withstand the rigors of daily use while maintaining its pristine appearance, this durable and hygienic garlic press is ideal for effortless garlic preparation.<\/span><\/h5>\n<h5><b>Invest in quality and flavor with this premium stainless steel garlic press, ensuring consistent performance and precision in your kitchen.<\/b><\/h5>\n<p><!-- \/wp:paragraph --><\/p>","protected":false},"featured_media":10416,"comment_status":"open","ping_status":"closed","template":"","meta":{"_themeisle_gutenberg_block_has_review":false},"product_brand":[],"product_cat":[110],"product_tag":[],"class_list":{"0":"post-9461","1":"product","2":"type-product","3":"status-publish","4":"has-post-thumbnail","6":"product_cat-preparation","7":"product_shipping_class-ce-ate-05kg","9":"first","10":"instock","11":"shipping-taxable","12":"purchasable","13":"product-type-simple"},"_links":{"self":[{"href":"https:\/\/2cookinn.com\/pt\/wp-json\/wp\/v2\/product\/9461","targetHints":{"allow":["GET"]}}],"collection":[{"href":"https:\/\/2cookinn.com\/pt\/wp-json\/wp\/v2\/product"}],"about":[{"href":"https:\/\/2cookinn.com\/pt\/wp-json\/wp\/v2\/types\/product"}],"replies":[{"embeddable":true,"href":"https:\/\/2cookinn.com\/pt\/wp-json\/wp\/v2\/comments?post=9461"}],"version-history":[{"count":6,"href":"https:\/\/2cookinn.com\/pt\/wp-json\/wp\/v2\/product\/9461\/revisions"}],"predecessor-version":[{"id":10415,"href":"https:\/\/2cookinn.com\/pt\/wp-json\/wp\/v2\/product\/9461\/revisions\/10415"}],"wp:featuredmedia":[{"embeddable":true,"href":"https:\/\/2cookinn.com\/pt\/wp-json\/wp\/v2\/media\/10416"}],"wp:attachment":[{"href":"https:\/\/2cookinn.com\/pt\/wp-json\/wp\/v2\/media?parent=9461"}],"wp:term":[{"taxonomy":"product_brand","embeddable":true,"href":"https:\/\/2cookinn.com\/pt\/wp-json\/wp\/v2\/product_brand?post=9461"},{"taxonomy":"product_cat","embeddable":true,"href":"https:\/\/2cookinn.com\/pt\/wp-json\/wp\/v2\/product_cat?post=9461"},{"taxonomy":"product_tag","embeddable":true,"href":"https:\/\/2cookinn.com\/pt\/wp-json\/wp\/v2\/product_tag?post=9461"}],"curies":[{"name":"wp","href":"https:\/\/api.w.org\/{rel}","templated":true}]}}