{"id":9503,"date":"2024-09-14T14:13:43","date_gmt":"2024-09-14T14:13:43","guid":{"rendered":"https:\/\/2cookinn.com\/?post_type=product&#038;p=9503"},"modified":"2024-10-11T12:00:50","modified_gmt":"2024-10-11T12:00:50","slug":"descascador-de-ananas-com-cabo-de-polipropileno-paderno","status":"publish","type":"product","link":"https:\/\/2cookinn.com\/pt\/product\/paderno-polypropylene-handle-pineapple-peeler-corer\/","title":{"rendered":"Descascador\/cortador de anan\u00e1s com cabo de polipropileno Paderno"},"content":{"rendered":"<div data-elementor-type=\"wp-post\" data-elementor-id=\"9503\" class=\"elementor elementor-9503\">\n\t\t\t\t<div class=\"elementor-element elementor-element-9f33226 e-flex e-con-boxed e-con e-parent\" data-id=\"9f33226\" data-element_type=\"container\" data-e-type=\"container\">\n\t\t\t\t\t<div class=\"e-con-inner\">\n\t\t\t\t<div class=\"elementor-element elementor-element-64d14be9 elementor-widget elementor-widget-text-editor\" data-id=\"64d14be9\" data-element_type=\"widget\" data-e-type=\"widget\" data-widget_type=\"text-editor.default\">\n\t\t\t\t<div class=\"elementor-widget-container\">\n\t\t\t\t\t\t\t\t\t<p><\/p>\n<p><\/p>\n<p><strong>Cortadorr de mel\u00e3o com cabo de polipropileno Paderno <b>Descascador\/cortador de anan\u00e1s<\/b>\u00a0<\/strong><\/p>\n<h3 class=\"wp-block-heading\" style=\"color: #7cd4d1;\"><strong>Caracter\u00edsticas principais<\/strong><\/h3>\n<p><b>Man\u00edpulo de Polipropileno<\/b><span style=\"font-weight: 400;\"> Proporciona uma ader\u00eancia duradoura e confort\u00e1vel.<\/span><\/p>\n<p><b>L\u00e2mina em A\u00e7o Inoxid\u00e1vel<\/b><span style=\"font-weight: 400;\"> Afiada e eficaz para descaro\u00e7ar facilmente os ananases.<\/span><\/p>\n<p><b>Tamanho grande:<\/b><span style=\"font-weight: 400;\"> A 25,0 cm, \u00e9 adequada para uma variedade de tamanhos de anan\u00e1s.<\/span><\/p>\n<p><b>Design ergon\u00f3mico:<\/b><span style=\"font-weight: 400;\"> Garante conforto e facilidade de utiliza\u00e7\u00e3o durante a remo\u00e7\u00e3o do miolo.<\/span><\/p>\n<h3 class=\"wp-block-heading\"><\/h3>\n<h3 class=\"wp-block-heading\" style=\"color: #7cd4d1;\"><strong>Ideal para<\/strong><\/h3>\n<p><b>Amantes de fruta:<\/b><span style=\"font-weight: 400;\"> Perfeito para criar peda\u00e7os, rodelas e guarni\u00e7\u00f5es de anan\u00e1s para cocktails.<\/span><\/p>\n<p><b>Cozinheiros e chefes de cozinha:<\/b><span style=\"font-weight: 400;\"> Poupe tempo e esfor\u00e7o na cozinha com uma prepara\u00e7\u00e3o eficiente de frutas.<\/span><\/p>\n<p><b>Divertido:<\/b><span style=\"font-weight: 400;\"> Melhore a sua apresenta\u00e7\u00e3o culin\u00e1ria com ananases perfeitamente descaro\u00e7ados.<\/span><\/p>\n<p class=\"wp-block-heading\"><\/p>\n<h3 class=\"wp-block-heading\"><\/h3>\t\t\t\t\t\t\t\t<\/div>\n\t\t\t\t<\/div>\n\t\t\t\t\t<\/div>\n\t\t\t\t<\/div>\n\t\t\t\t<\/div>","protected":false},"excerpt":{"rendered":"<p><!-- wp:heading {\"level\":3} --><\/p>\n<p><!-- wp:paragraph --><\/p>\n<h5><b>Descascador\/cortador de anan\u00e1s com cabo de polipropileno Paderno\u00a0<\/b><\/h5>\n<h5><span style=\"font-weight: 400;\">\u2013 a sua ferramenta definitiva para retirar o caro\u00e7o de anan\u00e1s frescos sem esfor\u00e7o e com precis\u00e3o.<\/span><\/h5>\n<h5><span style=\"font-weight: 400;\">Fabricado com um cabo de polipropileno dur\u00e1vel, este descascador\/descascador de anan\u00e1s possui uma l\u00e2mina afiada de a\u00e7o inoxid\u00e1vel que remove sem esfor\u00e7o o n\u00facleo do anan\u00e1s. O seu design ergon\u00f3mico garante um manuseamento confort\u00e1vel, enquanto o tamanho grande de 25,0 cm acomoda v\u00e1rios tamanhos de anan\u00e1s.<\/span><\/h5>\n<h5><b>Melhore a sua prepara\u00e7\u00e3o de fruta com o Descascador\/Cortador de Anan\u00e1s com Cabo de Polipropileno Paderno e desfrute de um anan\u00e1s perfeitamente cortado com facilidade.<\/b><\/h5>\n<p><!-- \/wp:paragraph --><\/p>","protected":false},"featured_media":10377,"comment_status":"open","ping_status":"closed","template":"","meta":{"_themeisle_gutenberg_block_has_review":false},"product_brand":[],"product_cat":[110],"product_tag":[],"class_list":{"0":"post-9503","1":"product","2":"type-product","3":"status-publish","4":"has-post-thumbnail","6":"product_cat-preparation","7":"product_shipping_class-ce-ate-05kg","9":"first","10":"instock","11":"shipping-taxable","12":"purchasable","13":"product-type-simple"},"_links":{"self":[{"href":"https:\/\/2cookinn.com\/pt\/wp-json\/wp\/v2\/product\/9503","targetHints":{"allow":["GET"]}}],"collection":[{"href":"https:\/\/2cookinn.com\/pt\/wp-json\/wp\/v2\/product"}],"about":[{"href":"https:\/\/2cookinn.com\/pt\/wp-json\/wp\/v2\/types\/product"}],"replies":[{"embeddable":true,"href":"https:\/\/2cookinn.com\/pt\/wp-json\/wp\/v2\/comments?post=9503"}],"version-history":[{"count":9,"href":"https:\/\/2cookinn.com\/pt\/wp-json\/wp\/v2\/product\/9503\/revisions"}],"predecessor-version":[{"id":10381,"href":"https:\/\/2cookinn.com\/pt\/wp-json\/wp\/v2\/product\/9503\/revisions\/10381"}],"wp:featuredmedia":[{"embeddable":true,"href":"https:\/\/2cookinn.com\/pt\/wp-json\/wp\/v2\/media\/10377"}],"wp:attachment":[{"href":"https:\/\/2cookinn.com\/pt\/wp-json\/wp\/v2\/media?parent=9503"}],"wp:term":[{"taxonomy":"product_brand","embeddable":true,"href":"https:\/\/2cookinn.com\/pt\/wp-json\/wp\/v2\/product_brand?post=9503"},{"taxonomy":"product_cat","embeddable":true,"href":"https:\/\/2cookinn.com\/pt\/wp-json\/wp\/v2\/product_cat?post=9503"},{"taxonomy":"product_tag","embeddable":true,"href":"https:\/\/2cookinn.com\/pt\/wp-json\/wp\/v2\/product_tag?post=9503"}],"curies":[{"name":"wp","href":"https:\/\/api.w.org\/{rel}","templated":true}]}}