{"id":9559,"date":"2024-09-20T15:31:39","date_gmt":"2024-09-20T15:31:39","guid":{"rendered":"https:\/\/2cookinn.com\/?post_type=product&#038;p=9559"},"modified":"2024-10-11T12:00:03","modified_gmt":"2024-10-11T12:00:03","slug":"paderno-stainless-steel-handle-skimmer","status":"publish","type":"product","link":"https:\/\/2cookinn.com\/pt\/product\/paderno-stainless-steel-handle-skimmer\/","title":{"rendered":"Escumadeira com cabo em a\u00e7o inoxid\u00e1vel Paderno 11cm"},"content":{"rendered":"<div data-elementor-type=\"wp-post\" data-elementor-id=\"9559\" class=\"elementor elementor-9559\">\n\t\t\t\t<div class=\"elementor-element elementor-element-9f33226 e-flex e-con-boxed e-con e-parent\" data-id=\"9f33226\" data-element_type=\"container\" data-e-type=\"container\">\n\t\t\t\t\t<div class=\"e-con-inner\">\n\t\t\t\t<div class=\"elementor-element elementor-element-64d14be9 elementor-widget elementor-widget-text-editor\" data-id=\"64d14be9\" data-element_type=\"widget\" data-e-type=\"widget\" data-widget_type=\"text-editor.default\">\n\t\t\t\t<div class=\"elementor-widget-container\">\n\t\t\t\t\t\t\t\t\t<p><\/p>\n<p><\/p>\n<p><b>Paderno Stainless Steel Handle Skimmer<\/b><\/p>\n<h3 class=\"wp-block-heading\" style=\"color: #7cd4d1;\"><strong>Caracter\u00edsticas principais<\/strong><\/h3>\n<h3 class=\"wp-block-heading\"><\/h3>\n<p><b>Pega Paderno em a\u00e7o inoxid\u00e1vel:<\/b><span style=\"font-weight: 400;\"> Combines durability with a modern, sleek look.<\/span><\/p>\n<p><b>Wide Skimmer Head:<\/b><span style=\"font-weight: 400;\"> 11.0 cm diameter for effective skimming and straining.<\/span><\/p>\n<p><b>Design ergon\u00f3mico:<\/b><span style=\"font-weight: 400;\"> Ensures comfortable and secure handling.<\/span><\/p>\n<p><b>Constru\u00e7\u00e3o duradoura<\/b><span style=\"font-weight: 400;\"> Built to last, offering consistent performance.<\/span><\/p>\n<p><b>Utiliza\u00e7\u00e3o vers\u00e1til:<\/b><span style=\"font-weight: 400;\"> Ideal for skimming stocks, lifting boiled vegetables, and retrieving fried foods.<\/span><\/p>\n<p>\u00a0<\/p>\n<h3 class=\"wp-block-heading\" style=\"color: #7cd4d1;\"><strong>Ideal para<\/strong><\/h3>\n<p><b>Cozinheiros e chefes de cozinha:<\/b><span style=\"font-weight: 400;\"> A must-have tool for anyone looking to achieve precise skimming and straining.<\/span><\/p>\n<p><b>Cozinha Vers\u00e1til:<\/b><span style=\"font-weight: 400;\"> Perfect for a variety of kitchen tasks, from boiling to frying.<\/span><\/p>\n<p><b>Presentes:<\/b><span style=\"font-weight: 400;\"> An excellent gift for culinary enthusiasts who value high-quality kitchen tools.<\/span><\/p>\n<p class=\"wp-block-heading\"><\/p>\n<h3 class=\"wp-block-heading\"><\/h3>\t\t\t\t\t\t\t\t<\/div>\n\t\t\t\t<\/div>\n\t\t\t\t\t<\/div>\n\t\t\t\t<\/div>\n\t\t\t\t<\/div>","protected":false},"excerpt":{"rendered":"<p><!-- wp:heading {\"level\":3} --><\/p>\n<p><!-- wp:paragraph --><\/p>\n<h5><b>Paderno Stainless Steel Handle Skimmer <\/b><\/h5>\n<h5><span style=\"font-weight: 400;\">\u00a0\u2013 your versatile tool for skimming and straining with ease.<\/span><\/h5>\n<h5><span style=\"font-weight: 400;\">Crafted with a sleek stainless steel handle, this skimmer combines style with functionality. Its wide, circular design, featuring an 11.0 cm diameter, is perfect for lifting and draining foods from liquids with precision and efficiency.<\/span><\/h5>\n<h5><span style=\"font-weight: 400;\">Whether you&#8217;re removing impurities from stocks, retrieving boiled vegetables, or serving fried foods, this skimmer offers professional-grade performance in every dish. The ergonomic handle ensures comfortable use, while the durable construction guarantees long-lasting reliability.<\/span><\/h5>\n<h5><b>Upgrade your kitchen with the Paderno Stainless Steel Handle Skimmer \u2013 essential for any home cook or professional chef.<\/b><\/h5>\n<p><!-- \/wp:paragraph --><\/p>","protected":false},"featured_media":10276,"comment_status":"open","ping_status":"closed","template":"","meta":{"_themeisle_gutenberg_block_has_review":false},"product_brand":[],"product_cat":[110],"product_tag":[],"class_list":{"0":"post-9559","1":"product","2":"type-product","3":"status-publish","4":"has-post-thumbnail","6":"product_cat-preparation","7":"product_shipping_class-ce-ate-05kg","9":"first","10":"instock","11":"shipping-taxable","12":"purchasable","13":"product-type-simple"},"_links":{"self":[{"href":"https:\/\/2cookinn.com\/pt\/wp-json\/wp\/v2\/product\/9559","targetHints":{"allow":["GET"]}}],"collection":[{"href":"https:\/\/2cookinn.com\/pt\/wp-json\/wp\/v2\/product"}],"about":[{"href":"https:\/\/2cookinn.com\/pt\/wp-json\/wp\/v2\/types\/product"}],"replies":[{"embeddable":true,"href":"https:\/\/2cookinn.com\/pt\/wp-json\/wp\/v2\/comments?post=9559"}],"version-history":[{"count":10,"href":"https:\/\/2cookinn.com\/pt\/wp-json\/wp\/v2\/product\/9559\/revisions"}],"predecessor-version":[{"id":10278,"href":"https:\/\/2cookinn.com\/pt\/wp-json\/wp\/v2\/product\/9559\/revisions\/10278"}],"wp:featuredmedia":[{"embeddable":true,"href":"https:\/\/2cookinn.com\/pt\/wp-json\/wp\/v2\/media\/10276"}],"wp:attachment":[{"href":"https:\/\/2cookinn.com\/pt\/wp-json\/wp\/v2\/media?parent=9559"}],"wp:term":[{"taxonomy":"product_brand","embeddable":true,"href":"https:\/\/2cookinn.com\/pt\/wp-json\/wp\/v2\/product_brand?post=9559"},{"taxonomy":"product_cat","embeddable":true,"href":"https:\/\/2cookinn.com\/pt\/wp-json\/wp\/v2\/product_cat?post=9559"},{"taxonomy":"product_tag","embeddable":true,"href":"https:\/\/2cookinn.com\/pt\/wp-json\/wp\/v2\/product_tag?post=9559"}],"curies":[{"name":"wp","href":"https:\/\/api.w.org\/{rel}","templated":true}]}}