{"id":9566,"date":"2024-09-20T15:34:59","date_gmt":"2024-09-20T15:34:59","guid":{"rendered":"https:\/\/2cookinn.com\/?post_type=product&#038;p=9566"},"modified":"2024-10-11T11:59:51","modified_gmt":"2024-10-11T11:59:51","slug":"paderno-stainless-steel-handle-potato-masher-2","status":"publish","type":"product","link":"https:\/\/2cookinn.com\/pt\/product\/paderno-stainless-steel-handle-potato-masher-2\/","title":{"rendered":"Esmagador de batatas com cabo de a\u00e7o inoxid\u00e1vel Paderno"},"content":{"rendered":"<div data-elementor-type=\"wp-post\" data-elementor-id=\"9566\" class=\"elementor elementor-9566\">\n\t\t\t\t<div class=\"elementor-element elementor-element-9f33226 e-flex e-con-boxed e-con e-parent\" data-id=\"9f33226\" data-element_type=\"container\" data-e-type=\"container\">\n\t\t\t\t\t<div class=\"e-con-inner\">\n\t\t\t\t<div class=\"elementor-element elementor-element-64d14be9 elementor-widget elementor-widget-text-editor\" data-id=\"64d14be9\" data-element_type=\"widget\" data-e-type=\"widget\" data-widget_type=\"text-editor.default\">\n\t\t\t\t<div class=\"elementor-widget-container\">\n\t\t\t\t\t\t\t\t\t<p><\/p>\n<p><\/p>\n<p><b>Pega Paderno em a\u00e7o inoxid\u00e1vel <\/b><b>Potato Masher<\/b><\/p>\n<h3 class=\"wp-block-heading\" style=\"color: #7cd4d1;\"><strong>Caracter\u00edsticas principais<\/strong><\/h3>\n<h3 class=\"wp-block-heading\"><\/h3>\n<p><b>Pega Paderno em a\u00e7o inoxid\u00e1vel:<\/b><span style=\"font-weight: 400;\"> Offers durability and a sleek, modern look.<\/span><\/p>\n<p><b>Nylon Mashing Head:<\/b><span style=\"font-weight: 400;\"> Designed to break down ingredients into smooth, fluffy textures while being gentle on cookware.<\/span><\/p>\n<p><b>Design ergon\u00f3mico:<\/b><span style=\"font-weight: 400;\"> Provides comfortable and secure handling.<\/span><\/p>\n<p><b>Utiliza\u00e7\u00e3o vers\u00e1til:<\/b><span style=\"font-weight: 400;\"> Ideal for mashing potatoes, root vegetables, and fruits.<\/span><\/p>\n<h3 class=\"wp-block-heading\" style=\"color: #7cd4d1;\"><strong>Ideal para<\/strong><\/h3>\n<p><b>Cozinheiros e chefes de cozinha:<\/b><span style=\"font-weight: 400;\"> A must-have tool for creating perfectly mashed potatoes and other dishes.<\/span><\/p>\n<p><b>Comfort Food:<\/b><span style=\"font-weight: 400;\"> Perfect for making creamy, lump-free sides.<\/span><\/p>\n<p><b>Presentes:<\/b><span style=\"font-weight: 400;\"> An excellent choice for culinary enthusiasts and those who appreciate high-quality kitchen tools.<\/span><\/p>\n<p class=\"wp-block-heading\"><\/p>\n<h3 class=\"wp-block-heading\"><\/h3>\t\t\t\t\t\t\t\t<\/div>\n\t\t\t\t<\/div>\n\t\t\t\t\t<\/div>\n\t\t\t\t<\/div>\n\t\t\t\t<\/div>","protected":false},"excerpt":{"rendered":"<p><!-- wp:heading {\"level\":3} --><\/p>\n<p><!-- wp:paragraph --><\/p>\n<h5><b>Pega Paderno em a\u00e7o inoxid\u00e1vel <\/b><b>Potato Masher<\/b><\/h5>\n<h5><span style=\"font-weight: 400;\">\u2013 your essential tool for creating creamy mashed potatoes with ease.<\/span><\/h5>\n<h5><span style=\"font-weight: 400;\">Crafted with a sleek stainless steel handle and a durable nylon mashing head, this potato masher seamlessly combines style with functionality. Its sturdy mashing plate effortlessly breaks down cooked potatoes, root vegetables, and fruits into smooth and fluffy textures.<\/span><\/h5>\n<h5><span style=\"font-weight: 400;\">Whether you\u2019re making a comforting side dish or preparing a base for other recipes, this masher delivers professional-grade performance every time. Its ergonomic design ensures comfortable use, while the nylon head is gentle on cookware, making it ideal for all your mashing needs.<\/span><\/h5>\n<h5><b>Upgrade your kitchen arsenal with the PadernoStainless Steel Handle Potato Masher and enjoy smooth, creamy results with every use.<\/b><\/h5>\n<p><!-- \/wp:paragraph --><\/p>","protected":false},"featured_media":10271,"comment_status":"open","ping_status":"closed","template":"","meta":{"_themeisle_gutenberg_block_has_review":false},"product_brand":[],"product_cat":[110],"product_tag":[],"class_list":{"0":"post-9566","1":"product","2":"type-product","3":"status-publish","4":"has-post-thumbnail","6":"product_cat-preparation","7":"product_shipping_class-ce-ate-05kg","9":"first","10":"instock","11":"shipping-taxable","12":"purchasable","13":"product-type-simple"},"_links":{"self":[{"href":"https:\/\/2cookinn.com\/pt\/wp-json\/wp\/v2\/product\/9566","targetHints":{"allow":["GET"]}}],"collection":[{"href":"https:\/\/2cookinn.com\/pt\/wp-json\/wp\/v2\/product"}],"about":[{"href":"https:\/\/2cookinn.com\/pt\/wp-json\/wp\/v2\/types\/product"}],"replies":[{"embeddable":true,"href":"https:\/\/2cookinn.com\/pt\/wp-json\/wp\/v2\/comments?post=9566"}],"version-history":[{"count":6,"href":"https:\/\/2cookinn.com\/pt\/wp-json\/wp\/v2\/product\/9566\/revisions"}],"predecessor-version":[{"id":10270,"href":"https:\/\/2cookinn.com\/pt\/wp-json\/wp\/v2\/product\/9566\/revisions\/10270"}],"wp:featuredmedia":[{"embeddable":true,"href":"https:\/\/2cookinn.com\/pt\/wp-json\/wp\/v2\/media\/10271"}],"wp:attachment":[{"href":"https:\/\/2cookinn.com\/pt\/wp-json\/wp\/v2\/media?parent=9566"}],"wp:term":[{"taxonomy":"product_brand","embeddable":true,"href":"https:\/\/2cookinn.com\/pt\/wp-json\/wp\/v2\/product_brand?post=9566"},{"taxonomy":"product_cat","embeddable":true,"href":"https:\/\/2cookinn.com\/pt\/wp-json\/wp\/v2\/product_cat?post=9566"},{"taxonomy":"product_tag","embeddable":true,"href":"https:\/\/2cookinn.com\/pt\/wp-json\/wp\/v2\/product_tag?post=9566"}],"curies":[{"name":"wp","href":"https:\/\/api.w.org\/{rel}","templated":true}]}}