{"id":9581,"date":"2024-09-20T15:42:57","date_gmt":"2024-09-20T15:42:57","guid":{"rendered":"https:\/\/2cookinn.com\/?post_type=product&#038;p=9581"},"modified":"2024-10-11T11:59:26","modified_gmt":"2024-10-11T11:59:26","slug":"paderno-polypropylene-handle-parmesan-cheese-knife","status":"publish","type":"product","link":"https:\/\/2cookinn.com\/pt\/product\/paderno-polypropylene-handle-parmesan-cheese-knife\/","title":{"rendered":"Faca para queijo parmes\u00e3o Paderno com cabo de polipropileno"},"content":{"rendered":"<div data-elementor-type=\"wp-post\" data-elementor-id=\"9581\" class=\"elementor elementor-9581\">\n\t\t\t\t<div class=\"elementor-element elementor-element-9f33226 e-flex e-con-boxed e-con e-parent\" data-id=\"9f33226\" data-element_type=\"container\" data-e-type=\"container\">\n\t\t\t\t\t<div class=\"e-con-inner\">\n\t\t\t\t<div class=\"elementor-element elementor-element-64d14be9 elementor-widget elementor-widget-text-editor\" data-id=\"64d14be9\" data-element_type=\"widget\" data-e-type=\"widget\" data-widget_type=\"text-editor.default\">\n\t\t\t\t<div class=\"elementor-widget-container\">\n\t\t\t\t\t\t\t\t\t<p><\/p>\n<p><\/p>\n<p><strong>Cortadorr de mel\u00e3o com cabo de polipropileno Paderno <\/strong><b>Parmesan Cheese Knife<\/b><\/p>\n<h3 class=\"wp-block-heading\" style=\"color: #7cd4d1;\"><strong>Caracter\u00edsticas principais<\/strong><\/h3>\n<p><b>Pega Dur\u00e1vel em Polipropileno<\/b><span style=\"font-weight: 400;\"> Ensures a comfortable and secure grip.<\/span><\/p>\n<p><b>L\u00e2mina afiada:<\/b><span style=\"font-weight: 400;\"> Effortlessly slices through hard cheeses like Parmesan.<\/span><\/p>\n<p><b>Design ergon\u00f3mico:<\/b><span style=\"font-weight: 400;\"> Provides ease of handling for precise cuts.<\/span><\/p>\n<p><b>Utiliza\u00e7\u00e3o vers\u00e1til:<\/b><span style=\"font-weight: 400;\"> Ideal for garnishing, plating, and serving a variety of cheeses.<\/span><\/p>\n<h3 class=\"wp-block-heading\"><\/h3>\n<h3 class=\"wp-block-heading\" style=\"color: #7cd4d1;\"><strong>Ideal para<\/strong><\/h3>\n<p><b>Cheese Enthusiasts:<\/b><span style=\"font-weight: 400;\"> Perfect for creating beautiful cheese presentations.<\/span><\/p>\n<p><b>Home Cooks and Entertainers:<\/b><span style=\"font-weight: 400;\"> Enhances your ability to serve cheese with style and ease.<\/span><\/p>\n<p><b>Presentes:<\/b><span style=\"font-weight: 400;\"> A practical and stylish addition to any kitchen or cheese lover\u2019s collection.<\/span><\/p>\n<p class=\"wp-block-heading\"><\/p>\n<h3 class=\"wp-block-heading\"><\/h3>\t\t\t\t\t\t\t\t<\/div>\n\t\t\t\t<\/div>\n\t\t\t\t\t<\/div>\n\t\t\t\t<\/div>\n\t\t\t\t<\/div>","protected":false},"excerpt":{"rendered":"<p><!-- wp:heading {\"level\":3} --><\/p>\n<p><!-- wp:paragraph --><\/p>\n<h5><b>Cortadorr de mel\u00e3o com cabo de polipropileno Paderno <\/b><b>Parmesan Cheese Knife<\/b><\/h5>\n<h5><span style=\"font-weight: 400;\">\u00a0\u2013 your essential tool for effortlessly slicing and serving delicious Parmesan cheese with precision.<\/span><\/h5>\n<h5><span style=\"font-weight: 400;\">Crafted with a durable polypropylene handle, this cheese knife combines functionality with comfort. Its sharp blade is specifically designed for cutting through hard cheeses like Parmesan with ease, allowing you to create perfect slices every time.<\/span><\/h5>\n<h5><span style=\"font-weight: 400;\">Whether you&#8217;re garnishing pasta dishes, creating cheese platters, or serving appetizers, this Parmesan cheese knife delivers exceptional performance. Its ergonomic handle provides a comfortable grip for precise slicing, while its durable construction ensures long-lasting reliability.<\/span><\/h5>\n<h5><b>Upgrade your cheese service with the Paderno Polypropylene Handle Parmesan Cheese Knife and elevate your dining experience to the next level.<\/b><\/h5>\n<p><!-- \/wp:paragraph --><\/p>","protected":false},"featured_media":10262,"comment_status":"open","ping_status":"closed","template":"","meta":{"_themeisle_gutenberg_block_has_review":false},"product_brand":[],"product_cat":[110],"product_tag":[],"class_list":{"0":"post-9581","1":"product","2":"type-product","3":"status-publish","4":"has-post-thumbnail","6":"product_cat-preparation","7":"product_shipping_class-ce-ate-05kg","9":"first","10":"instock","11":"shipping-taxable","12":"purchasable","13":"product-type-simple"},"_links":{"self":[{"href":"https:\/\/2cookinn.com\/pt\/wp-json\/wp\/v2\/product\/9581","targetHints":{"allow":["GET"]}}],"collection":[{"href":"https:\/\/2cookinn.com\/pt\/wp-json\/wp\/v2\/product"}],"about":[{"href":"https:\/\/2cookinn.com\/pt\/wp-json\/wp\/v2\/types\/product"}],"replies":[{"embeddable":true,"href":"https:\/\/2cookinn.com\/pt\/wp-json\/wp\/v2\/comments?post=9581"}],"version-history":[{"count":6,"href":"https:\/\/2cookinn.com\/pt\/wp-json\/wp\/v2\/product\/9581\/revisions"}],"predecessor-version":[{"id":10265,"href":"https:\/\/2cookinn.com\/pt\/wp-json\/wp\/v2\/product\/9581\/revisions\/10265"}],"wp:featuredmedia":[{"embeddable":true,"href":"https:\/\/2cookinn.com\/pt\/wp-json\/wp\/v2\/media\/10262"}],"wp:attachment":[{"href":"https:\/\/2cookinn.com\/pt\/wp-json\/wp\/v2\/media?parent=9581"}],"wp:term":[{"taxonomy":"product_brand","embeddable":true,"href":"https:\/\/2cookinn.com\/pt\/wp-json\/wp\/v2\/product_brand?post=9581"},{"taxonomy":"product_cat","embeddable":true,"href":"https:\/\/2cookinn.com\/pt\/wp-json\/wp\/v2\/product_cat?post=9581"},{"taxonomy":"product_tag","embeddable":true,"href":"https:\/\/2cookinn.com\/pt\/wp-json\/wp\/v2\/product_tag?post=9581"}],"curies":[{"name":"wp","href":"https:\/\/api.w.org\/{rel}","templated":true}]}}