{"id":9614,"date":"2024-09-20T22:00:48","date_gmt":"2024-09-20T22:00:48","guid":{"rendered":"https:\/\/2cookinn.com\/?post_type=product&#038;p=9614"},"modified":"2024-10-11T11:58:38","modified_gmt":"2024-10-11T11:58:38","slug":"paderno-forged-non-serrated-smooth-edge-knife-10-cm","status":"publish","type":"product","link":"https:\/\/2cookinn.com\/pt\/product\/paderno-forged-non-serrated-smooth-edge-knife-10-cm\/","title":{"rendered":"Faca Paderno Forjada sem Serrilha (L\u00e2mina lisa), 10 cm"},"content":{"rendered":"<div data-elementor-type=\"wp-post\" data-elementor-id=\"9614\" class=\"elementor elementor-9614\">\n\t\t\t\t<div class=\"elementor-element elementor-element-9f33226 e-flex e-con-boxed e-con e-parent\" data-id=\"9f33226\" data-element_type=\"container\" data-e-type=\"container\">\n\t\t\t\t\t<div class=\"e-con-inner\">\n\t\t\t\t<div class=\"elementor-element elementor-element-64d14be9 elementor-widget elementor-widget-text-editor\" data-id=\"64d14be9\" data-element_type=\"widget\" data-e-type=\"widget\" data-widget_type=\"text-editor.default\">\n\t\t\t\t<div class=\"elementor-widget-container\">\n\t\t\t\t\t\t\t\t\t<p><\/p>\n<p><\/p>\n<p><strong>Paderno <b>\u00a0Forged Non-Serrated (Smooth Edge) Knife, 10 cm<\/b><\/strong><\/p>\n<h3 class=\"wp-block-heading\" style=\"color: #7cd4d1;\"><strong>Caracter\u00edsticas principais<\/strong><\/h3>\n<h3 class=\"wp-block-heading\"><\/h3>\n<p><b>L\u00e2mina Forjada de Precis\u00e3o<\/b><span style=\"font-weight: 400;\"> The 10 cm smooth edge blade ensures clean and precise cuts, engineered for exceptional sharpness and durability.<\/span><\/p>\n<p><b>Conforto Superior<\/b><span style=\"font-weight: 400;\"> Ergonomically designed handle provides a secure and comfortable grip, minimizing hand fatigue during extended use.<\/span><\/p>\n<p><b>Constru\u00e7\u00e3o de Alta Qualidade:<\/b><span style=\"font-weight: 400;\"> Crafted from premium materials for long-lasting performance and reliability in a professional kitchen.<\/span><\/p>\n<p><b>Utiliza\u00e7\u00e3o vers\u00e1til:<\/b><span style=\"font-weight: 400;\"> Ideal for intricate cutting tasks such as peeling, trimming, and detailed work, essential for any culinary professional.<\/span><\/p>\n<h3 class=\"wp-block-heading\" style=\"color: #7cd4d1;\"><strong>Ideal para<\/strong><\/h3>\n<p><b>Corte pormenorizado:<\/b><span style=\"font-weight: 400;\"> Perfect for precision tasks, including peeling, trimming, and intricate work.<\/span><\/p>\n<p><b>Cozinha di\u00e1ria:<\/b><span style=\"font-weight: 400;\"> Essential for everyday kitchen tasks requiring superior control and sharpness.<\/span><\/p>\n<p><b>Resultados profissionais:<\/b><span style=\"font-weight: 400;\"> Garante um corte preciso e sem esfor\u00e7o, tanto para cozinheiros dom\u00e9sticos como para chefes profissionais.<\/span><\/p>\n<p class=\"wp-block-heading\"><\/p>\n<h3 class=\"wp-block-heading\"><\/h3>\t\t\t\t\t\t\t\t<\/div>\n\t\t\t\t<\/div>\n\t\t\t\t\t<\/div>\n\t\t\t\t<\/div>\n\t\t\t\t<\/div>","protected":false},"excerpt":{"rendered":"<p><!-- wp:heading {\"level\":3} --><\/p>\n<p><!-- wp:paragraph --><\/p>\n<h5><b>Faca Paderno Forjada sem Serrilha (L\u00e2mina lisa), 10 cm<\/b><\/h5>\n<h5><span style=\"font-weight: 400;\">Elevate your culinary precision with thePaderno Forged Non-Serrated (Smooth Edge) Knife. This 10 cm forged knife is designed for exceptional sharpness and comfort, making it an essential tool for both professional chefs and passionate home cooks.<\/span><\/h5>\n<h5><strong>Upgrade your kitchen arsenal with the Paderno Professional Knife Line and achieve superior cutting performance with every use.<\/strong><\/h5>\n<h5>\u00a0<\/h5>\n<p><!-- \/wp:paragraph --><\/p>","protected":false},"featured_media":10240,"comment_status":"open","ping_status":"closed","template":"","meta":{"_themeisle_gutenberg_block_has_review":false},"product_brand":[],"product_cat":[110],"product_tag":[],"class_list":{"0":"post-9614","1":"product","2":"type-product","3":"status-publish","4":"has-post-thumbnail","6":"product_cat-preparation","7":"product_shipping_class-ce-ate-05kg","9":"first","10":"instock","11":"shipping-taxable","12":"purchasable","13":"product-type-simple"},"_links":{"self":[{"href":"https:\/\/2cookinn.com\/pt\/wp-json\/wp\/v2\/product\/9614","targetHints":{"allow":["GET"]}}],"collection":[{"href":"https:\/\/2cookinn.com\/pt\/wp-json\/wp\/v2\/product"}],"about":[{"href":"https:\/\/2cookinn.com\/pt\/wp-json\/wp\/v2\/types\/product"}],"replies":[{"embeddable":true,"href":"https:\/\/2cookinn.com\/pt\/wp-json\/wp\/v2\/comments?post=9614"}],"version-history":[{"count":9,"href":"https:\/\/2cookinn.com\/pt\/wp-json\/wp\/v2\/product\/9614\/revisions"}],"predecessor-version":[{"id":10244,"href":"https:\/\/2cookinn.com\/pt\/wp-json\/wp\/v2\/product\/9614\/revisions\/10244"}],"wp:featuredmedia":[{"embeddable":true,"href":"https:\/\/2cookinn.com\/pt\/wp-json\/wp\/v2\/media\/10240"}],"wp:attachment":[{"href":"https:\/\/2cookinn.com\/pt\/wp-json\/wp\/v2\/media?parent=9614"}],"wp:term":[{"taxonomy":"product_brand","embeddable":true,"href":"https:\/\/2cookinn.com\/pt\/wp-json\/wp\/v2\/product_brand?post=9614"},{"taxonomy":"product_cat","embeddable":true,"href":"https:\/\/2cookinn.com\/pt\/wp-json\/wp\/v2\/product_cat?post=9614"},{"taxonomy":"product_tag","embeddable":true,"href":"https:\/\/2cookinn.com\/pt\/wp-json\/wp\/v2\/product_tag?post=9614"}],"curies":[{"name":"wp","href":"https:\/\/api.w.org\/{rel}","templated":true}]}}