{"id":9711,"date":"2024-09-20T23:10:12","date_gmt":"2024-09-20T23:10:12","guid":{"rendered":"https:\/\/2cookinn.com\/?post_type=product&#038;p=9711"},"modified":"2024-10-11T11:54:43","modified_gmt":"2024-10-11T11:54:43","slug":"sambonet-madame-bowl-20-5cm-pvd-gold-resin-green-base","status":"publish","type":"product","link":"https:\/\/2cookinn.com\/pt\/product\/sambonet-madame-bowl-20-5cm-pvd-gold-resin-green-base\/","title":{"rendered":"Suporte \"Madame\" Sambonet 30 cm PVD Rum, base em resina cor-de-rosa"},"content":{"rendered":"<div data-elementor-type=\"wp-post\" data-elementor-id=\"9711\" class=\"elementor elementor-9711\">\n\t\t\t\t<div class=\"elementor-element elementor-element-9f33226 e-flex e-con-boxed e-con e-parent\" data-id=\"9f33226\" data-element_type=\"container\" data-e-type=\"container\">\n\t\t\t\t\t<div class=\"e-con-inner\">\n\t\t\t\t<div class=\"elementor-element elementor-element-64d14be9 elementor-widget elementor-widget-text-editor\" data-id=\"64d14be9\" data-element_type=\"widget\" data-e-type=\"widget\" data-widget_type=\"text-editor.default\">\n\t\t\t\t<div class=\"elementor-widget-container\">\n\t\t\t\t\t\t\t\t\t<p><\/p>\n<p><\/p>\n<p><b>Sambonet \u201cMadame\u201d Bowl 20.5cm PVD Gold, Resin Green Base<\/b><\/p>\n<h3 class=\"wp-block-heading\" style=\"color: #7cd4d1;\"><strong>Caracter\u00edsticas principais<\/strong><\/h3>\n<h3 class=\"wp-block-heading\"><\/h3>\n<p><b>Base de resina distinta:<\/b><span style=\"font-weight: 400;\"> Apresenta uma base de resina feita \u00e0 m\u00e3o numa cor mineral rosa Onyx, garantindo que cada suporte \u00e9 exclusivamente elegante e acrescenta um toque de sofistica\u00e7\u00e3o a qualquer ambiente.<\/span><\/p>\n<p><b>Artesanato italiano:<\/b><span style=\"font-weight: 400;\"> Fabricadas em It\u00e1lia com uma aten\u00e7\u00e3o excecional aos detalhes, reflectem uma qualidade superior e um requinte intemporal.<\/span><\/p>\n<p><b>Revestimento PVD Rum:<\/b><span style=\"font-weight: 400;\"> Apresenta um revestimento inovador de cor PVD Rum em a\u00e7o inoxid\u00e1vel, proporcionando um acabamento luxuoso com uma durabilidade e resist\u00eancia \u00e0 corros\u00e3o excepcionais.<\/span><\/p>\n<p><b>Dimens\u00f5es elegantes:<\/b><span style=\"font-weight: 400;\"> Com 30 cm, este suporte foi concebido para melhorar a funcionalidade e a est\u00e9tica, tornando-o numa adi\u00e7\u00e3o impressionante a qualquer decora\u00e7\u00e3o.<\/span><\/p>\n<p>\u00a0<\/p>\n<h3 class=\"wp-block-heading\" style=\"color: #7cd4d1;\"><strong>Ideal para<\/strong><\/h3>\n<p><b>Ecr\u00e3 sofisticado:<\/b><span style=\"font-weight: 400;\"> Perfeita para expor objectos com um toque de luxo e eleg\u00e2ncia, ideal para decora\u00e7\u00e3o de casa e ambientes formais.<\/span><\/p>\n<p><b>Arte funcional:<\/b><span style=\"font-weight: 400;\"> Combina uma utiliza\u00e7\u00e3o pr\u00e1tica com um design requintado, adequado para elevar bolos, travessas ou pe\u00e7as decorativas.<\/span><\/p>\n<p><b>Prenda para coleccionadores:<\/b><span style=\"font-weight: 400;\"> Uma excelente escolha para quem aprecia pe\u00e7as \u00fanicas e de alta qualidade que combinam arte com eleg\u00e2ncia pr\u00e1tica.<\/span><\/p>\n<p>\u00a0<\/p>\n<p>\u00a0<\/p>\n<p>\u00a0<\/p>\n<p class=\"wp-block-heading\"><\/p>\n<h3 class=\"wp-block-heading\"><\/h3>\t\t\t\t\t\t\t\t<\/div>\n\t\t\t\t<\/div>\n\t\t\t\t\t<\/div>\n\t\t\t\t<\/div>\n\t\t\t\t<\/div>","protected":false},"excerpt":{"rendered":"<p><!-- wp:heading {\"level\":3} --><\/p>\n<p><!-- wp:paragraph --><\/p>\n<h5><b>Suporte \"Madame\" Sambonet 30 cm PVD Rum, base em resina cor-de-rosa<\/b><\/h5>\n<h5><span style=\"font-weight: 400;\">Apresentamos mais uma pe\u00e7a requintada da cole\u00e7\u00e3o <\/span><b>&#8220;Madame&#8221;<\/b><span style=\"font-weight: 400;\"> , <\/span><b>Madame Stand 30 cm<\/b><span style=\"font-weight: 400;\">. Este suporte deslumbrante apresenta uma base de resina nobre numa delicada tonalidade rosa Onyx, emparelhada com um luxuoso revestimento PVD Rum na sua superf\u00edcie de a\u00e7o inoxid\u00e1vel. Com 30 cm de altura, este suporte \u00e9 fabricado com uma meticulosa arte italiana, garantindo que cada pe\u00e7a \u00e9 \u00fanica, elegante e refinada.<\/span><\/h5>\n<h5><strong>Eleve o seu espa\u00e7o com a sofistica\u00e7\u00e3o inigual\u00e1vel da cole\u00e7\u00e3o \"Madame\", onde cada pe\u00e7a combina luxo intemporal com design moderno.<\/strong><\/h5>\n<p><!-- \/wp:paragraph --><\/p>","protected":false},"featured_media":10210,"comment_status":"open","ping_status":"closed","template":"","meta":{"_themeisle_gutenberg_block_has_review":false},"product_brand":[],"product_cat":[124,60,61,123],"product_tag":[],"class_list":{"0":"post-9711","1":"product","2":"type-product","3":"status-publish","4":"has-post-thumbnail","6":"product_cat-decoration","7":"product_cat-fun","8":"product_cat-serving","9":"product_cat-trays","10":"product_shipping_class-ce-ate-3kg","12":"first","13":"instock","14":"shipping-taxable","15":"purchasable","16":"product-type-simple"},"_links":{"self":[{"href":"https:\/\/2cookinn.com\/pt\/wp-json\/wp\/v2\/product\/9711","targetHints":{"allow":["GET"]}}],"collection":[{"href":"https:\/\/2cookinn.com\/pt\/wp-json\/wp\/v2\/product"}],"about":[{"href":"https:\/\/2cookinn.com\/pt\/wp-json\/wp\/v2\/types\/product"}],"replies":[{"embeddable":true,"href":"https:\/\/2cookinn.com\/pt\/wp-json\/wp\/v2\/comments?post=9711"}],"version-history":[{"count":12,"href":"https:\/\/2cookinn.com\/pt\/wp-json\/wp\/v2\/product\/9711\/revisions"}],"predecessor-version":[{"id":10213,"href":"https:\/\/2cookinn.com\/pt\/wp-json\/wp\/v2\/product\/9711\/revisions\/10213"}],"wp:featuredmedia":[{"embeddable":true,"href":"https:\/\/2cookinn.com\/pt\/wp-json\/wp\/v2\/media\/10210"}],"wp:attachment":[{"href":"https:\/\/2cookinn.com\/pt\/wp-json\/wp\/v2\/media?parent=9711"}],"wp:term":[{"taxonomy":"product_brand","embeddable":true,"href":"https:\/\/2cookinn.com\/pt\/wp-json\/wp\/v2\/product_brand?post=9711"},{"taxonomy":"product_cat","embeddable":true,"href":"https:\/\/2cookinn.com\/pt\/wp-json\/wp\/v2\/product_cat?post=9711"},{"taxonomy":"product_tag","embeddable":true,"href":"https:\/\/2cookinn.com\/pt\/wp-json\/wp\/v2\/product_tag?post=9711"}],"curies":[{"name":"wp","href":"https:\/\/api.w.org\/{rel}","templated":true}]}}