{"id":9807,"date":"2024-09-21T20:41:50","date_gmt":"2024-09-21T20:41:50","guid":{"rendered":"https:\/\/2cookinn.com\/?post_type=product&#038;p=9807"},"modified":"2024-10-19T17:19:05","modified_gmt":"2024-10-19T17:19:05","slug":"alessi-plisse-electric-toaster_green","status":"publish","type":"product","link":"https:\/\/2cookinn.com\/pt\/product\/alessi-plisse-electric-toaster_green\/","title":{"rendered":"Torradeira el\u00e9ctrica Alessi Pliss\u00e9"},"content":{"rendered":"<div data-elementor-type=\"wp-post\" data-elementor-id=\"9807\" class=\"elementor elementor-9807\">\n\t\t\t\t<div class=\"elementor-element elementor-element-9f33226 e-flex e-con-boxed e-con e-parent\" data-id=\"9f33226\" data-element_type=\"container\" data-e-type=\"container\">\n\t\t\t\t\t<div class=\"e-con-inner\">\n\t\t\t\t<div class=\"elementor-element elementor-element-64d14be9 elementor-widget elementor-widget-text-editor\" data-id=\"64d14be9\" data-element_type=\"widget\" data-e-type=\"widget\" data-widget_type=\"text-editor.default\">\n\t\t\t\t<div class=\"elementor-widget-container\">\n\t\t\t\t\t\t\t\t\t<p><\/p>\n<p><\/p>\n<p><b>Torradeira el\u00e9ctrica Alessi Pliss\u00e9<\/b><\/p>\n<h3 class=\"wp-block-heading\" style=\"color: #7cd4d1;\"><strong>Caracter\u00edsticas principais<\/strong><span style=\"font-weight: 400;\">\u00a0<\/span><\/h3>\n<h3 class=\"wp-block-heading\"><\/h3>\n<p><b>Design ic\u00f3nico<\/b><span style=\"font-weight: 400;\">: Inspirado no tecido plissado, confere eleg\u00e2ncia a qualquer cozinha.<\/span><\/p>\n<p><b>N\u00edveis de tostar regul\u00e1veis<\/b><span style=\"font-weight: 400;\">: Seis defini\u00e7\u00f5es para personalizar sempre a torrada perfeita.<\/span><\/p>\n<p><b>Controlos f\u00e1ceis de utilizar<\/b><span style=\"font-weight: 400;\">: Fun\u00e7\u00f5es simples para uma tostagem f\u00e1cil e sem esfor\u00e7o.<\/span><\/p>\n<p><b>Tamanho compacto<\/b><span style=\"font-weight: 400;\">: Design economizador de espa\u00e7o, perfeito para cozinhas modernas.<\/span><\/p>\n<p><b>Seguro e fi\u00e1vel<\/b><span style=\"font-weight: 400;\">: V\u00e1rias carater\u00edsticas de seguran\u00e7a garantem uma experi\u00eancia de tostagem sem preocupa\u00e7\u00f5es.<\/span><\/p>\n<h3 class=\"wp-block-heading\" style=\"color: #7cd4d1;\"><strong>Ideal para<\/strong><\/h3>\n<p><b>Pequenos-almo\u00e7os com estilo<\/b><span style=\"font-weight: 400;\">: Melhore a sua rotina matinal com p\u00e3o e bolos perfeitamente tostados.<\/span><\/p>\n<p><b>Cozinhas modernas<\/b><span style=\"font-weight: 400;\">: Complementa a decora\u00e7\u00e3o moderna da cozinha com o seu design escultural.<\/span><\/p>\n<p><b>Tostagem sem esfor\u00e7o<\/b><span style=\"font-weight: 400;\">: Ideal tanto para pequenos-almo\u00e7os quotidianos como para reuni\u00f5es familiares.<\/span><\/p>\n<p><b>Presentes com estilo<\/b><span style=\"font-weight: 400;\">: Um presente perfeito para os entusiastas do design ou para qualquer pessoa que pretenda atualizar a sua cozinha.<\/span><\/p>\n<p>\u00a0<\/p>\n<p class=\"wp-block-heading\"><\/p>\n<h3 class=\"wp-block-heading\"><\/h3>\t\t\t\t\t\t\t\t<\/div>\n\t\t\t\t<\/div>\n\t\t\t\t\t<\/div>\n\t\t\t\t<\/div>\n\t\t\t\t<\/div>","protected":false},"excerpt":{"rendered":"<h5><span style=\"font-weight: 400;\">D\u00ea um toque de eleg\u00e2ncia \u00e0 sua cozinha com a <\/span><b>Torradeira el\u00e9ctrica Alessi Pliss\u00e9<\/b><span style=\"font-weight: 400;\">, design da <\/span><b>Michele De Lucchi<\/b><span style=\"font-weight: 400;\">. Inspirada no tecido plissado da alta costura, esta torradeira combina um design ic\u00f3nico com a funcionalidade quotidiana, o que a torna um complemento de destaque para qualquer casa moderna<\/span><\/h5>\n<h5><span style=\"font-weight: 400;\">Com seis n\u00edveis de douradura ajust\u00e1veis, pode conseguir p\u00e3o e bolos perfeitamente tostados com facilidade. O seu tamanho compacto \u00e9 perfeito para expor na sua bancada, sem ocupar muito espa\u00e7o, ao mesmo tempo que oferece um aspeto elegante e moderno.<\/span><\/h5>\n<h5><span style=\"font-weight: 400;\">Equipado com controlos f\u00e1ceis de utilizar e m\u00faltiplas carater\u00edsticas de seguran\u00e7a, o <\/span><b>Pliss\u00e9 Toaster<\/b><span style=\"font-weight: 400;\"> garante uma tostagem segura e sem esfor\u00e7o, trazendo sofistica\u00e7\u00e3o e comodidade \u00e0 sua rotina di\u00e1ria de pequeno-almo\u00e7o.<\/span><\/h5>","protected":false},"featured_media":10301,"comment_status":"open","ping_status":"closed","template":"","meta":{"_themeisle_gutenberg_block_has_review":false},"product_brand":[],"product_cat":[60],"product_tag":[],"class_list":{"0":"post-9807","1":"product","2":"type-product","3":"status-publish","4":"has-post-thumbnail","6":"product_cat-fun","7":"product_shipping_class-ce-ate-3kg","9":"first","10":"instock","11":"shipping-taxable","12":"purchasable","13":"product-type-variable"},"_links":{"self":[{"href":"https:\/\/2cookinn.com\/pt\/wp-json\/wp\/v2\/product\/9807","targetHints":{"allow":["GET"]}}],"collection":[{"href":"https:\/\/2cookinn.com\/pt\/wp-json\/wp\/v2\/product"}],"about":[{"href":"https:\/\/2cookinn.com\/pt\/wp-json\/wp\/v2\/types\/product"}],"replies":[{"embeddable":true,"href":"https:\/\/2cookinn.com\/pt\/wp-json\/wp\/v2\/comments?post=9807"}],"version-history":[{"count":8,"href":"https:\/\/2cookinn.com\/pt\/wp-json\/wp\/v2\/product\/9807\/revisions"}],"predecessor-version":[{"id":11417,"href":"https:\/\/2cookinn.com\/pt\/wp-json\/wp\/v2\/product\/9807\/revisions\/11417"}],"wp:featuredmedia":[{"embeddable":true,"href":"https:\/\/2cookinn.com\/pt\/wp-json\/wp\/v2\/media\/10301"}],"wp:attachment":[{"href":"https:\/\/2cookinn.com\/pt\/wp-json\/wp\/v2\/media?parent=9807"}],"wp:term":[{"taxonomy":"product_brand","embeddable":true,"href":"https:\/\/2cookinn.com\/pt\/wp-json\/wp\/v2\/product_brand?post=9807"},{"taxonomy":"product_cat","embeddable":true,"href":"https:\/\/2cookinn.com\/pt\/wp-json\/wp\/v2\/product_cat?post=9807"},{"taxonomy":"product_tag","embeddable":true,"href":"https:\/\/2cookinn.com\/pt\/wp-json\/wp\/v2\/product_tag?post=9807"}],"curies":[{"name":"wp","href":"https:\/\/api.w.org\/{rel}","templated":true}]}}